{"id":67,"date":"2022-09-04T17:53:22","date_gmt":"2022-09-04T15:53:22","guid":{"rendered":"https:\/\/collegeguilhermy.wordpress.com\/?page_id=67"},"modified":"2022-10-21T13:55:24","modified_gmt":"2022-10-21T11:55:24","slug":"accueil","status":"publish","type":"page","link":"https:\/\/fcpe-college-sabineweiss.le-pic.org\/index.php\/accueil\/","title":{"rendered":"Qui sommes nous ?"},"content":{"rendered":"\n<div class=\"wp-block-media-text alignwide is-stacked-on-mobile is-vertically-aligned-top\" style=\"grid-template-columns:37% auto\"><figure class=\"wp-block-media-text__media\"><img loading=\"lazy\" decoding=\"async\" width=\"945\" height=\"833\" src=\"https:\/\/fcpe-guilhermy-st1.le-pic.org\/wp-content\/uploads\/2022\/09\/9b066ce5-74c1-4c54-b2db-28be6cd919a9.jpeg?w=750\" alt=\"\" class=\"wp-image-56 size-full\" srcset=\"https:\/\/fcpe-college-sabineweiss.le-pic.org\/wp-content\/uploads\/2022\/09\/9b066ce5-74c1-4c54-b2db-28be6cd919a9.jpeg 945w, https:\/\/fcpe-college-sabineweiss.le-pic.org\/wp-content\/uploads\/2022\/09\/9b066ce5-74c1-4c54-b2db-28be6cd919a9-300x264.jpeg 300w, https:\/\/fcpe-college-sabineweiss.le-pic.org\/wp-content\/uploads\/2022\/09\/9b066ce5-74c1-4c54-b2db-28be6cd919a9-768x677.jpeg 768w\" sizes=\"auto, (max-width: 945px) 100vw, 945px\" \/><\/figure><div class=\"wp-block-media-text__content\">\n<p>Bienvenue sur le site du Conseil Local FCPE du coll\u00e8ge Guilhermy de Toulouse.<\/p>\n\n\n\n<p>La FCPE est une association loi 1901 reconnue d&rsquo;utilit\u00e9 publique, pr\u00e9sente sur l&rsquo;ensemble du territoire.<\/p>\n\n\n\n<p>Ce n&rsquo;est ni un syndicat, ni un parti politique mais un vaste r\u00e9seau de parents d&rsquo;\u00e9l\u00e8ves adh\u00e9rents et \u00e9lus dans les \u00e9coles maternelles, \u00e9l\u00e9mentaires, les coll\u00e8ges et les lyc\u00e9es de l&rsquo;enseignement public.<\/p>\n\n\n\n<p>Un conseil local FCPE c&rsquo;est : <\/p>\n\n\n\n<p>Une \u00e9quipe de parents b\u00e9n\u00e9voles et dynamiques,  pour repr\u00e9senter les parents au sein des instances du coll\u00e8ge, aupr\u00e8s des \u00e9quipes encadrantes et enseignantes, mais aussi des instances locales : Rectorat, Conseil D\u00e9partemental, Mairie&#8230;<\/p>\n\n\n\n<p>Notre action porte sur les conditions de vie au coll\u00e8ge afin qu\u2019elles soient propices aux apprentissages, que la r\u00e9ussite soit au rendez-vous pour tous les \u00e9l\u00e8ves et qu&rsquo;elles favorisent l&rsquo;\u00e9panouissement de chaque \u00e9l\u00e8ve en lui permettant de d\u00e9velopper ses potentialit\u00e9s et de devenir un citoyen \u00e9clair\u00e9. Nous agissons aussi pour d\u00e9velopper un dialogue constructif entre les parents et le coll\u00e8ge.<\/p>\n\n\n\n<figure class=\"wp-block-image size-full is-style-rounded\"><img loading=\"lazy\" decoding=\"async\" width=\"382\" height=\"152\" src=\"https:\/\/fcpe-guilhermy-st1.le-pic.org\/wp-content\/uploads\/2022\/09\/oip.jpg\" alt=\"\" class=\"wp-image-39\" srcset=\"https:\/\/fcpe-college-sabineweiss.le-pic.org\/wp-content\/uploads\/2022\/09\/oip.jpg 382w, https:\/\/fcpe-college-sabineweiss.le-pic.org\/wp-content\/uploads\/2022\/09\/oip-300x119.jpg 300w\" sizes=\"auto, (max-width: 382px) 100vw, 382px\" \/><\/figure>\n<\/div><\/div>\n\n\n\n<p><strong>Notre profession de foi<\/strong><\/p>\n\n\n\n<div data-wp-interactive=\"core\/file\" class=\"wp-block-file\"><object data-wp-bind--hidden=\"!state.hasPdfPreview\" hidden class=\"wp-block-file__embed\" data=\"https:\/\/fcpe-college-sabineweiss.le-pic.org\/wp-content\/uploads\/2022\/10\/Profession-de-foi-FCPE-College-Guilhermy-vdef.pdf\" type=\"application\/pdf\" style=\"width:100%;height:600px\" aria-label=\"Contenu embarqu\u00e9 Contenu embarqu\u00e9 Profession-de-foi-FCPE-College-Guilhermy-vdef..\"><\/object><a id=\"wp-block-file--media-a2934fc6-1921-4223-bd07-8c11474c752a\" href=\"https:\/\/fcpe-college-sabineweiss.le-pic.org\/wp-content\/uploads\/2022\/10\/Profession-de-foi-FCPE-College-Guilhermy-vdef.pdf\">Profession-de-foi-FCPE-College-Guilhermy-vdef<\/a><a href=\"https:\/\/fcpe-college-sabineweiss.le-pic.org\/wp-content\/uploads\/2022\/10\/Profession-de-foi-FCPE-College-Guilhermy-vdef.pdf\" class=\"wp-block-file__button\" download aria-describedby=\"wp-block-file--media-a2934fc6-1921-4223-bd07-8c11474c752a\">T\u00e9l\u00e9charger<\/a><\/div>\n\n\n\n<div style=\"height:32px\" aria-hidden=\"true\" class=\"wp-block-spacer\"><\/div>\n\n\n\n<div style=\"height:32px\" aria-hidden=\"true\" class=\"wp-block-spacer\"><\/div>\n\n\n\n<hr class=\"wp-block-separator has-css-opacity is-style-wide\"\/>\n\n\n\n<div style=\"height:32px\" aria-hidden=\"true\" class=\"wp-block-spacer\"><\/div>\n\n\n\n<div style=\"height:64px\" aria-hidden=\"true\" class=\"wp-block-spacer\"><\/div>\n\n\n\n<div class=\"wp-block-group alignfull has-background-light-background-color has-background\"><div class=\"wp-block-group__inner-container is-layout-flow wp-block-group-is-layout-flow\">\n<div style=\"height:32px\" aria-hidden=\"true\" class=\"wp-block-spacer\"><\/div>\n\n\n\n<div class=\"wp-block-columns alignwide is-layout-flex wp-container-core-columns-is-layout-9d6595d7 wp-block-columns-is-layout-flex\">\n<div class=\"wp-block-column is-layout-flow wp-block-column-is-layout-flow\">\n<h4 class=\"has-text-align-center wp-block-heading\">\u00c0 propos<\/h4>\n\n\n<div class=\"wp-block-image\">\n<figure class=\"aligncenter size-large\"><img loading=\"lazy\" decoding=\"async\" width=\"945\" height=\"833\" src=\"https:\/\/fcpe-guilhermy-st1.le-pic.org\/wp-content\/uploads\/2022\/09\/img_4953.jpg?w=945\" alt=\"\" class=\"wp-image-69\" srcset=\"https:\/\/fcpe-college-sabineweiss.le-pic.org\/wp-content\/uploads\/2022\/09\/img_4953.jpg 945w, https:\/\/fcpe-college-sabineweiss.le-pic.org\/wp-content\/uploads\/2022\/09\/img_4953-300x264.jpg 300w, https:\/\/fcpe-college-sabineweiss.le-pic.org\/wp-content\/uploads\/2022\/09\/img_4953-768x677.jpg 768w\" sizes=\"auto, (max-width: 945px) 100vw, 945px\" \/><\/figure>\n<\/div>\n\n\n<p>Le conseil local FCPE du coll\u00e8ge Guilhermy est compos\u00e9 de parents b\u00e9n\u00e9voles \u2026<\/p>\n<\/div>\n\n\n\n<div class=\"wp-block-column is-layout-flow wp-block-column-is-layout-flow\">\n<h4 class=\"has-text-align-center wp-block-heading\">Contactez-nous&nbsp;!<\/h4>\n\n\n\n<p>parents.college-guilhermy@etik.com<\/p>\n<\/div>\n<\/div>\n\n\n\n<div style=\"height:32px\" aria-hidden=\"true\" class=\"wp-block-spacer\"><\/div>\n<\/div><\/div>\n\n\n\n<p><\/p>\n","protected":false},"excerpt":{"rendered":"<p>Notre profession de foi \u00c0 propos Le conseil local FCPE du coll\u00e8ge Guilhermy est compos\u00e9 de parents b\u00e9n\u00e9voles \u2026 Contactez-nous&nbsp;! parents.college-guilhermy@etik.com<\/p>\n","protected":false},"author":2,"featured_media":0,"parent":0,"menu_order":0,"comment_status":"closed","ping_status":"closed","template":"","meta":{"footnotes":""},"class_list":["post-67","page","type-page","status-publish","hentry"],"yoast_head":"<!-- This site is optimized with the Yoast SEO plugin v27.4 - https:\/\/yoast.com\/product\/yoast-seo-wordpress\/ -->\n<title>Qui sommes nous ? - FCPE Coll\u00e8ge Sabine Weiss Toulouse<\/title>\n<meta name=\"robots\" content=\"index, follow, max-snippet:-1, max-image-preview:large, max-video-preview:-1\" \/>\n<link rel=\"canonical\" href=\"https:\/\/fcpe-college-sabineweiss.le-pic.org\/index.php\/accueil\/\" \/>\n<meta property=\"og:locale\" content=\"fr_FR\" \/>\n<meta property=\"og:type\" content=\"article\" \/>\n<meta property=\"og:title\" content=\"Qui sommes nous ? - FCPE Coll\u00e8ge Sabine Weiss Toulouse\" \/>\n<meta property=\"og:description\" content=\"Notre profession de foi \u00c0 propos Le conseil local FCPE du coll\u00e8ge Guilhermy est compos\u00e9 de parents b\u00e9n\u00e9voles \u2026 Contactez-nous&nbsp;! parents.college-guilhermy@etik.com\" \/>\n<meta property=\"og:url\" content=\"https:\/\/fcpe-college-sabineweiss.le-pic.org\/index.php\/accueil\/\" \/>\n<meta property=\"og:site_name\" content=\"FCPE Coll\u00e8ge Sabine Weiss Toulouse\" \/>\n<meta property=\"article:publisher\" content=\"https:\/\/www.facebook.com\/groups\/collegeguilhermy\" \/>\n<meta property=\"article:modified_time\" content=\"2022-10-21T11:55:24+00:00\" \/>\n<meta property=\"og:image\" content=\"https:\/\/fcpe-guilhermy-st1.le-pic.org\/wp-content\/uploads\/2022\/09\/9b066ce5-74c1-4c54-b2db-28be6cd919a9.jpeg?w=750\" \/>\n<meta name=\"twitter:card\" content=\"summary_large_image\" \/>\n<meta name=\"twitter:label1\" content=\"Dur\u00e9e de lecture estim\u00e9e\" \/>\n\t<meta name=\"twitter:data1\" content=\"2 minutes\" \/>\n<script type=\"application\/ld+json\" class=\"yoast-schema-graph\">{\"@context\":\"https:\\\/\\\/schema.org\",\"@graph\":[{\"@type\":\"WebPage\",\"@id\":\"https:\\\/\\\/fcpe-college-sabineweiss.le-pic.org\\\/index.php\\\/accueil\\\/\",\"url\":\"https:\\\/\\\/fcpe-college-sabineweiss.le-pic.org\\\/index.php\\\/accueil\\\/\",\"name\":\"Qui sommes nous ? - FCPE Coll\u00e8ge Sabine Weiss Toulouse\",\"isPartOf\":{\"@id\":\"https:\\\/\\\/fcpe-college-sabineweiss.le-pic.org\\\/#website\"},\"primaryImageOfPage\":{\"@id\":\"https:\\\/\\\/fcpe-college-sabineweiss.le-pic.org\\\/index.php\\\/accueil\\\/#primaryimage\"},\"image\":{\"@id\":\"https:\\\/\\\/fcpe-college-sabineweiss.le-pic.org\\\/index.php\\\/accueil\\\/#primaryimage\"},\"thumbnailUrl\":\"https:\\\/\\\/fcpe-guilhermy-st1.le-pic.org\\\/wp-content\\\/uploads\\\/2022\\\/09\\\/9b066ce5-74c1-4c54-b2db-28be6cd919a9.jpeg?w=750\",\"datePublished\":\"2022-09-04T15:53:22+00:00\",\"dateModified\":\"2022-10-21T11:55:24+00:00\",\"breadcrumb\":{\"@id\":\"https:\\\/\\\/fcpe-college-sabineweiss.le-pic.org\\\/index.php\\\/accueil\\\/#breadcrumb\"},\"inLanguage\":\"fr-FR\",\"potentialAction\":[{\"@type\":\"ReadAction\",\"target\":[\"https:\\\/\\\/fcpe-college-sabineweiss.le-pic.org\\\/index.php\\\/accueil\\\/\"]}]},{\"@type\":\"ImageObject\",\"inLanguage\":\"fr-FR\",\"@id\":\"https:\\\/\\\/fcpe-college-sabineweiss.le-pic.org\\\/index.php\\\/accueil\\\/#primaryimage\",\"url\":\"https:\\\/\\\/fcpe-guilhermy-st1.le-pic.org\\\/wp-content\\\/uploads\\\/2022\\\/09\\\/9b066ce5-74c1-4c54-b2db-28be6cd919a9.jpeg?w=750\",\"contentUrl\":\"https:\\\/\\\/fcpe-guilhermy-st1.le-pic.org\\\/wp-content\\\/uploads\\\/2022\\\/09\\\/9b066ce5-74c1-4c54-b2db-28be6cd919a9.jpeg?w=750\"},{\"@type\":\"BreadcrumbList\",\"@id\":\"https:\\\/\\\/fcpe-college-sabineweiss.le-pic.org\\\/index.php\\\/accueil\\\/#breadcrumb\",\"itemListElement\":[{\"@type\":\"ListItem\",\"position\":1,\"name\":\"Accueil\",\"item\":\"https:\\\/\\\/fcpe-college-sabineweiss.le-pic.org\\\/\"},{\"@type\":\"ListItem\",\"position\":2,\"name\":\"Qui sommes nous ?\"}]},{\"@type\":\"WebSite\",\"@id\":\"https:\\\/\\\/fcpe-college-sabineweiss.le-pic.org\\\/#website\",\"url\":\"https:\\\/\\\/fcpe-college-sabineweiss.le-pic.org\\\/\",\"name\":\"FCPE Coll\u00e8ge Sabine Weiss Toulouse\",\"description\":\"Agir, informer et repr\u00e9senter les parents d&#039;\u00e9l\u00e8ves du coll\u00e8ge Sabine Weiss de Toulouse (ex-Guilhermy)\",\"publisher\":{\"@id\":\"https:\\\/\\\/fcpe-college-sabineweiss.le-pic.org\\\/#organization\"},\"potentialAction\":[{\"@type\":\"SearchAction\",\"target\":{\"@type\":\"EntryPoint\",\"urlTemplate\":\"https:\\\/\\\/fcpe-college-sabineweiss.le-pic.org\\\/?s={search_term_string}\"},\"query-input\":{\"@type\":\"PropertyValueSpecification\",\"valueRequired\":true,\"valueName\":\"search_term_string\"}}],\"inLanguage\":\"fr-FR\"},{\"@type\":\"Organization\",\"@id\":\"https:\\\/\\\/fcpe-college-sabineweiss.le-pic.org\\\/#organization\",\"name\":\"FCPE Coll\u00e8ge Sabine Weiss Toulouse\",\"url\":\"https:\\\/\\\/fcpe-college-sabineweiss.le-pic.org\\\/\",\"logo\":{\"@type\":\"ImageObject\",\"inLanguage\":\"fr-FR\",\"@id\":\"https:\\\/\\\/fcpe-college-sabineweiss.le-pic.org\\\/#\\\/schema\\\/logo\\\/image\\\/\",\"url\":\"https:\\\/\\\/fcpe-college-sabineweiss.le-pic.org\\\/wp-content\\\/uploads\\\/2022\\\/10\\\/College.png\",\"contentUrl\":\"https:\\\/\\\/fcpe-college-sabineweiss.le-pic.org\\\/wp-content\\\/uploads\\\/2022\\\/10\\\/College.png\",\"width\":500,\"height\":500,\"caption\":\"FCPE Coll\u00e8ge Sabine Weiss Toulouse\"},\"image\":{\"@id\":\"https:\\\/\\\/fcpe-college-sabineweiss.le-pic.org\\\/#\\\/schema\\\/logo\\\/image\\\/\"},\"sameAs\":[\"https:\\\/\\\/www.facebook.com\\\/groups\\\/collegeguilhermy\"]}]}<\/script>\n<!-- \/ Yoast SEO plugin. -->","yoast_head_json":{"title":"Qui sommes nous ? - FCPE Coll\u00e8ge Sabine Weiss Toulouse","robots":{"index":"index","follow":"follow","max-snippet":"max-snippet:-1","max-image-preview":"max-image-preview:large","max-video-preview":"max-video-preview:-1"},"canonical":"https:\/\/fcpe-college-sabineweiss.le-pic.org\/index.php\/accueil\/","og_locale":"fr_FR","og_type":"article","og_title":"Qui sommes nous ? - FCPE Coll\u00e8ge Sabine Weiss Toulouse","og_description":"Notre profession de foi \u00c0 propos Le conseil local FCPE du coll\u00e8ge Guilhermy est compos\u00e9 de parents b\u00e9n\u00e9voles \u2026 Contactez-nous&nbsp;! parents.college-guilhermy@etik.com","og_url":"https:\/\/fcpe-college-sabineweiss.le-pic.org\/index.php\/accueil\/","og_site_name":"FCPE Coll\u00e8ge Sabine Weiss Toulouse","article_publisher":"https:\/\/www.facebook.com\/groups\/collegeguilhermy","article_modified_time":"2022-10-21T11:55:24+00:00","og_image":[{"url":"https:\/\/fcpe-guilhermy-st1.le-pic.org\/wp-content\/uploads\/2022\/09\/9b066ce5-74c1-4c54-b2db-28be6cd919a9.jpeg?w=750","type":"","width":"","height":""}],"twitter_card":"summary_large_image","twitter_misc":{"Dur\u00e9e de lecture estim\u00e9e":"2 minutes"},"schema":{"@context":"https:\/\/schema.org","@graph":[{"@type":"WebPage","@id":"https:\/\/fcpe-college-sabineweiss.le-pic.org\/index.php\/accueil\/","url":"https:\/\/fcpe-college-sabineweiss.le-pic.org\/index.php\/accueil\/","name":"Qui sommes nous ? - FCPE Coll\u00e8ge Sabine Weiss Toulouse","isPartOf":{"@id":"https:\/\/fcpe-college-sabineweiss.le-pic.org\/#website"},"primaryImageOfPage":{"@id":"https:\/\/fcpe-college-sabineweiss.le-pic.org\/index.php\/accueil\/#primaryimage"},"image":{"@id":"https:\/\/fcpe-college-sabineweiss.le-pic.org\/index.php\/accueil\/#primaryimage"},"thumbnailUrl":"https:\/\/fcpe-guilhermy-st1.le-pic.org\/wp-content\/uploads\/2022\/09\/9b066ce5-74c1-4c54-b2db-28be6cd919a9.jpeg?w=750","datePublished":"2022-09-04T15:53:22+00:00","dateModified":"2022-10-21T11:55:24+00:00","breadcrumb":{"@id":"https:\/\/fcpe-college-sabineweiss.le-pic.org\/index.php\/accueil\/#breadcrumb"},"inLanguage":"fr-FR","potentialAction":[{"@type":"ReadAction","target":["https:\/\/fcpe-college-sabineweiss.le-pic.org\/index.php\/accueil\/"]}]},{"@type":"ImageObject","inLanguage":"fr-FR","@id":"https:\/\/fcpe-college-sabineweiss.le-pic.org\/index.php\/accueil\/#primaryimage","url":"https:\/\/fcpe-guilhermy-st1.le-pic.org\/wp-content\/uploads\/2022\/09\/9b066ce5-74c1-4c54-b2db-28be6cd919a9.jpeg?w=750","contentUrl":"https:\/\/fcpe-guilhermy-st1.le-pic.org\/wp-content\/uploads\/2022\/09\/9b066ce5-74c1-4c54-b2db-28be6cd919a9.jpeg?w=750"},{"@type":"BreadcrumbList","@id":"https:\/\/fcpe-college-sabineweiss.le-pic.org\/index.php\/accueil\/#breadcrumb","itemListElement":[{"@type":"ListItem","position":1,"name":"Accueil","item":"https:\/\/fcpe-college-sabineweiss.le-pic.org\/"},{"@type":"ListItem","position":2,"name":"Qui sommes nous ?"}]},{"@type":"WebSite","@id":"https:\/\/fcpe-college-sabineweiss.le-pic.org\/#website","url":"https:\/\/fcpe-college-sabineweiss.le-pic.org\/","name":"FCPE Coll\u00e8ge Sabine Weiss Toulouse","description":"Agir, informer et repr\u00e9senter les parents d&#039;\u00e9l\u00e8ves du coll\u00e8ge Sabine Weiss de Toulouse (ex-Guilhermy)","publisher":{"@id":"https:\/\/fcpe-college-sabineweiss.le-pic.org\/#organization"},"potentialAction":[{"@type":"SearchAction","target":{"@type":"EntryPoint","urlTemplate":"https:\/\/fcpe-college-sabineweiss.le-pic.org\/?s={search_term_string}"},"query-input":{"@type":"PropertyValueSpecification","valueRequired":true,"valueName":"search_term_string"}}],"inLanguage":"fr-FR"},{"@type":"Organization","@id":"https:\/\/fcpe-college-sabineweiss.le-pic.org\/#organization","name":"FCPE Coll\u00e8ge Sabine Weiss Toulouse","url":"https:\/\/fcpe-college-sabineweiss.le-pic.org\/","logo":{"@type":"ImageObject","inLanguage":"fr-FR","@id":"https:\/\/fcpe-college-sabineweiss.le-pic.org\/#\/schema\/logo\/image\/","url":"https:\/\/fcpe-college-sabineweiss.le-pic.org\/wp-content\/uploads\/2022\/10\/College.png","contentUrl":"https:\/\/fcpe-college-sabineweiss.le-pic.org\/wp-content\/uploads\/2022\/10\/College.png","width":500,"height":500,"caption":"FCPE Coll\u00e8ge Sabine Weiss Toulouse"},"image":{"@id":"https:\/\/fcpe-college-sabineweiss.le-pic.org\/#\/schema\/logo\/image\/"},"sameAs":["https:\/\/www.facebook.com\/groups\/collegeguilhermy"]}]}},"_links":{"self":[{"href":"https:\/\/fcpe-college-sabineweiss.le-pic.org\/index.php\/wp-json\/wp\/v2\/pages\/67","targetHints":{"allow":["GET"]}}],"collection":[{"href":"https:\/\/fcpe-college-sabineweiss.le-pic.org\/index.php\/wp-json\/wp\/v2\/pages"}],"about":[{"href":"https:\/\/fcpe-college-sabineweiss.le-pic.org\/index.php\/wp-json\/wp\/v2\/types\/page"}],"author":[{"embeddable":true,"href":"https:\/\/fcpe-college-sabineweiss.le-pic.org\/index.php\/wp-json\/wp\/v2\/users\/2"}],"replies":[{"embeddable":true,"href":"https:\/\/fcpe-college-sabineweiss.le-pic.org\/index.php\/wp-json\/wp\/v2\/comments?post=67"}],"version-history":[{"count":2,"href":"https:\/\/fcpe-college-sabineweiss.le-pic.org\/index.php\/wp-json\/wp\/v2\/pages\/67\/revisions"}],"predecessor-version":[{"id":816,"href":"https:\/\/fcpe-college-sabineweiss.le-pic.org\/index.php\/wp-json\/wp\/v2\/pages\/67\/revisions\/816"}],"wp:attachment":[{"href":"https:\/\/fcpe-college-sabineweiss.le-pic.org\/index.php\/wp-json\/wp\/v2\/media?parent=67"}],"curies":[{"name":"wp","href":"https:\/\/api.w.org\/{rel}","templated":true}]}}