{"id":476,"date":"2022-10-12T22:46:36","date_gmt":"2022-10-12T20:46:36","guid":{"rendered":"https:\/\/collegeguilhermy.wordpress.com\/?page_id=476"},"modified":"2022-10-18T18:46:18","modified_gmt":"2022-10-18T16:46:18","slug":"bus-tisseo","status":"publish","type":"page","link":"https:\/\/fcpe-college-sabineweiss.le-pic.org\/index.php\/bus-tisseo\/","title":{"rendered":"Bus Tisseo"},"content":{"rendered":"\n<p>3 lignes de bus permettent de se rapporcher du coll\u00e8ge Guilhermy : <\/p>\n\n\n\n<ul class=\"wp-block-list\"><li>la ligne 48 : Basso-Cambo &#8211; Lyc\u00e9e Tournefeuille ;<\/li><li>la ligne 47 : Basso Cambo &#8211; Portet Gare SNCF ;<\/li><li>la ligne 67 : Plaisance Monesti\u00e9 &#8211; Ar\u00e8nes.<\/li><\/ul>\n\n\n\n<p>Pour trouver l&rsquo;horaire de passage de votre bus, vous pouvez utiliser le <a href=\"https:\/\/www.tisseo.fr\/info-tiss%C3%A9o\/nouveau-tous-horaires-lignes-%C3%A0-votre-arr%C3%AAt\" target=\"_blank\" rel=\"noreferrer noopener\">site en ligne<\/a> de Tisseo.<\/p>\n\n\n\n<div data-wp-interactive=\"core\/file\" class=\"wp-block-file\"><object data-wp-bind--hidden=\"!state.hasPdfPreview\" hidden class=\"wp-block-file__embed\" data=\"https:\/\/fcpe-college-sabineweiss.le-pic.org\/wp-content\/uploads\/2022\/10\/tisseo_ligne_48web.pdf\" type=\"application\/pdf\" style=\"width:100%;height:600px\" aria-label=\"Contenu embarqu\u00e9 Contenu embarqu\u00e9 tisseo_ligne_48web..\"><\/object><a id=\"wp-block-file--media-6c41ea40-59d3-4d69-b9ad-c62767569ae0\" href=\"https:\/\/fcpe-college-sabineweiss.le-pic.org\/wp-content\/uploads\/2022\/10\/tisseo_ligne_48web.pdf\">tisseo_ligne_48web<\/a><a href=\"https:\/\/fcpe-college-sabineweiss.le-pic.org\/wp-content\/uploads\/2022\/10\/tisseo_ligne_48web.pdf\" class=\"wp-block-file__button\" download aria-describedby=\"wp-block-file--media-6c41ea40-59d3-4d69-b9ad-c62767569ae0\">T\u00e9l\u00e9charger<\/a><\/div>\n\n\n\n<div data-wp-interactive=\"core\/file\" class=\"wp-block-file\"><object data-wp-bind--hidden=\"!state.hasPdfPreview\" hidden class=\"wp-block-file__embed\" data=\"https:\/\/fcpe-college-sabineweiss.le-pic.org\/wp-content\/uploads\/2022\/10\/tisseo_ligne_47web-1.pdf\" type=\"application\/pdf\" style=\"width:100%;height:600px\" aria-label=\"Contenu embarqu\u00e9 Contenu embarqu\u00e9 tisseo_ligne_47web-1..\"><\/object><a id=\"wp-block-file--media-2c326736-0782-4db5-9f68-d0ddd2eebda4\" href=\"https:\/\/fcpe-college-sabineweiss.le-pic.org\/wp-content\/uploads\/2022\/10\/tisseo_ligne_47web-1.pdf\">tisseo_ligne_47web-1<\/a><a href=\"https:\/\/fcpe-college-sabineweiss.le-pic.org\/wp-content\/uploads\/2022\/10\/tisseo_ligne_47web-1.pdf\" class=\"wp-block-file__button\" download aria-describedby=\"wp-block-file--media-2c326736-0782-4db5-9f68-d0ddd2eebda4\">T\u00e9l\u00e9charger<\/a><\/div>\n\n\n\n<div data-wp-interactive=\"core\/file\" class=\"wp-block-file\"><object data-wp-bind--hidden=\"!state.hasPdfPreview\" hidden class=\"wp-block-file__embed\" data=\"https:\/\/fcpe-college-sabineweiss.le-pic.org\/wp-content\/uploads\/2022\/10\/tisseo_ligne_67web-1.pdf\" type=\"application\/pdf\" style=\"width:100%;height:600px\" aria-label=\"Contenu embarqu\u00e9 Contenu embarqu\u00e9 tisseo_ligne_67web-1..\"><\/object><a id=\"wp-block-file--media-7400eef7-155e-4dee-902f-5c6c46f7653a\" href=\"https:\/\/fcpe-college-sabineweiss.le-pic.org\/wp-content\/uploads\/2022\/10\/tisseo_ligne_67web-1.pdf\">tisseo_ligne_67web-1<\/a><a href=\"https:\/\/fcpe-college-sabineweiss.le-pic.org\/wp-content\/uploads\/2022\/10\/tisseo_ligne_67web-1.pdf\" class=\"wp-block-file__button\" download aria-describedby=\"wp-block-file--media-7400eef7-155e-4dee-902f-5c6c46f7653a\">T\u00e9l\u00e9charger<\/a><\/div>\n","protected":false},"excerpt":{"rendered":"<p>3 lignes de bus permettent de se rapporcher du coll\u00e8ge Guilhermy : la ligne 48 : Basso-Cambo &#8211; Lyc\u00e9e Tournefeuille ; la ligne 47 : Basso Cambo &#8211; Portet Gare SNCF ; la ligne 67 : Plaisance Monesti\u00e9 &#8211; Ar\u00e8nes. Pour trouver l&rsquo;horaire de passage de votre bus, vous pouvez utiliser le site en ligne [&hellip;]<\/p>\n","protected":false},"author":2,"featured_media":0,"parent":0,"menu_order":0,"comment_status":"closed","ping_status":"closed","template":"","meta":{"footnotes":""},"class_list":["post-476","page","type-page","status-publish","hentry"],"yoast_head":"<!-- This site is optimized with the Yoast SEO plugin v27.4 - https:\/\/yoast.com\/product\/yoast-seo-wordpress\/ -->\n<title>Bus Tisseo - FCPE Coll\u00e8ge Sabine Weiss Toulouse<\/title>\n<meta name=\"robots\" content=\"index, follow, max-snippet:-1, max-image-preview:large, max-video-preview:-1\" \/>\n<link rel=\"canonical\" href=\"https:\/\/fcpe-college-sabineweiss.le-pic.org\/index.php\/bus-tisseo\/\" \/>\n<meta property=\"og:locale\" content=\"fr_FR\" \/>\n<meta property=\"og:type\" content=\"article\" \/>\n<meta property=\"og:title\" content=\"Bus Tisseo - FCPE Coll\u00e8ge Sabine Weiss Toulouse\" \/>\n<meta property=\"og:description\" content=\"3 lignes de bus permettent de se rapporcher du coll\u00e8ge Guilhermy : la ligne 48 : Basso-Cambo &#8211; Lyc\u00e9e Tournefeuille ; la ligne 47 : Basso Cambo &#8211; Portet Gare SNCF ; la ligne 67 : Plaisance Monesti\u00e9 &#8211; Ar\u00e8nes. Pour trouver l&rsquo;horaire de passage de votre bus, vous pouvez utiliser le site en ligne [&hellip;]\" \/>\n<meta property=\"og:url\" content=\"https:\/\/fcpe-college-sabineweiss.le-pic.org\/index.php\/bus-tisseo\/\" \/>\n<meta property=\"og:site_name\" content=\"FCPE Coll\u00e8ge Sabine Weiss Toulouse\" \/>\n<meta property=\"article:publisher\" content=\"https:\/\/www.facebook.com\/groups\/collegeguilhermy\" \/>\n<meta property=\"article:modified_time\" content=\"2022-10-18T16:46:18+00:00\" \/>\n<meta property=\"og:image\" content=\"https:\/\/fcpe-college-sabineweiss.le-pic.org\/wp-content\/uploads\/2022\/10\/cropped-banniere-site-internet-3.png\" \/>\n\t<meta property=\"og:image:width\" content=\"960\" \/>\n\t<meta property=\"og:image:height\" content=\"250\" \/>\n\t<meta property=\"og:image:type\" content=\"image\/png\" \/>\n<meta name=\"twitter:card\" content=\"summary_large_image\" \/>\n<script type=\"application\/ld+json\" class=\"yoast-schema-graph\">{\"@context\":\"https:\\\/\\\/schema.org\",\"@graph\":[{\"@type\":\"WebPage\",\"@id\":\"https:\\\/\\\/fcpe-college-sabineweiss.le-pic.org\\\/index.php\\\/bus-tisseo\\\/\",\"url\":\"https:\\\/\\\/fcpe-college-sabineweiss.le-pic.org\\\/index.php\\\/bus-tisseo\\\/\",\"name\":\"Bus Tisseo - FCPE Coll\u00e8ge Sabine Weiss Toulouse\",\"isPartOf\":{\"@id\":\"https:\\\/\\\/fcpe-college-sabineweiss.le-pic.org\\\/#website\"},\"datePublished\":\"2022-10-12T20:46:36+00:00\",\"dateModified\":\"2022-10-18T16:46:18+00:00\",\"breadcrumb\":{\"@id\":\"https:\\\/\\\/fcpe-college-sabineweiss.le-pic.org\\\/index.php\\\/bus-tisseo\\\/#breadcrumb\"},\"inLanguage\":\"fr-FR\",\"potentialAction\":[{\"@type\":\"ReadAction\",\"target\":[\"https:\\\/\\\/fcpe-college-sabineweiss.le-pic.org\\\/index.php\\\/bus-tisseo\\\/\"]}]},{\"@type\":\"BreadcrumbList\",\"@id\":\"https:\\\/\\\/fcpe-college-sabineweiss.le-pic.org\\\/index.php\\\/bus-tisseo\\\/#breadcrumb\",\"itemListElement\":[{\"@type\":\"ListItem\",\"position\":1,\"name\":\"Accueil\",\"item\":\"https:\\\/\\\/fcpe-college-sabineweiss.le-pic.org\\\/\"},{\"@type\":\"ListItem\",\"position\":2,\"name\":\"Bus Tisseo\"}]},{\"@type\":\"WebSite\",\"@id\":\"https:\\\/\\\/fcpe-college-sabineweiss.le-pic.org\\\/#website\",\"url\":\"https:\\\/\\\/fcpe-college-sabineweiss.le-pic.org\\\/\",\"name\":\"FCPE Coll\u00e8ge Sabine Weiss Toulouse\",\"description\":\"Agir, informer et repr\u00e9senter les parents d&#039;\u00e9l\u00e8ves du coll\u00e8ge Sabine Weiss de Toulouse (ex-Guilhermy)\",\"publisher\":{\"@id\":\"https:\\\/\\\/fcpe-college-sabineweiss.le-pic.org\\\/#organization\"},\"potentialAction\":[{\"@type\":\"SearchAction\",\"target\":{\"@type\":\"EntryPoint\",\"urlTemplate\":\"https:\\\/\\\/fcpe-college-sabineweiss.le-pic.org\\\/?s={search_term_string}\"},\"query-input\":{\"@type\":\"PropertyValueSpecification\",\"valueRequired\":true,\"valueName\":\"search_term_string\"}}],\"inLanguage\":\"fr-FR\"},{\"@type\":\"Organization\",\"@id\":\"https:\\\/\\\/fcpe-college-sabineweiss.le-pic.org\\\/#organization\",\"name\":\"FCPE Coll\u00e8ge Sabine Weiss Toulouse\",\"url\":\"https:\\\/\\\/fcpe-college-sabineweiss.le-pic.org\\\/\",\"logo\":{\"@type\":\"ImageObject\",\"inLanguage\":\"fr-FR\",\"@id\":\"https:\\\/\\\/fcpe-college-sabineweiss.le-pic.org\\\/#\\\/schema\\\/logo\\\/image\\\/\",\"url\":\"https:\\\/\\\/fcpe-college-sabineweiss.le-pic.org\\\/wp-content\\\/uploads\\\/2022\\\/10\\\/College.png\",\"contentUrl\":\"https:\\\/\\\/fcpe-college-sabineweiss.le-pic.org\\\/wp-content\\\/uploads\\\/2022\\\/10\\\/College.png\",\"width\":500,\"height\":500,\"caption\":\"FCPE Coll\u00e8ge Sabine Weiss Toulouse\"},\"image\":{\"@id\":\"https:\\\/\\\/fcpe-college-sabineweiss.le-pic.org\\\/#\\\/schema\\\/logo\\\/image\\\/\"},\"sameAs\":[\"https:\\\/\\\/www.facebook.com\\\/groups\\\/collegeguilhermy\"]}]}<\/script>\n<!-- \/ Yoast SEO plugin. -->","yoast_head_json":{"title":"Bus Tisseo - FCPE Coll\u00e8ge Sabine Weiss Toulouse","robots":{"index":"index","follow":"follow","max-snippet":"max-snippet:-1","max-image-preview":"max-image-preview:large","max-video-preview":"max-video-preview:-1"},"canonical":"https:\/\/fcpe-college-sabineweiss.le-pic.org\/index.php\/bus-tisseo\/","og_locale":"fr_FR","og_type":"article","og_title":"Bus Tisseo - FCPE Coll\u00e8ge Sabine Weiss Toulouse","og_description":"3 lignes de bus permettent de se rapporcher du coll\u00e8ge Guilhermy : la ligne 48 : Basso-Cambo &#8211; Lyc\u00e9e Tournefeuille ; la ligne 47 : Basso Cambo &#8211; Portet Gare SNCF ; la ligne 67 : Plaisance Monesti\u00e9 &#8211; Ar\u00e8nes. Pour trouver l&rsquo;horaire de passage de votre bus, vous pouvez utiliser le site en ligne [&hellip;]","og_url":"https:\/\/fcpe-college-sabineweiss.le-pic.org\/index.php\/bus-tisseo\/","og_site_name":"FCPE Coll\u00e8ge Sabine Weiss Toulouse","article_publisher":"https:\/\/www.facebook.com\/groups\/collegeguilhermy","article_modified_time":"2022-10-18T16:46:18+00:00","og_image":[{"width":960,"height":250,"url":"https:\/\/fcpe-college-sabineweiss.le-pic.org\/wp-content\/uploads\/2022\/10\/cropped-banniere-site-internet-3.png","type":"image\/png"}],"twitter_card":"summary_large_image","schema":{"@context":"https:\/\/schema.org","@graph":[{"@type":"WebPage","@id":"https:\/\/fcpe-college-sabineweiss.le-pic.org\/index.php\/bus-tisseo\/","url":"https:\/\/fcpe-college-sabineweiss.le-pic.org\/index.php\/bus-tisseo\/","name":"Bus Tisseo - FCPE Coll\u00e8ge Sabine Weiss Toulouse","isPartOf":{"@id":"https:\/\/fcpe-college-sabineweiss.le-pic.org\/#website"},"datePublished":"2022-10-12T20:46:36+00:00","dateModified":"2022-10-18T16:46:18+00:00","breadcrumb":{"@id":"https:\/\/fcpe-college-sabineweiss.le-pic.org\/index.php\/bus-tisseo\/#breadcrumb"},"inLanguage":"fr-FR","potentialAction":[{"@type":"ReadAction","target":["https:\/\/fcpe-college-sabineweiss.le-pic.org\/index.php\/bus-tisseo\/"]}]},{"@type":"BreadcrumbList","@id":"https:\/\/fcpe-college-sabineweiss.le-pic.org\/index.php\/bus-tisseo\/#breadcrumb","itemListElement":[{"@type":"ListItem","position":1,"name":"Accueil","item":"https:\/\/fcpe-college-sabineweiss.le-pic.org\/"},{"@type":"ListItem","position":2,"name":"Bus Tisseo"}]},{"@type":"WebSite","@id":"https:\/\/fcpe-college-sabineweiss.le-pic.org\/#website","url":"https:\/\/fcpe-college-sabineweiss.le-pic.org\/","name":"FCPE Coll\u00e8ge Sabine Weiss Toulouse","description":"Agir, informer et repr\u00e9senter les parents d&#039;\u00e9l\u00e8ves du coll\u00e8ge Sabine Weiss de Toulouse (ex-Guilhermy)","publisher":{"@id":"https:\/\/fcpe-college-sabineweiss.le-pic.org\/#organization"},"potentialAction":[{"@type":"SearchAction","target":{"@type":"EntryPoint","urlTemplate":"https:\/\/fcpe-college-sabineweiss.le-pic.org\/?s={search_term_string}"},"query-input":{"@type":"PropertyValueSpecification","valueRequired":true,"valueName":"search_term_string"}}],"inLanguage":"fr-FR"},{"@type":"Organization","@id":"https:\/\/fcpe-college-sabineweiss.le-pic.org\/#organization","name":"FCPE Coll\u00e8ge Sabine Weiss Toulouse","url":"https:\/\/fcpe-college-sabineweiss.le-pic.org\/","logo":{"@type":"ImageObject","inLanguage":"fr-FR","@id":"https:\/\/fcpe-college-sabineweiss.le-pic.org\/#\/schema\/logo\/image\/","url":"https:\/\/fcpe-college-sabineweiss.le-pic.org\/wp-content\/uploads\/2022\/10\/College.png","contentUrl":"https:\/\/fcpe-college-sabineweiss.le-pic.org\/wp-content\/uploads\/2022\/10\/College.png","width":500,"height":500,"caption":"FCPE Coll\u00e8ge Sabine Weiss Toulouse"},"image":{"@id":"https:\/\/fcpe-college-sabineweiss.le-pic.org\/#\/schema\/logo\/image\/"},"sameAs":["https:\/\/www.facebook.com\/groups\/collegeguilhermy"]}]}},"_links":{"self":[{"href":"https:\/\/fcpe-college-sabineweiss.le-pic.org\/index.php\/wp-json\/wp\/v2\/pages\/476","targetHints":{"allow":["GET"]}}],"collection":[{"href":"https:\/\/fcpe-college-sabineweiss.le-pic.org\/index.php\/wp-json\/wp\/v2\/pages"}],"about":[{"href":"https:\/\/fcpe-college-sabineweiss.le-pic.org\/index.php\/wp-json\/wp\/v2\/types\/page"}],"author":[{"embeddable":true,"href":"https:\/\/fcpe-college-sabineweiss.le-pic.org\/index.php\/wp-json\/wp\/v2\/users\/2"}],"replies":[{"embeddable":true,"href":"https:\/\/fcpe-college-sabineweiss.le-pic.org\/index.php\/wp-json\/wp\/v2\/comments?post=476"}],"version-history":[{"count":3,"href":"https:\/\/fcpe-college-sabineweiss.le-pic.org\/index.php\/wp-json\/wp\/v2\/pages\/476\/revisions"}],"predecessor-version":[{"id":687,"href":"https:\/\/fcpe-college-sabineweiss.le-pic.org\/index.php\/wp-json\/wp\/v2\/pages\/476\/revisions\/687"}],"wp:attachment":[{"href":"https:\/\/fcpe-college-sabineweiss.le-pic.org\/index.php\/wp-json\/wp\/v2\/media?parent=476"}],"curies":[{"name":"wp","href":"https:\/\/api.w.org\/{rel}","templated":true}]}}