{"id":368,"date":"2022-10-04T20:32:18","date_gmt":"2022-10-04T18:32:18","guid":{"rendered":"https:\/\/collegeguilhermy.wordpress.com\/?page_id=368"},"modified":"2022-10-04T20:32:18","modified_gmt":"2022-10-04T18:32:18","slug":"commission-hygiene-et-securite-chs","status":"publish","type":"page","link":"https:\/\/fcpe-college-sabineweiss.le-pic.org\/index.php\/commission-hygiene-et-securite-chs\/","title":{"rendered":"Commission Hygi\u00e8ne et S\u00e9curit\u00e9&nbsp;(CHS)"},"content":{"rendered":"\n<h2 class=\"wp-block-heading\">Les missions<\/h2>\n\n\n<div class=\"wp-block-image\">\n<figure class=\"alignright size-large is-resized\"><img decoding=\"async\" src=\"https:\/\/fcpe-guilhermy-st1.le-pic.org\/wp-content\/uploads\/2022\/10\/cropped-img_4953-1-1.jpg?w=512\" alt=\"\" class=\"wp-image-252\" width=\"-381\" height=\"-370\" srcset=\"https:\/\/fcpe-college-sabineweiss.le-pic.org\/wp-content\/uploads\/2022\/10\/cropped-img_4953-1-1.jpg 512w, https:\/\/fcpe-college-sabineweiss.le-pic.org\/wp-content\/uploads\/2022\/10\/cropped-img_4953-1-1-300x300.jpg 300w, https:\/\/fcpe-college-sabineweiss.le-pic.org\/wp-content\/uploads\/2022\/10\/cropped-img_4953-1-1-150x150.jpg 150w\" sizes=\"(max-width: 512px) 100vw, 512px\" \/><\/figure>\n<\/div>\n\n\n<ul class=\"wp-block-list\">\n<li>Promouvoir la formation \u00e0 la s\u00e9curit\u00e9 pour les \u00e9l\u00e8ves et les personnels ;<\/li>\n\n\n\n<li>Contribuer \u00e0 l\u2019am\u00e9lioration des conditions d\u2019hygi\u00e8ne et de s\u00e9curit\u00e9 dans l\u2019\u00e9tablissement ;<\/li>\n\n\n\n<li>S\u2019int\u00e9resser aux conditions de travail des \u00e9l\u00e8ves et des personnels ;<\/li>\n\n\n\n<li>Visiter tous les locaux de l\u2019\u00e9tablissement ;<\/li>\n\n\n\n<li>Rendre des avis et faire des propositions\u00a0; ces avis prendront la forme d\u2019analyses de difficult\u00e9s rencontr\u00e9es, de bilans\u2026 ;<\/li>\n\n\n\n<li>Rechercher une m\u00e9thodologie pour donner un caract\u00e8re rigoureux aux avis de la commission, bas\u00e9e sur des crit\u00e8res et des indicateurs pertinents et objectifs\u00a0: nombre, fr\u00e9quence, nature et gravit\u00e9 des accidents ou des incidents, \u00e9valuation des risques\u2026 ;<\/li>\n\n\n\n<li>Effectuer des \u00e9tudes et des enqu\u00eates sur la nature des risques, les accidents qui seront intervenus ou sur le point d\u2019intervenir, ainsi que les moyens pour y rem\u00e9dier,<br>Cr\u00e9er des groupes de travail pour instruire un dossier\u2026<\/li>\n<\/ul>\n\n\n\n<h2 class=\"wp-block-heading\">Composition<\/h2>\n\n\n\n<p><strong>Les membres permanents\u00a0:<\/strong><\/p>\n\n\n\n<ul class=\"wp-block-list\">\n<li> le chef d&rsquo;\u00e9tablissement ;<\/li>\n\n\n\n<li>l\u2019adjoint ;<\/li>\n\n\n\n<li>le gestionnaire ;<\/li>\n\n\n\n<li>le conseiller principal d\u2019\u00e9ducation ;<\/li>\n\n\n\n<li>le chef de travaux ;<\/li>\n\n\n\n<li>le repr\u00e9sentant de la collectivit\u00e9 territoriale de rattachement (un \u00e9lu).<\/li>\n<\/ul>\n\n\n\n<p><strong>Les membres d\u00e9sign\u00e9s<\/strong>\u00a0:<\/p>\n\n\n\n<ul class=\"wp-block-list\">\n<li>un repr\u00e9sentant du personnel non enseignant (ou 2 si l\u2019effectif de l\u2019\u00e9tablissement est sup\u00e9rieur \u00e0 600 \u00e9l\u00e8ves) ;<\/li>\n\n\n\n<li>2 repr\u00e9sentants du personnel enseignant ;<\/li>\n\n\n\n<li><strong>2 repr\u00e9sentants des parents d\u2019\u00e9l\u00e8ves<\/strong> ;<\/li>\n\n\n\n<li>2 repr\u00e9sentants des \u00e9l\u00e8ves.<br><\/li>\n<\/ul>\n\n\n\n<p>La d\u00e9signation est faite par les repr\u00e9sentants respectifs si\u00e9geant au conseil d\u2019administration avec un nombre \u00e9gal de suppl\u00e9ants. <\/p>\n\n\n\n<p><strong>Les experts<\/strong>\u00a0: <\/p>\n\n\n\n<ul class=\"wp-block-list\">\n<li>le m\u00e9decin de pr\u00e9vention ;<\/li>\n\n\n\n<li>le m\u00e9decin de l\u2019Education nationale ;<\/li>\n\n\n\n<li>l\u2019infirmier ;<\/li>\n\n\n\n<li>l\u2019assistant de pr\u00e9vention.<\/li>\n<\/ul>\n\n\n\n<p><strong>Les personnes qualifi\u00e9es<\/strong>\u00a0: <\/p>\n\n\n\n<ul class=\"wp-block-list\">\n<li>l\u2019inspecteur du travail ;<\/li>\n\n\n\n<li>l\u2019inspecteur sant\u00e9 et s\u00e9curit\u00e9 ;<\/li>\n\n\n\n<li>le conseiller de pr\u00e9vention acad\u00e9mique et d\u00e9partemental ;<\/li>\n\n\n\n<li>le repr\u00e9sentant de la CRAM et toute personne qualifi\u00e9e dont la pr\u00e9sence permanente ou occasionnelle est jug\u00e9e utile par la CHS.<\/li>\n<\/ul>\n\n\n\n<h2 class=\"wp-block-heading\">Fonctionnement<\/h2>\n\n\n<div class=\"wp-block-image\">\n<figure class=\"alignright\"><a href=\"https:\/\/collegecamusfcpe.files.wordpress.com\/2015\/09\/chst.jpg\"><img decoding=\"async\" src=\"https:\/\/collegecamusfcpe.files.wordpress.com\/2015\/09\/chst.jpg?w=132\" alt=\"CHST\" class=\"wp-image-75\" \/><\/a><\/figure>\n<\/div>\n\n\n<p><strong>La r\u00e9union de cette instance peut \u00eatre provoqu\u00e9e<\/strong><br>&#8211; soit \u00e0 l\u2019initiative du chef d\u2019\u00e9tablissement ;<br>&#8211; soit sur demande\u00a0:<\/p>\n\n\n\n<ul class=\"wp-block-list\">\n<li>du conseil d\u2019administration ;<\/li>\n\n\n\n<li>du conseil des d\u00e9l\u00e9gu\u00e9s des \u00e9l\u00e8ves ;<\/li>\n\n\n\n<li>du tiers au moins de ses membres ;<\/li>\n\n\n\n<li>du repr\u00e9sentant de la collectivit\u00e9 territoriale de rattachement.<\/li>\n<\/ul>\n\n\n\n<p>Chaque commission doit se doter d\u2019un r\u00e8glement int\u00e9rieur \u00e9labor\u00e9 par ses membres et approuv\u00e9 par au moins la majorit\u00e9 d\u2019entre eux. Ce r\u00e8glement pr\u00e9cise les conditions de fonctionnement, la participation des personnes qualifi\u00e9es aux r\u00e9unions, l\u2019organisation des groupes de travail, la tenue du cahier d\u2019hygi\u00e8ne et de s\u00e9curit\u00e9, le mode d\u2019\u00e9tablissement de l\u2019ordre du jour.<\/p>\n","protected":false},"excerpt":{"rendered":"<p>Les missions Composition Les membres permanents\u00a0: Les membres d\u00e9sign\u00e9s\u00a0: La d\u00e9signation est faite par les repr\u00e9sentants respectifs si\u00e9geant au conseil d\u2019administration avec un nombre \u00e9gal de suppl\u00e9ants. Les experts\u00a0: Les personnes qualifi\u00e9es\u00a0: Fonctionnement La r\u00e9union de cette instance peut \u00eatre provoqu\u00e9e&#8211; soit \u00e0 l\u2019initiative du chef d\u2019\u00e9tablissement ;&#8211; soit sur demande\u00a0: Chaque commission doit se [&hellip;]<\/p>\n","protected":false},"author":2,"featured_media":0,"parent":0,"menu_order":0,"comment_status":"closed","ping_status":"closed","template":"","meta":{"footnotes":""},"class_list":["post-368","page","type-page","status-publish","hentry"],"yoast_head":"<!-- This site is optimized with the Yoast SEO plugin v27.4 - https:\/\/yoast.com\/product\/yoast-seo-wordpress\/ -->\n<title>Commission Hygi\u00e8ne et S\u00e9curit\u00e9&nbsp;(CHS) - FCPE Coll\u00e8ge Sabine Weiss Toulouse<\/title>\n<meta name=\"robots\" content=\"index, follow, max-snippet:-1, max-image-preview:large, max-video-preview:-1\" \/>\n<link rel=\"canonical\" href=\"https:\/\/fcpe-college-sabineweiss.le-pic.org\/index.php\/commission-hygiene-et-securite-chs\/\" \/>\n<meta property=\"og:locale\" content=\"fr_FR\" \/>\n<meta property=\"og:type\" content=\"article\" \/>\n<meta property=\"og:title\" content=\"Commission Hygi\u00e8ne et S\u00e9curit\u00e9&nbsp;(CHS) - FCPE Coll\u00e8ge Sabine Weiss Toulouse\" \/>\n<meta property=\"og:description\" content=\"Les missions Composition Les membres permanents\u00a0: Les membres d\u00e9sign\u00e9s\u00a0: La d\u00e9signation est faite par les repr\u00e9sentants respectifs si\u00e9geant au conseil d\u2019administration avec un nombre \u00e9gal de suppl\u00e9ants. Les experts\u00a0: Les personnes qualifi\u00e9es\u00a0: Fonctionnement La r\u00e9union de cette instance peut \u00eatre provoqu\u00e9e&#8211; soit \u00e0 l\u2019initiative du chef d\u2019\u00e9tablissement ;&#8211; soit sur demande\u00a0: Chaque commission doit se [&hellip;]\" \/>\n<meta property=\"og:url\" content=\"https:\/\/fcpe-college-sabineweiss.le-pic.org\/index.php\/commission-hygiene-et-securite-chs\/\" \/>\n<meta property=\"og:site_name\" content=\"FCPE Coll\u00e8ge Sabine Weiss Toulouse\" \/>\n<meta property=\"article:publisher\" content=\"https:\/\/www.facebook.com\/groups\/collegeguilhermy\" \/>\n<meta property=\"og:image\" content=\"https:\/\/fcpe-guilhermy-st1.le-pic.org\/wp-content\/uploads\/2022\/10\/cropped-img_4953-1-1.jpg?w=512\" \/>\n<meta name=\"twitter:card\" content=\"summary_large_image\" \/>\n<meta name=\"twitter:label1\" content=\"Dur\u00e9e de lecture estim\u00e9e\" \/>\n\t<meta name=\"twitter:data1\" content=\"2 minutes\" \/>\n<script type=\"application\/ld+json\" class=\"yoast-schema-graph\">{\"@context\":\"https:\\\/\\\/schema.org\",\"@graph\":[{\"@type\":\"WebPage\",\"@id\":\"https:\\\/\\\/fcpe-college-sabineweiss.le-pic.org\\\/index.php\\\/commission-hygiene-et-securite-chs\\\/\",\"url\":\"https:\\\/\\\/fcpe-college-sabineweiss.le-pic.org\\\/index.php\\\/commission-hygiene-et-securite-chs\\\/\",\"name\":\"Commission Hygi\u00e8ne et S\u00e9curit\u00e9&nbsp;(CHS) - FCPE Coll\u00e8ge Sabine Weiss Toulouse\",\"isPartOf\":{\"@id\":\"https:\\\/\\\/fcpe-college-sabineweiss.le-pic.org\\\/#website\"},\"primaryImageOfPage\":{\"@id\":\"https:\\\/\\\/fcpe-college-sabineweiss.le-pic.org\\\/index.php\\\/commission-hygiene-et-securite-chs\\\/#primaryimage\"},\"image\":{\"@id\":\"https:\\\/\\\/fcpe-college-sabineweiss.le-pic.org\\\/index.php\\\/commission-hygiene-et-securite-chs\\\/#primaryimage\"},\"thumbnailUrl\":\"https:\\\/\\\/fcpe-guilhermy-st1.le-pic.org\\\/wp-content\\\/uploads\\\/2022\\\/10\\\/cropped-img_4953-1-1.jpg?w=512\",\"datePublished\":\"2022-10-04T18:32:18+00:00\",\"breadcrumb\":{\"@id\":\"https:\\\/\\\/fcpe-college-sabineweiss.le-pic.org\\\/index.php\\\/commission-hygiene-et-securite-chs\\\/#breadcrumb\"},\"inLanguage\":\"fr-FR\",\"potentialAction\":[{\"@type\":\"ReadAction\",\"target\":[\"https:\\\/\\\/fcpe-college-sabineweiss.le-pic.org\\\/index.php\\\/commission-hygiene-et-securite-chs\\\/\"]}]},{\"@type\":\"ImageObject\",\"inLanguage\":\"fr-FR\",\"@id\":\"https:\\\/\\\/fcpe-college-sabineweiss.le-pic.org\\\/index.php\\\/commission-hygiene-et-securite-chs\\\/#primaryimage\",\"url\":\"https:\\\/\\\/fcpe-guilhermy-st1.le-pic.org\\\/wp-content\\\/uploads\\\/2022\\\/10\\\/cropped-img_4953-1-1.jpg?w=512\",\"contentUrl\":\"https:\\\/\\\/fcpe-guilhermy-st1.le-pic.org\\\/wp-content\\\/uploads\\\/2022\\\/10\\\/cropped-img_4953-1-1.jpg?w=512\"},{\"@type\":\"BreadcrumbList\",\"@id\":\"https:\\\/\\\/fcpe-college-sabineweiss.le-pic.org\\\/index.php\\\/commission-hygiene-et-securite-chs\\\/#breadcrumb\",\"itemListElement\":[{\"@type\":\"ListItem\",\"position\":1,\"name\":\"Accueil\",\"item\":\"https:\\\/\\\/fcpe-college-sabineweiss.le-pic.org\\\/\"},{\"@type\":\"ListItem\",\"position\":2,\"name\":\"Commission Hygi\u00e8ne et S\u00e9curit\u00e9&nbsp;(CHS)\"}]},{\"@type\":\"WebSite\",\"@id\":\"https:\\\/\\\/fcpe-college-sabineweiss.le-pic.org\\\/#website\",\"url\":\"https:\\\/\\\/fcpe-college-sabineweiss.le-pic.org\\\/\",\"name\":\"FCPE Coll\u00e8ge Sabine Weiss Toulouse\",\"description\":\"Agir, informer et repr\u00e9senter les parents d&#039;\u00e9l\u00e8ves du coll\u00e8ge Sabine Weiss de Toulouse (ex-Guilhermy)\",\"publisher\":{\"@id\":\"https:\\\/\\\/fcpe-college-sabineweiss.le-pic.org\\\/#organization\"},\"potentialAction\":[{\"@type\":\"SearchAction\",\"target\":{\"@type\":\"EntryPoint\",\"urlTemplate\":\"https:\\\/\\\/fcpe-college-sabineweiss.le-pic.org\\\/?s={search_term_string}\"},\"query-input\":{\"@type\":\"PropertyValueSpecification\",\"valueRequired\":true,\"valueName\":\"search_term_string\"}}],\"inLanguage\":\"fr-FR\"},{\"@type\":\"Organization\",\"@id\":\"https:\\\/\\\/fcpe-college-sabineweiss.le-pic.org\\\/#organization\",\"name\":\"FCPE Coll\u00e8ge Sabine Weiss Toulouse\",\"url\":\"https:\\\/\\\/fcpe-college-sabineweiss.le-pic.org\\\/\",\"logo\":{\"@type\":\"ImageObject\",\"inLanguage\":\"fr-FR\",\"@id\":\"https:\\\/\\\/fcpe-college-sabineweiss.le-pic.org\\\/#\\\/schema\\\/logo\\\/image\\\/\",\"url\":\"https:\\\/\\\/fcpe-college-sabineweiss.le-pic.org\\\/wp-content\\\/uploads\\\/2022\\\/10\\\/College.png\",\"contentUrl\":\"https:\\\/\\\/fcpe-college-sabineweiss.le-pic.org\\\/wp-content\\\/uploads\\\/2022\\\/10\\\/College.png\",\"width\":500,\"height\":500,\"caption\":\"FCPE Coll\u00e8ge Sabine Weiss Toulouse\"},\"image\":{\"@id\":\"https:\\\/\\\/fcpe-college-sabineweiss.le-pic.org\\\/#\\\/schema\\\/logo\\\/image\\\/\"},\"sameAs\":[\"https:\\\/\\\/www.facebook.com\\\/groups\\\/collegeguilhermy\"]}]}<\/script>\n<!-- \/ Yoast SEO plugin. -->","yoast_head_json":{"title":"Commission Hygi\u00e8ne et S\u00e9curit\u00e9&nbsp;(CHS) - FCPE Coll\u00e8ge Sabine Weiss Toulouse","robots":{"index":"index","follow":"follow","max-snippet":"max-snippet:-1","max-image-preview":"max-image-preview:large","max-video-preview":"max-video-preview:-1"},"canonical":"https:\/\/fcpe-college-sabineweiss.le-pic.org\/index.php\/commission-hygiene-et-securite-chs\/","og_locale":"fr_FR","og_type":"article","og_title":"Commission Hygi\u00e8ne et S\u00e9curit\u00e9&nbsp;(CHS) - FCPE Coll\u00e8ge Sabine Weiss Toulouse","og_description":"Les missions Composition Les membres permanents\u00a0: Les membres d\u00e9sign\u00e9s\u00a0: La d\u00e9signation est faite par les repr\u00e9sentants respectifs si\u00e9geant au conseil d\u2019administration avec un nombre \u00e9gal de suppl\u00e9ants. Les experts\u00a0: Les personnes qualifi\u00e9es\u00a0: Fonctionnement La r\u00e9union de cette instance peut \u00eatre provoqu\u00e9e&#8211; soit \u00e0 l\u2019initiative du chef d\u2019\u00e9tablissement ;&#8211; soit sur demande\u00a0: Chaque commission doit se [&hellip;]","og_url":"https:\/\/fcpe-college-sabineweiss.le-pic.org\/index.php\/commission-hygiene-et-securite-chs\/","og_site_name":"FCPE Coll\u00e8ge Sabine Weiss Toulouse","article_publisher":"https:\/\/www.facebook.com\/groups\/collegeguilhermy","og_image":[{"url":"https:\/\/fcpe-guilhermy-st1.le-pic.org\/wp-content\/uploads\/2022\/10\/cropped-img_4953-1-1.jpg?w=512","type":"","width":"","height":""}],"twitter_card":"summary_large_image","twitter_misc":{"Dur\u00e9e de lecture estim\u00e9e":"2 minutes"},"schema":{"@context":"https:\/\/schema.org","@graph":[{"@type":"WebPage","@id":"https:\/\/fcpe-college-sabineweiss.le-pic.org\/index.php\/commission-hygiene-et-securite-chs\/","url":"https:\/\/fcpe-college-sabineweiss.le-pic.org\/index.php\/commission-hygiene-et-securite-chs\/","name":"Commission Hygi\u00e8ne et S\u00e9curit\u00e9&nbsp;(CHS) - FCPE Coll\u00e8ge Sabine Weiss Toulouse","isPartOf":{"@id":"https:\/\/fcpe-college-sabineweiss.le-pic.org\/#website"},"primaryImageOfPage":{"@id":"https:\/\/fcpe-college-sabineweiss.le-pic.org\/index.php\/commission-hygiene-et-securite-chs\/#primaryimage"},"image":{"@id":"https:\/\/fcpe-college-sabineweiss.le-pic.org\/index.php\/commission-hygiene-et-securite-chs\/#primaryimage"},"thumbnailUrl":"https:\/\/fcpe-guilhermy-st1.le-pic.org\/wp-content\/uploads\/2022\/10\/cropped-img_4953-1-1.jpg?w=512","datePublished":"2022-10-04T18:32:18+00:00","breadcrumb":{"@id":"https:\/\/fcpe-college-sabineweiss.le-pic.org\/index.php\/commission-hygiene-et-securite-chs\/#breadcrumb"},"inLanguage":"fr-FR","potentialAction":[{"@type":"ReadAction","target":["https:\/\/fcpe-college-sabineweiss.le-pic.org\/index.php\/commission-hygiene-et-securite-chs\/"]}]},{"@type":"ImageObject","inLanguage":"fr-FR","@id":"https:\/\/fcpe-college-sabineweiss.le-pic.org\/index.php\/commission-hygiene-et-securite-chs\/#primaryimage","url":"https:\/\/fcpe-guilhermy-st1.le-pic.org\/wp-content\/uploads\/2022\/10\/cropped-img_4953-1-1.jpg?w=512","contentUrl":"https:\/\/fcpe-guilhermy-st1.le-pic.org\/wp-content\/uploads\/2022\/10\/cropped-img_4953-1-1.jpg?w=512"},{"@type":"BreadcrumbList","@id":"https:\/\/fcpe-college-sabineweiss.le-pic.org\/index.php\/commission-hygiene-et-securite-chs\/#breadcrumb","itemListElement":[{"@type":"ListItem","position":1,"name":"Accueil","item":"https:\/\/fcpe-college-sabineweiss.le-pic.org\/"},{"@type":"ListItem","position":2,"name":"Commission Hygi\u00e8ne et S\u00e9curit\u00e9&nbsp;(CHS)"}]},{"@type":"WebSite","@id":"https:\/\/fcpe-college-sabineweiss.le-pic.org\/#website","url":"https:\/\/fcpe-college-sabineweiss.le-pic.org\/","name":"FCPE Coll\u00e8ge Sabine Weiss Toulouse","description":"Agir, informer et repr\u00e9senter les parents d&#039;\u00e9l\u00e8ves du coll\u00e8ge Sabine Weiss de Toulouse (ex-Guilhermy)","publisher":{"@id":"https:\/\/fcpe-college-sabineweiss.le-pic.org\/#organization"},"potentialAction":[{"@type":"SearchAction","target":{"@type":"EntryPoint","urlTemplate":"https:\/\/fcpe-college-sabineweiss.le-pic.org\/?s={search_term_string}"},"query-input":{"@type":"PropertyValueSpecification","valueRequired":true,"valueName":"search_term_string"}}],"inLanguage":"fr-FR"},{"@type":"Organization","@id":"https:\/\/fcpe-college-sabineweiss.le-pic.org\/#organization","name":"FCPE Coll\u00e8ge Sabine Weiss Toulouse","url":"https:\/\/fcpe-college-sabineweiss.le-pic.org\/","logo":{"@type":"ImageObject","inLanguage":"fr-FR","@id":"https:\/\/fcpe-college-sabineweiss.le-pic.org\/#\/schema\/logo\/image\/","url":"https:\/\/fcpe-college-sabineweiss.le-pic.org\/wp-content\/uploads\/2022\/10\/College.png","contentUrl":"https:\/\/fcpe-college-sabineweiss.le-pic.org\/wp-content\/uploads\/2022\/10\/College.png","width":500,"height":500,"caption":"FCPE Coll\u00e8ge Sabine Weiss Toulouse"},"image":{"@id":"https:\/\/fcpe-college-sabineweiss.le-pic.org\/#\/schema\/logo\/image\/"},"sameAs":["https:\/\/www.facebook.com\/groups\/collegeguilhermy"]}]}},"_links":{"self":[{"href":"https:\/\/fcpe-college-sabineweiss.le-pic.org\/index.php\/wp-json\/wp\/v2\/pages\/368","targetHints":{"allow":["GET"]}}],"collection":[{"href":"https:\/\/fcpe-college-sabineweiss.le-pic.org\/index.php\/wp-json\/wp\/v2\/pages"}],"about":[{"href":"https:\/\/fcpe-college-sabineweiss.le-pic.org\/index.php\/wp-json\/wp\/v2\/types\/page"}],"author":[{"embeddable":true,"href":"https:\/\/fcpe-college-sabineweiss.le-pic.org\/index.php\/wp-json\/wp\/v2\/users\/2"}],"replies":[{"embeddable":true,"href":"https:\/\/fcpe-college-sabineweiss.le-pic.org\/index.php\/wp-json\/wp\/v2\/comments?post=368"}],"version-history":[{"count":0,"href":"https:\/\/fcpe-college-sabineweiss.le-pic.org\/index.php\/wp-json\/wp\/v2\/pages\/368\/revisions"}],"wp:attachment":[{"href":"https:\/\/fcpe-college-sabineweiss.le-pic.org\/index.php\/wp-json\/wp\/v2\/media?parent=368"}],"curies":[{"name":"wp","href":"https:\/\/api.w.org\/{rel}","templated":true}]}}