{"id":331,"date":"2022-10-04T13:33:28","date_gmt":"2022-10-04T11:33:28","guid":{"rendered":"https:\/\/collegeguilhermy.wordpress.com\/?page_id=331"},"modified":"2022-10-04T13:33:28","modified_gmt":"2022-10-04T11:33:28","slug":"commission-permanente-cp","status":"publish","type":"page","link":"https:\/\/fcpe-college-sabineweiss.le-pic.org\/index.php\/commission-permanente-cp\/","title":{"rendered":"Commission Permanente (CP)"},"content":{"rendered":"\n<p><strong>La commission permanente a la charge d\u2019instruire les questions soumises \u00e0 l\u2019examen du conseil d\u2019administration.<\/strong><\/p>\n\n\n\n<figure class=\"wp-block-image size-large is-resized\"><img loading=\"lazy\" decoding=\"async\" src=\"https:\/\/fcpe-guilhermy-st1.le-pic.org\/wp-content\/uploads\/2022\/10\/vert-et-jaune-colore-blocs-conference-evenement-site-web.png?w=1024\" alt=\"\" class=\"wp-image-334\" width=\"507\" height=\"285\" srcset=\"https:\/\/fcpe-college-sabineweiss.le-pic.org\/wp-content\/uploads\/2022\/10\/vert-et-jaune-colore-blocs-conference-evenement-site-web.png 1366w, https:\/\/fcpe-college-sabineweiss.le-pic.org\/wp-content\/uploads\/2022\/10\/vert-et-jaune-colore-blocs-conference-evenement-site-web-300x169.png 300w, https:\/\/fcpe-college-sabineweiss.le-pic.org\/wp-content\/uploads\/2022\/10\/vert-et-jaune-colore-blocs-conference-evenement-site-web-1024x576.png 1024w, https:\/\/fcpe-college-sabineweiss.le-pic.org\/wp-content\/uploads\/2022\/10\/vert-et-jaune-colore-blocs-conference-evenement-site-web-768x432.png 768w\" sizes=\"auto, (max-width: 507px) 100vw, 507px\" \/><\/figure>\n\n\n\n<p><br>Elle est saisie obligatoirement des questions qui rel\u00e8vent des domaines suivants&nbsp;:<\/p>\n\n\n\n<ul class=\"wp-block-list\">\n<li>Organisation de l\u2019\u00e9tablissement en classes et groupes d\u2019\u00e9l\u00e8ves<\/li>\n\n\n\n<li><strong>R\u00e9partition de la\u00a0<a href=\"https:\/\/collegeguilhermy.wordpress.com\/commission-permanente-cp\/\">Dotation Globale Horaire<\/a><\/strong><\/li>\n\n\n\n<li>Organisation du temps scolaire et modalit\u00e9s de vie dans l\u2019\u00e9tablissement<\/li>\n\n\n\n<li>Pr\u00e9paration de l\u2019orientation<\/li>\n\n\n\n<li>Actions de formation compl\u00e9mentaire et de formation continue destin\u00e9es aux \u00e9l\u00e8ves et aux adultes<\/li>\n\n\n\n<li>Ouverture de l\u2019\u00e9tablissement sur son environnement social, culture , \u00e9conomique<\/li>\n\n\n\n<li>Choix de sujets d\u2019\u00e9tudes sp\u00e9cifiques \u00e0 l\u2019\u00e9tablissement pour compl\u00e9ter ceux qui figurent aux programmes nationaux<\/li>\n\n\n\n<li>Principe et les modalit\u00e9s d\u2019organisation par l\u2019\u00e9tablissement d\u2019activit\u00e9s p\u00e9dagogiques \u00e0 caract\u00e8re facultatif avec accord des familles (sorties, voyages, \u2026)<\/li>\n<\/ul>\n\n\n\n<p>Elle est compos\u00e9e de:<\/p>\n\n\n\n<ul class=\"wp-block-list\">\n<li>Membres de droit:<\/li>\n<\/ul>\n\n\n\n<p>Le Chef d\u2019\u00e9tablissement<\/p>\n\n\n\n<p>Le Principal-Adjoint<\/p>\n\n\n\n<p>Le directeur adjoint de la SEGPA<\/p>\n\n\n\n<p>Le gestionnaire<\/p>\n\n\n\n<p>Le conseiller principal d\u2019\u00e9ducation<\/p>\n\n\n\n<ul class=\"wp-block-list\">\n<li>Membres \u00e9lus:<\/li>\n<\/ul>\n\n\n\n<p>4 repr\u00e9sentants des personnels enseignants , d\u2019\u00e9ducation et de documentation<\/p>\n\n\n\n<p>1 repr\u00e9sentant des personnels ATOSS<br>4 repr\u00e9sentants des parents d\u2019\u00e9l\u00e8ves<\/p>\n\n\n\n<p>1 repr\u00e9sentant des \u00e9l\u00e8ves<\/p>\n\n\n\n<ul class=\"wp-block-list\">\n<li>Membres d\u00e9sign\u00e9s:<br>1 repr\u00e9sentant de la commune si\u00e8ge de l\u2019\u00e9tablissement<br>1 repr\u00e9sentant de la collectivit\u00e9 de rattachement<\/li>\n<\/ul>\n","protected":false},"excerpt":{"rendered":"<p>La commission permanente a la charge d\u2019instruire les questions soumises \u00e0 l\u2019examen du conseil d\u2019administration. Elle est saisie obligatoirement des questions qui rel\u00e8vent des domaines suivants&nbsp;: Elle est compos\u00e9e de: Le Chef d\u2019\u00e9tablissement Le Principal-Adjoint Le directeur adjoint de la SEGPA Le gestionnaire Le conseiller principal d\u2019\u00e9ducation 4 repr\u00e9sentants des personnels enseignants , d\u2019\u00e9ducation et [&hellip;]<\/p>\n","protected":false},"author":2,"featured_media":0,"parent":0,"menu_order":0,"comment_status":"closed","ping_status":"closed","template":"","meta":{"footnotes":""},"class_list":["post-331","page","type-page","status-publish","hentry"],"yoast_head":"<!-- This site is optimized with the Yoast SEO plugin v27.3 - https:\/\/yoast.com\/product\/yoast-seo-wordpress\/ -->\n<title>Commission Permanente (CP) - FCPE Coll\u00e8ge Sabine Weiss Toulouse<\/title>\n<meta name=\"robots\" content=\"index, follow, max-snippet:-1, max-image-preview:large, max-video-preview:-1\" \/>\n<link rel=\"canonical\" href=\"https:\/\/fcpe-college-sabineweiss.le-pic.org\/index.php\/commission-permanente-cp\/\" \/>\n<meta property=\"og:locale\" content=\"fr_FR\" \/>\n<meta property=\"og:type\" content=\"article\" \/>\n<meta property=\"og:title\" content=\"Commission Permanente (CP) - FCPE Coll\u00e8ge Sabine Weiss Toulouse\" \/>\n<meta property=\"og:description\" content=\"La commission permanente a la charge d\u2019instruire les questions soumises \u00e0 l\u2019examen du conseil d\u2019administration. Elle est saisie obligatoirement des questions qui rel\u00e8vent des domaines suivants&nbsp;: Elle est compos\u00e9e de: Le Chef d\u2019\u00e9tablissement Le Principal-Adjoint Le directeur adjoint de la SEGPA Le gestionnaire Le conseiller principal d\u2019\u00e9ducation 4 repr\u00e9sentants des personnels enseignants , d\u2019\u00e9ducation et [&hellip;]\" \/>\n<meta property=\"og:url\" content=\"https:\/\/fcpe-college-sabineweiss.le-pic.org\/index.php\/commission-permanente-cp\/\" \/>\n<meta property=\"og:site_name\" content=\"FCPE Coll\u00e8ge Sabine Weiss Toulouse\" \/>\n<meta property=\"article:publisher\" content=\"https:\/\/www.facebook.com\/groups\/collegeguilhermy\" \/>\n<meta property=\"og:image\" content=\"https:\/\/fcpe-guilhermy-st1.le-pic.org\/wp-content\/uploads\/2022\/10\/vert-et-jaune-colore-blocs-conference-evenement-site-web.png?w=1024\" \/>\n<meta name=\"twitter:card\" content=\"summary_large_image\" \/>\n<meta name=\"twitter:label1\" content=\"Dur\u00e9e de lecture estim\u00e9e\" \/>\n\t<meta name=\"twitter:data1\" content=\"1 minute\" \/>\n<script type=\"application\/ld+json\" class=\"yoast-schema-graph\">{\"@context\":\"https:\\\/\\\/schema.org\",\"@graph\":[{\"@type\":\"WebPage\",\"@id\":\"https:\\\/\\\/fcpe-college-sabineweiss.le-pic.org\\\/index.php\\\/commission-permanente-cp\\\/\",\"url\":\"https:\\\/\\\/fcpe-college-sabineweiss.le-pic.org\\\/index.php\\\/commission-permanente-cp\\\/\",\"name\":\"Commission Permanente (CP) - FCPE Coll\u00e8ge Sabine Weiss Toulouse\",\"isPartOf\":{\"@id\":\"https:\\\/\\\/fcpe-college-sabineweiss.le-pic.org\\\/#website\"},\"primaryImageOfPage\":{\"@id\":\"https:\\\/\\\/fcpe-college-sabineweiss.le-pic.org\\\/index.php\\\/commission-permanente-cp\\\/#primaryimage\"},\"image\":{\"@id\":\"https:\\\/\\\/fcpe-college-sabineweiss.le-pic.org\\\/index.php\\\/commission-permanente-cp\\\/#primaryimage\"},\"thumbnailUrl\":\"https:\\\/\\\/fcpe-guilhermy-st1.le-pic.org\\\/wp-content\\\/uploads\\\/2022\\\/10\\\/vert-et-jaune-colore-blocs-conference-evenement-site-web.png?w=1024\",\"datePublished\":\"2022-10-04T11:33:28+00:00\",\"breadcrumb\":{\"@id\":\"https:\\\/\\\/fcpe-college-sabineweiss.le-pic.org\\\/index.php\\\/commission-permanente-cp\\\/#breadcrumb\"},\"inLanguage\":\"fr-FR\",\"potentialAction\":[{\"@type\":\"ReadAction\",\"target\":[\"https:\\\/\\\/fcpe-college-sabineweiss.le-pic.org\\\/index.php\\\/commission-permanente-cp\\\/\"]}]},{\"@type\":\"ImageObject\",\"inLanguage\":\"fr-FR\",\"@id\":\"https:\\\/\\\/fcpe-college-sabineweiss.le-pic.org\\\/index.php\\\/commission-permanente-cp\\\/#primaryimage\",\"url\":\"https:\\\/\\\/fcpe-guilhermy-st1.le-pic.org\\\/wp-content\\\/uploads\\\/2022\\\/10\\\/vert-et-jaune-colore-blocs-conference-evenement-site-web.png?w=1024\",\"contentUrl\":\"https:\\\/\\\/fcpe-guilhermy-st1.le-pic.org\\\/wp-content\\\/uploads\\\/2022\\\/10\\\/vert-et-jaune-colore-blocs-conference-evenement-site-web.png?w=1024\"},{\"@type\":\"BreadcrumbList\",\"@id\":\"https:\\\/\\\/fcpe-college-sabineweiss.le-pic.org\\\/index.php\\\/commission-permanente-cp\\\/#breadcrumb\",\"itemListElement\":[{\"@type\":\"ListItem\",\"position\":1,\"name\":\"Accueil\",\"item\":\"https:\\\/\\\/fcpe-college-sabineweiss.le-pic.org\\\/\"},{\"@type\":\"ListItem\",\"position\":2,\"name\":\"Commission Permanente (CP)\"}]},{\"@type\":\"WebSite\",\"@id\":\"https:\\\/\\\/fcpe-college-sabineweiss.le-pic.org\\\/#website\",\"url\":\"https:\\\/\\\/fcpe-college-sabineweiss.le-pic.org\\\/\",\"name\":\"FCPE Coll\u00e8ge Sabine Weiss Toulouse\",\"description\":\"Agir, informer et repr\u00e9senter les parents d&#039;\u00e9l\u00e8ves du coll\u00e8ge Sabine Weiss de Toulouse (ex-Guilhermy)\",\"publisher\":{\"@id\":\"https:\\\/\\\/fcpe-college-sabineweiss.le-pic.org\\\/#organization\"},\"potentialAction\":[{\"@type\":\"SearchAction\",\"target\":{\"@type\":\"EntryPoint\",\"urlTemplate\":\"https:\\\/\\\/fcpe-college-sabineweiss.le-pic.org\\\/?s={search_term_string}\"},\"query-input\":{\"@type\":\"PropertyValueSpecification\",\"valueRequired\":true,\"valueName\":\"search_term_string\"}}],\"inLanguage\":\"fr-FR\"},{\"@type\":\"Organization\",\"@id\":\"https:\\\/\\\/fcpe-college-sabineweiss.le-pic.org\\\/#organization\",\"name\":\"FCPE Coll\u00e8ge Sabine Weiss Toulouse\",\"url\":\"https:\\\/\\\/fcpe-college-sabineweiss.le-pic.org\\\/\",\"logo\":{\"@type\":\"ImageObject\",\"inLanguage\":\"fr-FR\",\"@id\":\"https:\\\/\\\/fcpe-college-sabineweiss.le-pic.org\\\/#\\\/schema\\\/logo\\\/image\\\/\",\"url\":\"https:\\\/\\\/fcpe-college-sabineweiss.le-pic.org\\\/wp-content\\\/uploads\\\/2022\\\/10\\\/College.png\",\"contentUrl\":\"https:\\\/\\\/fcpe-college-sabineweiss.le-pic.org\\\/wp-content\\\/uploads\\\/2022\\\/10\\\/College.png\",\"width\":500,\"height\":500,\"caption\":\"FCPE Coll\u00e8ge Sabine Weiss Toulouse\"},\"image\":{\"@id\":\"https:\\\/\\\/fcpe-college-sabineweiss.le-pic.org\\\/#\\\/schema\\\/logo\\\/image\\\/\"},\"sameAs\":[\"https:\\\/\\\/www.facebook.com\\\/groups\\\/collegeguilhermy\"]}]}<\/script>\n<!-- \/ Yoast SEO plugin. -->","yoast_head_json":{"title":"Commission Permanente (CP) - FCPE Coll\u00e8ge Sabine Weiss Toulouse","robots":{"index":"index","follow":"follow","max-snippet":"max-snippet:-1","max-image-preview":"max-image-preview:large","max-video-preview":"max-video-preview:-1"},"canonical":"https:\/\/fcpe-college-sabineweiss.le-pic.org\/index.php\/commission-permanente-cp\/","og_locale":"fr_FR","og_type":"article","og_title":"Commission Permanente (CP) - FCPE Coll\u00e8ge Sabine Weiss Toulouse","og_description":"La commission permanente a la charge d\u2019instruire les questions soumises \u00e0 l\u2019examen du conseil d\u2019administration. Elle est saisie obligatoirement des questions qui rel\u00e8vent des domaines suivants&nbsp;: Elle est compos\u00e9e de: Le Chef d\u2019\u00e9tablissement Le Principal-Adjoint Le directeur adjoint de la SEGPA Le gestionnaire Le conseiller principal d\u2019\u00e9ducation 4 repr\u00e9sentants des personnels enseignants , d\u2019\u00e9ducation et [&hellip;]","og_url":"https:\/\/fcpe-college-sabineweiss.le-pic.org\/index.php\/commission-permanente-cp\/","og_site_name":"FCPE Coll\u00e8ge Sabine Weiss Toulouse","article_publisher":"https:\/\/www.facebook.com\/groups\/collegeguilhermy","og_image":[{"url":"https:\/\/fcpe-guilhermy-st1.le-pic.org\/wp-content\/uploads\/2022\/10\/vert-et-jaune-colore-blocs-conference-evenement-site-web.png?w=1024","type":"","width":"","height":""}],"twitter_card":"summary_large_image","twitter_misc":{"Dur\u00e9e de lecture estim\u00e9e":"1 minute"},"schema":{"@context":"https:\/\/schema.org","@graph":[{"@type":"WebPage","@id":"https:\/\/fcpe-college-sabineweiss.le-pic.org\/index.php\/commission-permanente-cp\/","url":"https:\/\/fcpe-college-sabineweiss.le-pic.org\/index.php\/commission-permanente-cp\/","name":"Commission Permanente (CP) - FCPE Coll\u00e8ge Sabine Weiss Toulouse","isPartOf":{"@id":"https:\/\/fcpe-college-sabineweiss.le-pic.org\/#website"},"primaryImageOfPage":{"@id":"https:\/\/fcpe-college-sabineweiss.le-pic.org\/index.php\/commission-permanente-cp\/#primaryimage"},"image":{"@id":"https:\/\/fcpe-college-sabineweiss.le-pic.org\/index.php\/commission-permanente-cp\/#primaryimage"},"thumbnailUrl":"https:\/\/fcpe-guilhermy-st1.le-pic.org\/wp-content\/uploads\/2022\/10\/vert-et-jaune-colore-blocs-conference-evenement-site-web.png?w=1024","datePublished":"2022-10-04T11:33:28+00:00","breadcrumb":{"@id":"https:\/\/fcpe-college-sabineweiss.le-pic.org\/index.php\/commission-permanente-cp\/#breadcrumb"},"inLanguage":"fr-FR","potentialAction":[{"@type":"ReadAction","target":["https:\/\/fcpe-college-sabineweiss.le-pic.org\/index.php\/commission-permanente-cp\/"]}]},{"@type":"ImageObject","inLanguage":"fr-FR","@id":"https:\/\/fcpe-college-sabineweiss.le-pic.org\/index.php\/commission-permanente-cp\/#primaryimage","url":"https:\/\/fcpe-guilhermy-st1.le-pic.org\/wp-content\/uploads\/2022\/10\/vert-et-jaune-colore-blocs-conference-evenement-site-web.png?w=1024","contentUrl":"https:\/\/fcpe-guilhermy-st1.le-pic.org\/wp-content\/uploads\/2022\/10\/vert-et-jaune-colore-blocs-conference-evenement-site-web.png?w=1024"},{"@type":"BreadcrumbList","@id":"https:\/\/fcpe-college-sabineweiss.le-pic.org\/index.php\/commission-permanente-cp\/#breadcrumb","itemListElement":[{"@type":"ListItem","position":1,"name":"Accueil","item":"https:\/\/fcpe-college-sabineweiss.le-pic.org\/"},{"@type":"ListItem","position":2,"name":"Commission Permanente (CP)"}]},{"@type":"WebSite","@id":"https:\/\/fcpe-college-sabineweiss.le-pic.org\/#website","url":"https:\/\/fcpe-college-sabineweiss.le-pic.org\/","name":"FCPE Coll\u00e8ge Sabine Weiss Toulouse","description":"Agir, informer et repr\u00e9senter les parents d&#039;\u00e9l\u00e8ves du coll\u00e8ge Sabine Weiss de Toulouse (ex-Guilhermy)","publisher":{"@id":"https:\/\/fcpe-college-sabineweiss.le-pic.org\/#organization"},"potentialAction":[{"@type":"SearchAction","target":{"@type":"EntryPoint","urlTemplate":"https:\/\/fcpe-college-sabineweiss.le-pic.org\/?s={search_term_string}"},"query-input":{"@type":"PropertyValueSpecification","valueRequired":true,"valueName":"search_term_string"}}],"inLanguage":"fr-FR"},{"@type":"Organization","@id":"https:\/\/fcpe-college-sabineweiss.le-pic.org\/#organization","name":"FCPE Coll\u00e8ge Sabine Weiss Toulouse","url":"https:\/\/fcpe-college-sabineweiss.le-pic.org\/","logo":{"@type":"ImageObject","inLanguage":"fr-FR","@id":"https:\/\/fcpe-college-sabineweiss.le-pic.org\/#\/schema\/logo\/image\/","url":"https:\/\/fcpe-college-sabineweiss.le-pic.org\/wp-content\/uploads\/2022\/10\/College.png","contentUrl":"https:\/\/fcpe-college-sabineweiss.le-pic.org\/wp-content\/uploads\/2022\/10\/College.png","width":500,"height":500,"caption":"FCPE Coll\u00e8ge Sabine Weiss Toulouse"},"image":{"@id":"https:\/\/fcpe-college-sabineweiss.le-pic.org\/#\/schema\/logo\/image\/"},"sameAs":["https:\/\/www.facebook.com\/groups\/collegeguilhermy"]}]}},"_links":{"self":[{"href":"https:\/\/fcpe-college-sabineweiss.le-pic.org\/index.php\/wp-json\/wp\/v2\/pages\/331","targetHints":{"allow":["GET"]}}],"collection":[{"href":"https:\/\/fcpe-college-sabineweiss.le-pic.org\/index.php\/wp-json\/wp\/v2\/pages"}],"about":[{"href":"https:\/\/fcpe-college-sabineweiss.le-pic.org\/index.php\/wp-json\/wp\/v2\/types\/page"}],"author":[{"embeddable":true,"href":"https:\/\/fcpe-college-sabineweiss.le-pic.org\/index.php\/wp-json\/wp\/v2\/users\/2"}],"replies":[{"embeddable":true,"href":"https:\/\/fcpe-college-sabineweiss.le-pic.org\/index.php\/wp-json\/wp\/v2\/comments?post=331"}],"version-history":[{"count":0,"href":"https:\/\/fcpe-college-sabineweiss.le-pic.org\/index.php\/wp-json\/wp\/v2\/pages\/331\/revisions"}],"wp:attachment":[{"href":"https:\/\/fcpe-college-sabineweiss.le-pic.org\/index.php\/wp-json\/wp\/v2\/media?parent=331"}],"curies":[{"name":"wp","href":"https:\/\/api.w.org\/{rel}","templated":true}]}}