{"id":325,"date":"2022-10-04T13:25:25","date_gmt":"2022-10-04T11:25:25","guid":{"rendered":"https:\/\/collegeguilhermy.wordpress.com\/?page_id=325"},"modified":"2022-10-18T18:41:32","modified_gmt":"2022-10-18T16:41:32","slug":"la-dotation-horaire-globale-dhg","status":"publish","type":"page","link":"https:\/\/fcpe-college-sabineweiss.le-pic.org\/index.php\/la-dotation-horaire-globale-dhg\/","title":{"rendered":"La Dotation Horaire Globale\u00a0(DHG)"},"content":{"rendered":"\n<figure class=\"wp-block-image size-large\"><img loading=\"lazy\" decoding=\"async\" width=\"2000\" height=\"1414\" src=\"https:\/\/fcpe-guilhermy-st1.le-pic.org\/wp-content\/uploads\/2022\/10\/sitefcpe_dhg.png?w=1024\" alt=\"\" class=\"wp-image-346\" srcset=\"https:\/\/fcpe-college-sabineweiss.le-pic.org\/wp-content\/uploads\/2022\/10\/sitefcpe_dhg.png 2000w, https:\/\/fcpe-college-sabineweiss.le-pic.org\/wp-content\/uploads\/2022\/10\/sitefcpe_dhg-300x212.png 300w, https:\/\/fcpe-college-sabineweiss.le-pic.org\/wp-content\/uploads\/2022\/10\/sitefcpe_dhg-1024x724.png 1024w, https:\/\/fcpe-college-sabineweiss.le-pic.org\/wp-content\/uploads\/2022\/10\/sitefcpe_dhg-768x543.png 768w, https:\/\/fcpe-college-sabineweiss.le-pic.org\/wp-content\/uploads\/2022\/10\/sitefcpe_dhg-1536x1086.png 1536w\" sizes=\"auto, (max-width: 2000px) 100vw, 2000px\" \/><\/figure>\n\n\n\n<h1 class=\"wp-block-heading\"><strong>Qu\u2019est-ce que c\u2019est ?<\/strong><\/h1>\n\n\n\n<p><strong>La Dotation Horaire Globale (DHG), ce terme r\u00e9barbatif d\u00e9signe le carburant indispensable de l\u2019\u00e9tablissement du second degr\u00e9.<\/strong><\/p>\n\n\n\n<p><em>Aussi bien au coll\u00e8ge qu\u2019au lyc\u00e9e, les repr\u00e9sentants des parents d\u2019\u00e9l\u00e8ves sont amen\u00e9s \u00e0 prendre position sur la Dotation Horaire Globale de la prochaine ann\u00e9e scolaire.<\/em><\/p>\n\n\n\n<p><strong>C\u2019est le volume d\u2019heures d\u00e9volu au fonctionnement des enseignements.<\/strong><\/p>\n\n\n\n<p>Chaque \u00e9tablissement re\u00e7oit une DHG qui lui est attribu\u00e9e par l\u2019Inspection d\u2019Acad\u00e9mie pour les coll\u00e8ges, et par le Rectorat pour les lyc\u00e9es.<\/p>\n\n\n\n<p>Elle comporte&nbsp;:<\/p>\n\n\n\n<ul class=\"wp-block-list\"><li><em>Une partie fixe, qui couvre le programme obligatoire&nbsp;<\/em>: en effet, pour chaque discipline et chaque niveau de classe, il existe un \u00ab&nbsp;horaire-plancher&nbsp;\u00bb, fix\u00e9 par le cadre r\u00e8glementaire, en-dessous duquel l\u2019\u00e9tablissement ne peut pas descendre ;<\/li><li><em>Une partie de la DHG est laiss\u00e9e \u00e0 disposition de l\u2019\u00e9tablissement dans le cadre de son autonomie p\u00e9dagogique.<\/em>&nbsp;Cette marge de man\u0153uvre permet \u00e0 l\u2019\u00e9tablissement d\u2019organiser le soutien scolaire, et de promouvoir certaines options ou langues.<\/li><\/ul>\n\n\n\n<p>Sur la base de la DHG qui lui est allou\u00e9e, le Chef d\u2019Etablissement propose au Conseil d\u2019Administration un projet de r\u00e9partition et d\u2019utilisation de ces moyens.<\/p>\n\n\n\n<p><strong>Le Conseil d\u2019Administration est donc appel\u00e9 \u00e0 se prononcer sur la mise en \u0153uvre des moyens allou\u00e9s, et non sur ces moyens eux-m\u00eames.<\/strong><\/p>\n\n\n\n<h1 class=\"wp-block-heading\"><strong>Comment la DHG est-elle calcul\u00e9e&nbsp;?<\/strong><\/h1>\n\n\n\n<p>La Dotation d\u00e9coule&nbsp;<strong>du nombre d\u2019\u00e9l\u00e8ves, calcul\u00e9 selon les pr\u00e9visions d\u2019effectifs de l\u2019administration,<\/strong>&nbsp;et se calcule sur la base d\u2019un rapport&nbsp;<strong>H\/E (heures par \u00e9l\u00e8ves), impos\u00e9 par l\u2019Inspection ou le Rectorat, et variable suivant les caract\u00e9ristiques de l\u2019\u00e9tablissement.<\/strong><\/p>\n\n\n\n<p>Deux param\u00e8tres peuvent donc \u00eatre utilis\u00e9s pour restreindre les moyens humains mis \u00e0 disposition des \u00e9tablissements, et faire ainsi des \u00e9conomies budg\u00e9taires&nbsp;:<\/p>\n\n\n\n<ul class=\"wp-block-list\"><li>sous-estimer les pr\u00e9visions d\u2019effectifs ;<\/li><li>faire diminuer e rapport H\/E de l\u2019\u00e9tablissement.<\/li><\/ul>\n\n\n\n<h1 class=\"wp-block-heading\">De <strong>quoi la DHG est-elle constitu\u00e9e&nbsp;?<\/strong><\/h1>\n\n\n\n<p>Les moyens humains mis \u00e0 disposition des chefs d\u2019\u00e9tablissement sont constitu\u00e9s&nbsp;<strong>d\u2019heures postes,<\/strong>&nbsp;couvertes par les obligations de service des enseignants, et&nbsp;<strong>d\u2019heures suppl\u00e9mentaires (HSA)<\/strong>.<\/p>\n\n\n\n<h1 class=\"wp-block-heading\"><strong>Calendrier de la DHG<\/strong><\/h1>\n\n\n\n<p>C\u2019est en effet au cours du deuxi\u00e8me trimestre que se d\u00e9cide l\u2019attribution des moyens pour l\u2019ann\u00e9e scolaire suivante&nbsp;:<\/p>\n\n\n\n<p><img loading=\"lazy\" decoding=\"async\" width=\"8\" height=\"11\" src=\"https:\/\/i0.wp.com\/fcpe92.fr\/descartes\/squelettes-dist\/puce.gif\" alt=\"-\">&nbsp;<strong>Le chef d\u2019\u00e9tablissement re\u00e7oit fin janvier ou en f\u00e9vrier la notification de la dotation horaire globale (DHG),&nbsp;<\/strong>du rectorat pour les lyc\u00e9es, de l\u2019inspection acad\u00e9mique pour les coll\u00e8ges. Il peut alors \u00eatre amen\u00e9 \u00e0 n\u00e9gocier avec l\u2019acad\u00e9mie les points de divergence entre ses pr\u00e9visions ou projets et les moyens allou\u00e9s ;<\/p>\n\n\n\n<p><img loading=\"lazy\" decoding=\"async\" width=\"8\" height=\"11\" src=\"https:\/\/i0.wp.com\/fcpe92.fr\/descartes\/squelettes-dist\/puce.gif\" alt=\"-\">&nbsp;<strong>Sur la base des moyens finalement octroy\u00e9s par l\u2019acad\u00e9mie, le chef d\u2019\u00e9tablissement \u00e9tablit un projet de structure et d\u2019emploi des heures allou\u00e9es.&nbsp;<\/strong>Son projet int\u00e8gre les besoins par discipline et les moyens en postes de professeurs titulaires dont dispose l\u2019\u00e9tablissement. Il r\u00e9partit les heures suppl\u00e9mentaires (HSA) impos\u00e9es dans la DHG, dans le respect des statuts des personnels. Il formule les moyens manquants en demandes de cr\u00e9ation de postes ou en demandes de moyens provisoires (professeurs rempla\u00e7ants) ;<\/p>\n\n\n\n<p><img loading=\"lazy\" decoding=\"async\" src=\"https:\/\/i0.wp.com\/fcpe92.fr\/descartes\/squelettes-dist\/puce.gif\" alt=\"-\" width=\"8\" height=\"11\">&nbsp;<strong>Le chef d\u2019\u00e9tablissement soumet son projet au vote du Conseil d\u2019Administration.<\/strong>&nbsp;Il doit \u00eatre envoy\u00e9 aux membres du CA au moins dix jours avant la session, \u00eatre instruit par la commission permanente, et d\u00e9battu en CA.<\/p>\n\n\n\n<h1 class=\"wp-block-heading\"><strong>Quels sont les documents propos\u00e9s au CA par le Chef d\u2019Etablissement&nbsp;?<\/strong><\/h1>\n\n\n\n<p>Le projet de r\u00e9partition de la DHG est mis en forme au travers de tableaux de synth\u00e8se exposant en 2 volets&nbsp;:<\/p>\n\n\n\n<p><img loading=\"lazy\" decoding=\"async\" width=\"8\" height=\"11\" src=\"https:\/\/i0.wp.com\/fcpe92.fr\/descartes\/squelettes-dist\/puce.gif\" alt=\"-\">&nbsp;<strong>Le nombre de classes par niveau et les effectifs moyens par classe, les horaires par discipline et par classe ;<\/strong><\/p>\n\n\n\n<p><img loading=\"lazy\" decoding=\"async\" width=\"8\" height=\"11\" src=\"https:\/\/i0.wp.com\/fcpe92.fr\/descartes\/squelettes-dist\/puce.gif\" alt=\"-\">&nbsp;<strong>Le Tableau de R\u00e9partition des Moyens par Discipline&nbsp;(TRMD) :&nbsp;<\/strong>il s\u2019agit d\u2019un tableau de bord qui met en regard le nombre d\u2019heures n\u00e9cessaires par discipline et les moyens humains disponibles dans l\u2019\u00e9tablissement en postes fixes. Il d\u00e9duit de ces donn\u00e9es le nombre d\u2019heures suppl\u00e9mentaires n\u00e9cessaires par discipline, les suppressions de postes, les cr\u00e9ations et les demandes de compl\u00e9ments de service.<\/p>\n\n\n\n<h1 class=\"wp-block-heading\"><strong>Quel est le r\u00f4le du CA&nbsp;?<\/strong><\/h1>\n\n\n\n<p><strong>Le CA se prononce sur la r\u00e9partition des moyens par discipline mais pas sur les moyens eux-m\u00eames<\/strong>. En effet, le vote porte sur l\u2019emploi de la dotation en heures d\u2019enseignement. Le chef d\u2019\u00e9tablissement est oblig\u00e9 de s\u2019inscrire dans l\u2019enveloppe horaire impos\u00e9e, mais&nbsp;<strong>les \u00e9lus peuvent \u00eatre amen\u00e9s \u00e0 voter contre sa proposition afin d\u2019exprimer leurs r\u00e9serves sur l\u2019enveloppe allou\u00e9e.<\/strong><\/p>\n\n\n\n<p>En effet, si le montant de la dotation ne permet pas de couvrir les besoins estim\u00e9s, la r\u00e9partition ne pourra pas \u00eatre satisfaisante.<\/p>\n\n\n\n<p>Il peut arriver en effet qu\u2019une DHG insuffisante ne permette pas \u00e0 l\u2019\u00e9tablissement de r\u00e9aliser certaines actions p\u00e9dagogiques jug\u00e9es importantes par l\u2019ensemble de la communaut\u00e9 \u00e9ducative&nbsp;: maintien ou mise en place d\u2019options, maintien ou mise en place d\u2019actions de soutien en faveur des \u00e9l\u00e8ves en difficult\u00e9\u2026<\/p>\n\n\n\n<div data-wp-interactive=\"core\/file\" class=\"wp-block-file\"><object data-wp-bind--hidden=\"!state.hasPdfPreview\" hidden class=\"wp-block-file__embed\" data=\"https:\/\/fcpe-college-sabineweiss.le-pic.org\/wp-content\/uploads\/2022\/10\/fcpedhgcollege2022-1.pdf\" type=\"application\/pdf\" style=\"width:100%;height:600px\" aria-label=\"Contenu embarqu\u00e9 Contenu embarqu\u00e9 fcpedhgcollege2022-1..\"><\/object><a id=\"wp-block-file--media-72537f5d-7e74-482d-a77b-34c35d6d66d0\" href=\"https:\/\/fcpe-college-sabineweiss.le-pic.org\/wp-content\/uploads\/2022\/10\/fcpedhgcollege2022-1.pdf\">fcpedhgcollege2022-1<\/a><a href=\"https:\/\/fcpe-college-sabineweiss.le-pic.org\/wp-content\/uploads\/2022\/10\/fcpedhgcollege2022-1.pdf\" class=\"wp-block-file__button\" download aria-describedby=\"wp-block-file--media-72537f5d-7e74-482d-a77b-34c35d6d66d0\">T\u00e9l\u00e9charger<\/a><\/div>\n","protected":false},"excerpt":{"rendered":"<p>Qu\u2019est-ce que c\u2019est ? La Dotation Horaire Globale (DHG), ce terme r\u00e9barbatif d\u00e9signe le carburant indispensable de l\u2019\u00e9tablissement du second degr\u00e9. Aussi bien au coll\u00e8ge qu\u2019au lyc\u00e9e, les repr\u00e9sentants des parents d\u2019\u00e9l\u00e8ves sont amen\u00e9s \u00e0 prendre position sur la Dotation Horaire Globale de la prochaine ann\u00e9e scolaire. C\u2019est le volume d\u2019heures d\u00e9volu au fonctionnement des [&hellip;]<\/p>\n","protected":false},"author":2,"featured_media":0,"parent":0,"menu_order":0,"comment_status":"closed","ping_status":"closed","template":"","meta":{"footnotes":""},"class_list":["post-325","page","type-page","status-publish","hentry"],"yoast_head":"<!-- This site is optimized with the Yoast SEO plugin v27.3 - https:\/\/yoast.com\/product\/yoast-seo-wordpress\/ -->\n<title>La Dotation Horaire Globale\u00a0(DHG) - FCPE Coll\u00e8ge Sabine Weiss Toulouse<\/title>\n<meta name=\"robots\" content=\"index, follow, max-snippet:-1, max-image-preview:large, max-video-preview:-1\" \/>\n<link rel=\"canonical\" href=\"https:\/\/fcpe-college-sabineweiss.le-pic.org\/index.php\/la-dotation-horaire-globale-dhg\/\" \/>\n<meta property=\"og:locale\" content=\"fr_FR\" \/>\n<meta property=\"og:type\" content=\"article\" \/>\n<meta property=\"og:title\" content=\"La Dotation Horaire Globale\u00a0(DHG) - FCPE Coll\u00e8ge Sabine Weiss Toulouse\" \/>\n<meta property=\"og:description\" content=\"Qu\u2019est-ce que c\u2019est ? La Dotation Horaire Globale (DHG), ce terme r\u00e9barbatif d\u00e9signe le carburant indispensable de l\u2019\u00e9tablissement du second degr\u00e9. Aussi bien au coll\u00e8ge qu\u2019au lyc\u00e9e, les repr\u00e9sentants des parents d\u2019\u00e9l\u00e8ves sont amen\u00e9s \u00e0 prendre position sur la Dotation Horaire Globale de la prochaine ann\u00e9e scolaire. C\u2019est le volume d\u2019heures d\u00e9volu au fonctionnement des [&hellip;]\" \/>\n<meta property=\"og:url\" content=\"https:\/\/fcpe-college-sabineweiss.le-pic.org\/index.php\/la-dotation-horaire-globale-dhg\/\" \/>\n<meta property=\"og:site_name\" content=\"FCPE Coll\u00e8ge Sabine Weiss Toulouse\" \/>\n<meta property=\"article:publisher\" content=\"https:\/\/www.facebook.com\/groups\/collegeguilhermy\" \/>\n<meta property=\"article:modified_time\" content=\"2022-10-18T16:41:32+00:00\" \/>\n<meta property=\"og:image\" content=\"https:\/\/fcpe-guilhermy-st1.le-pic.org\/wp-content\/uploads\/2022\/10\/sitefcpe_dhg.png?w=1024\" \/>\n<meta name=\"twitter:card\" content=\"summary_large_image\" \/>\n<meta name=\"twitter:label1\" content=\"Dur\u00e9e de lecture estim\u00e9e\" \/>\n\t<meta name=\"twitter:data1\" content=\"5 minutes\" \/>\n<script type=\"application\/ld+json\" class=\"yoast-schema-graph\">{\"@context\":\"https:\\\/\\\/schema.org\",\"@graph\":[{\"@type\":\"WebPage\",\"@id\":\"https:\\\/\\\/fcpe-college-sabineweiss.le-pic.org\\\/index.php\\\/la-dotation-horaire-globale-dhg\\\/\",\"url\":\"https:\\\/\\\/fcpe-college-sabineweiss.le-pic.org\\\/index.php\\\/la-dotation-horaire-globale-dhg\\\/\",\"name\":\"La Dotation Horaire Globale\u00a0(DHG) - FCPE Coll\u00e8ge Sabine Weiss Toulouse\",\"isPartOf\":{\"@id\":\"https:\\\/\\\/fcpe-college-sabineweiss.le-pic.org\\\/#website\"},\"primaryImageOfPage\":{\"@id\":\"https:\\\/\\\/fcpe-college-sabineweiss.le-pic.org\\\/index.php\\\/la-dotation-horaire-globale-dhg\\\/#primaryimage\"},\"image\":{\"@id\":\"https:\\\/\\\/fcpe-college-sabineweiss.le-pic.org\\\/index.php\\\/la-dotation-horaire-globale-dhg\\\/#primaryimage\"},\"thumbnailUrl\":\"https:\\\/\\\/fcpe-guilhermy-st1.le-pic.org\\\/wp-content\\\/uploads\\\/2022\\\/10\\\/sitefcpe_dhg.png?w=1024\",\"datePublished\":\"2022-10-04T11:25:25+00:00\",\"dateModified\":\"2022-10-18T16:41:32+00:00\",\"breadcrumb\":{\"@id\":\"https:\\\/\\\/fcpe-college-sabineweiss.le-pic.org\\\/index.php\\\/la-dotation-horaire-globale-dhg\\\/#breadcrumb\"},\"inLanguage\":\"fr-FR\",\"potentialAction\":[{\"@type\":\"ReadAction\",\"target\":[\"https:\\\/\\\/fcpe-college-sabineweiss.le-pic.org\\\/index.php\\\/la-dotation-horaire-globale-dhg\\\/\"]}]},{\"@type\":\"ImageObject\",\"inLanguage\":\"fr-FR\",\"@id\":\"https:\\\/\\\/fcpe-college-sabineweiss.le-pic.org\\\/index.php\\\/la-dotation-horaire-globale-dhg\\\/#primaryimage\",\"url\":\"https:\\\/\\\/fcpe-guilhermy-st1.le-pic.org\\\/wp-content\\\/uploads\\\/2022\\\/10\\\/sitefcpe_dhg.png?w=1024\",\"contentUrl\":\"https:\\\/\\\/fcpe-guilhermy-st1.le-pic.org\\\/wp-content\\\/uploads\\\/2022\\\/10\\\/sitefcpe_dhg.png?w=1024\"},{\"@type\":\"BreadcrumbList\",\"@id\":\"https:\\\/\\\/fcpe-college-sabineweiss.le-pic.org\\\/index.php\\\/la-dotation-horaire-globale-dhg\\\/#breadcrumb\",\"itemListElement\":[{\"@type\":\"ListItem\",\"position\":1,\"name\":\"Accueil\",\"item\":\"https:\\\/\\\/fcpe-college-sabineweiss.le-pic.org\\\/\"},{\"@type\":\"ListItem\",\"position\":2,\"name\":\"La Dotation Horaire Globale\u00a0(DHG)\"}]},{\"@type\":\"WebSite\",\"@id\":\"https:\\\/\\\/fcpe-college-sabineweiss.le-pic.org\\\/#website\",\"url\":\"https:\\\/\\\/fcpe-college-sabineweiss.le-pic.org\\\/\",\"name\":\"FCPE Coll\u00e8ge Sabine Weiss Toulouse\",\"description\":\"Agir, informer et repr\u00e9senter les parents d&#039;\u00e9l\u00e8ves du coll\u00e8ge Sabine Weiss de Toulouse (ex-Guilhermy)\",\"publisher\":{\"@id\":\"https:\\\/\\\/fcpe-college-sabineweiss.le-pic.org\\\/#organization\"},\"potentialAction\":[{\"@type\":\"SearchAction\",\"target\":{\"@type\":\"EntryPoint\",\"urlTemplate\":\"https:\\\/\\\/fcpe-college-sabineweiss.le-pic.org\\\/?s={search_term_string}\"},\"query-input\":{\"@type\":\"PropertyValueSpecification\",\"valueRequired\":true,\"valueName\":\"search_term_string\"}}],\"inLanguage\":\"fr-FR\"},{\"@type\":\"Organization\",\"@id\":\"https:\\\/\\\/fcpe-college-sabineweiss.le-pic.org\\\/#organization\",\"name\":\"FCPE Coll\u00e8ge Sabine Weiss Toulouse\",\"url\":\"https:\\\/\\\/fcpe-college-sabineweiss.le-pic.org\\\/\",\"logo\":{\"@type\":\"ImageObject\",\"inLanguage\":\"fr-FR\",\"@id\":\"https:\\\/\\\/fcpe-college-sabineweiss.le-pic.org\\\/#\\\/schema\\\/logo\\\/image\\\/\",\"url\":\"https:\\\/\\\/fcpe-college-sabineweiss.le-pic.org\\\/wp-content\\\/uploads\\\/2022\\\/10\\\/College.png\",\"contentUrl\":\"https:\\\/\\\/fcpe-college-sabineweiss.le-pic.org\\\/wp-content\\\/uploads\\\/2022\\\/10\\\/College.png\",\"width\":500,\"height\":500,\"caption\":\"FCPE Coll\u00e8ge Sabine Weiss Toulouse\"},\"image\":{\"@id\":\"https:\\\/\\\/fcpe-college-sabineweiss.le-pic.org\\\/#\\\/schema\\\/logo\\\/image\\\/\"},\"sameAs\":[\"https:\\\/\\\/www.facebook.com\\\/groups\\\/collegeguilhermy\"]}]}<\/script>\n<!-- \/ Yoast SEO plugin. -->","yoast_head_json":{"title":"La Dotation Horaire Globale\u00a0(DHG) - FCPE Coll\u00e8ge Sabine Weiss Toulouse","robots":{"index":"index","follow":"follow","max-snippet":"max-snippet:-1","max-image-preview":"max-image-preview:large","max-video-preview":"max-video-preview:-1"},"canonical":"https:\/\/fcpe-college-sabineweiss.le-pic.org\/index.php\/la-dotation-horaire-globale-dhg\/","og_locale":"fr_FR","og_type":"article","og_title":"La Dotation Horaire Globale\u00a0(DHG) - FCPE Coll\u00e8ge Sabine Weiss Toulouse","og_description":"Qu\u2019est-ce que c\u2019est ? La Dotation Horaire Globale (DHG), ce terme r\u00e9barbatif d\u00e9signe le carburant indispensable de l\u2019\u00e9tablissement du second degr\u00e9. Aussi bien au coll\u00e8ge qu\u2019au lyc\u00e9e, les repr\u00e9sentants des parents d\u2019\u00e9l\u00e8ves sont amen\u00e9s \u00e0 prendre position sur la Dotation Horaire Globale de la prochaine ann\u00e9e scolaire. C\u2019est le volume d\u2019heures d\u00e9volu au fonctionnement des [&hellip;]","og_url":"https:\/\/fcpe-college-sabineweiss.le-pic.org\/index.php\/la-dotation-horaire-globale-dhg\/","og_site_name":"FCPE Coll\u00e8ge Sabine Weiss Toulouse","article_publisher":"https:\/\/www.facebook.com\/groups\/collegeguilhermy","article_modified_time":"2022-10-18T16:41:32+00:00","og_image":[{"url":"https:\/\/fcpe-guilhermy-st1.le-pic.org\/wp-content\/uploads\/2022\/10\/sitefcpe_dhg.png?w=1024","type":"","width":"","height":""}],"twitter_card":"summary_large_image","twitter_misc":{"Dur\u00e9e de lecture estim\u00e9e":"5 minutes"},"schema":{"@context":"https:\/\/schema.org","@graph":[{"@type":"WebPage","@id":"https:\/\/fcpe-college-sabineweiss.le-pic.org\/index.php\/la-dotation-horaire-globale-dhg\/","url":"https:\/\/fcpe-college-sabineweiss.le-pic.org\/index.php\/la-dotation-horaire-globale-dhg\/","name":"La Dotation Horaire Globale\u00a0(DHG) - FCPE Coll\u00e8ge Sabine Weiss Toulouse","isPartOf":{"@id":"https:\/\/fcpe-college-sabineweiss.le-pic.org\/#website"},"primaryImageOfPage":{"@id":"https:\/\/fcpe-college-sabineweiss.le-pic.org\/index.php\/la-dotation-horaire-globale-dhg\/#primaryimage"},"image":{"@id":"https:\/\/fcpe-college-sabineweiss.le-pic.org\/index.php\/la-dotation-horaire-globale-dhg\/#primaryimage"},"thumbnailUrl":"https:\/\/fcpe-guilhermy-st1.le-pic.org\/wp-content\/uploads\/2022\/10\/sitefcpe_dhg.png?w=1024","datePublished":"2022-10-04T11:25:25+00:00","dateModified":"2022-10-18T16:41:32+00:00","breadcrumb":{"@id":"https:\/\/fcpe-college-sabineweiss.le-pic.org\/index.php\/la-dotation-horaire-globale-dhg\/#breadcrumb"},"inLanguage":"fr-FR","potentialAction":[{"@type":"ReadAction","target":["https:\/\/fcpe-college-sabineweiss.le-pic.org\/index.php\/la-dotation-horaire-globale-dhg\/"]}]},{"@type":"ImageObject","inLanguage":"fr-FR","@id":"https:\/\/fcpe-college-sabineweiss.le-pic.org\/index.php\/la-dotation-horaire-globale-dhg\/#primaryimage","url":"https:\/\/fcpe-guilhermy-st1.le-pic.org\/wp-content\/uploads\/2022\/10\/sitefcpe_dhg.png?w=1024","contentUrl":"https:\/\/fcpe-guilhermy-st1.le-pic.org\/wp-content\/uploads\/2022\/10\/sitefcpe_dhg.png?w=1024"},{"@type":"BreadcrumbList","@id":"https:\/\/fcpe-college-sabineweiss.le-pic.org\/index.php\/la-dotation-horaire-globale-dhg\/#breadcrumb","itemListElement":[{"@type":"ListItem","position":1,"name":"Accueil","item":"https:\/\/fcpe-college-sabineweiss.le-pic.org\/"},{"@type":"ListItem","position":2,"name":"La Dotation Horaire Globale\u00a0(DHG)"}]},{"@type":"WebSite","@id":"https:\/\/fcpe-college-sabineweiss.le-pic.org\/#website","url":"https:\/\/fcpe-college-sabineweiss.le-pic.org\/","name":"FCPE Coll\u00e8ge Sabine Weiss Toulouse","description":"Agir, informer et repr\u00e9senter les parents d&#039;\u00e9l\u00e8ves du coll\u00e8ge Sabine Weiss de Toulouse (ex-Guilhermy)","publisher":{"@id":"https:\/\/fcpe-college-sabineweiss.le-pic.org\/#organization"},"potentialAction":[{"@type":"SearchAction","target":{"@type":"EntryPoint","urlTemplate":"https:\/\/fcpe-college-sabineweiss.le-pic.org\/?s={search_term_string}"},"query-input":{"@type":"PropertyValueSpecification","valueRequired":true,"valueName":"search_term_string"}}],"inLanguage":"fr-FR"},{"@type":"Organization","@id":"https:\/\/fcpe-college-sabineweiss.le-pic.org\/#organization","name":"FCPE Coll\u00e8ge Sabine Weiss Toulouse","url":"https:\/\/fcpe-college-sabineweiss.le-pic.org\/","logo":{"@type":"ImageObject","inLanguage":"fr-FR","@id":"https:\/\/fcpe-college-sabineweiss.le-pic.org\/#\/schema\/logo\/image\/","url":"https:\/\/fcpe-college-sabineweiss.le-pic.org\/wp-content\/uploads\/2022\/10\/College.png","contentUrl":"https:\/\/fcpe-college-sabineweiss.le-pic.org\/wp-content\/uploads\/2022\/10\/College.png","width":500,"height":500,"caption":"FCPE Coll\u00e8ge Sabine Weiss Toulouse"},"image":{"@id":"https:\/\/fcpe-college-sabineweiss.le-pic.org\/#\/schema\/logo\/image\/"},"sameAs":["https:\/\/www.facebook.com\/groups\/collegeguilhermy"]}]}},"_links":{"self":[{"href":"https:\/\/fcpe-college-sabineweiss.le-pic.org\/index.php\/wp-json\/wp\/v2\/pages\/325","targetHints":{"allow":["GET"]}}],"collection":[{"href":"https:\/\/fcpe-college-sabineweiss.le-pic.org\/index.php\/wp-json\/wp\/v2\/pages"}],"about":[{"href":"https:\/\/fcpe-college-sabineweiss.le-pic.org\/index.php\/wp-json\/wp\/v2\/types\/page"}],"author":[{"embeddable":true,"href":"https:\/\/fcpe-college-sabineweiss.le-pic.org\/index.php\/wp-json\/wp\/v2\/users\/2"}],"replies":[{"embeddable":true,"href":"https:\/\/fcpe-college-sabineweiss.le-pic.org\/index.php\/wp-json\/wp\/v2\/comments?post=325"}],"version-history":[{"count":2,"href":"https:\/\/fcpe-college-sabineweiss.le-pic.org\/index.php\/wp-json\/wp\/v2\/pages\/325\/revisions"}],"predecessor-version":[{"id":684,"href":"https:\/\/fcpe-college-sabineweiss.le-pic.org\/index.php\/wp-json\/wp\/v2\/pages\/325\/revisions\/684"}],"wp:attachment":[{"href":"https:\/\/fcpe-college-sabineweiss.le-pic.org\/index.php\/wp-json\/wp\/v2\/media?parent=325"}],"curies":[{"name":"wp","href":"https:\/\/api.w.org\/{rel}","templated":true}]}}