{"id":222,"date":"2022-10-04T11:06:20","date_gmt":"2022-10-04T09:06:20","guid":{"rendered":"https:\/\/collegeguilhermy.wordpress.com\/?page_id=222"},"modified":"2022-10-04T11:06:20","modified_gmt":"2022-10-04T09:06:20","slug":"le-conseil-deducation-a-la-sante-et-a-la-citoyennete","status":"publish","type":"page","link":"https:\/\/fcpe-college-sabineweiss.le-pic.org\/index.php\/le-conseil-deducation-a-la-sante-et-a-la-citoyennete\/","title":{"rendered":"Le Conseil d&rsquo;Education \u00e0 la Sant\u00e9 et \u00e0 la Citoyennet\u00e9 ( CESC )"},"content":{"rendered":"\n<figure class=\"wp-block-image size-large is-resized\"><img loading=\"lazy\" decoding=\"async\" src=\"https:\/\/fcpe-guilhermy-st1.le-pic.org\/wp-content\/uploads\/2022\/10\/reunion2.png?w=1024\" alt=\"\" class=\"wp-image-340\" width=\"413\" height=\"232\" srcset=\"https:\/\/fcpe-college-sabineweiss.le-pic.org\/wp-content\/uploads\/2022\/10\/reunion2.png 1366w, https:\/\/fcpe-college-sabineweiss.le-pic.org\/wp-content\/uploads\/2022\/10\/reunion2-300x169.png 300w, https:\/\/fcpe-college-sabineweiss.le-pic.org\/wp-content\/uploads\/2022\/10\/reunion2-1024x576.png 1024w, https:\/\/fcpe-college-sabineweiss.le-pic.org\/wp-content\/uploads\/2022\/10\/reunion2-768x432.png 768w\" sizes=\"auto, (max-width: 413px) 100vw, 413px\" \/><\/figure>\n\n\n\n<p>Le Conseil d\u2019\u00c9ducation \u00e0 la Sant\u00e9 et \u00e0 la Citoyennet\u00e9 (CESC) s\u2019inscrit dans le pilotage de chaque \u00e9tablissement scolaire du second degr\u00e9, conform\u00e9ment aux dispositions des&nbsp;<a href=\"http:\/\/www.legifrance.gouv.fr\/affichCode.do?idArticle=LEGIARTI000018380672&amp;idSectionTA=LEGISCTA000018380674&amp;cidTexte=LEGITEXT000006071191&amp;dateTexte=20081104\" target=\"_blank\" rel=\"noreferrer noopener\">articles R 421-46<\/a>&nbsp;et&nbsp;<a href=\"http:\/\/www.legifrance.gouv.fr\/affichCodeArticle.do;jsessionid=092A84AC1A886D22855221692F597139.tpdjo14v_2?idArticle=LEGIARTI000018380670&amp;cidTexte=LEGITEXT000006071191&amp;dateTexte=20081104\">421-47<\/a>&nbsp;du Code l\u2019\u00e9ducation. Il est une instance de r\u00e9flexion, d\u2019observation et de proposition qui con\u00e7oit, met en \u0153uvre et \u00e9value un projet \u00e9ducatif en mati\u00e8re d\u2019\u00e9ducation \u00e0 la citoyennet\u00e9 et \u00e0 la sant\u00e9 et de pr\u00e9vention de la violence, int\u00e9gr\u00e9 au projet d\u2019\u00e9tablissement. Le CESC organise le partenariat en fonction des probl\u00e9matiques \u00e9ducatives \u00e0 traiter.<\/p>\n\n\n\n<p><a href=\"http:\/\/www.education.gouv.fr\/bo\/2006\/45\/MENE0602019C.htm\" target=\"_blank\" rel=\"noreferrer noopener\">Protection du milieu scolaire \u2013 Comit\u00e9 d\u2019\u00e9ducation \u00e0 la sant\u00e9 et \u00e0 la citoyennet\u00e9 (CESC)<\/a><br>(Circulaire n\u00b02006-197du 30 novembre 2006)<\/p>\n\n\n\n<h6 class=\"wp-block-heading\"><strong>MISSIONS<\/strong><\/h6>\n\n\n\n<ul class=\"wp-block-list\">\n<li>contribuer \u00e0 l<a rel=\"noreferrer noopener\" href=\"http:\/\/eduscol.education.fr\/D0090\/CITOYACC.htm\" target=\"_blank\">\u2018\u00e9ducation \u00e0 la citoyennet\u00e9<\/a> ;<\/li>\n\n\n\n<li>pr\u00e9parer le plan de\u00a0<a rel=\"noreferrer noopener\" href=\"http:\/\/eduscol.education.fr\/D0203\/accueil.htm\" target=\"_blank\">pr\u00e9vention de la violence<\/a> ;<\/li>\n\n\n\n<li>proposer des actions pour aider les parents en difficult\u00e9s et lutter contre l\u2019exclusion ;<\/li>\n\n\n\n<li>d\u00e9finir un programme d\u2019<a rel=\"noreferrer noopener\" href=\"http:\/\/eduscol.education.fr\/cid46864\/les-enjeux-de-l-education-a-la-sexualite.html\" target=\"_blank\">\u00e9ducation \u00e0 la sant\u00e9 et \u00e0 la sexualit\u00e9<\/a>\u00a0et de\u00a0<a rel=\"noreferrer noopener\" href=\"http:\/\/eduscol.education.fr\/D0190\/accueil.htm\" target=\"_blank\">pr\u00e9vention des conduites addictives<\/a>.<\/li>\n<\/ul>\n\n\n\n<h6 class=\"wp-block-heading\"><strong>COMPOSITION<\/strong><\/h6>\n\n\n\n<ul class=\"wp-block-list\">\n<li>personnels d\u2019\u00e9ducation, sociaux et de sant\u00e9 de l\u2019\u00e9tablissement ;<\/li>\n\n\n\n<li>repr\u00e9sentants des personnels enseignants ;<\/li>\n\n\n\n<li>repr\u00e9sentants des parents ;<\/li>\n\n\n\n<li>repr\u00e9sentants des \u00e9l\u00e8ves ;<\/li>\n\n\n\n<li>repr\u00e9sentants de la commune et de la collectivit\u00e9 de rattachement.<\/li>\n<\/ul>\n\n\n\n<p>Repr\u00e9sentants des personnels enseignants, des parents et des \u00e9l\u00e8ves sont d\u00e9sign\u00e9s par le chef d\u2019\u00e9tablissement sur proposition des membres du conseil d\u2019administration appartenant \u00e0 leurs cat\u00e9gories respectives.<\/p>\n\n\n\n<h6 class=\"wp-block-heading\"><strong>PARTENAIRES<\/strong><\/h6>\n\n\n\n<p>Le CESC peut associer \u00e0 ses travaux les partenaires comp\u00e9tents susceptibles de contribuer utilement \u00e0 la politique \u00e9ducative et de pr\u00e9vention de l\u2019\u00e9tablissement.<\/p>\n\n\n\n<h6 class=\"wp-block-heading\"><strong>PR\u00c9SIDENCE<\/strong><\/h6>\n\n\n\n<p>Le CESC est pr\u00e9sid\u00e9 par le chef d\u2019\u00e9tablissement.<\/p>\n","protected":false},"excerpt":{"rendered":"<p>Le Conseil d\u2019\u00c9ducation \u00e0 la Sant\u00e9 et \u00e0 la Citoyennet\u00e9 (CESC) s\u2019inscrit dans le pilotage de chaque \u00e9tablissement scolaire du second degr\u00e9, conform\u00e9ment aux dispositions des&nbsp;articles R 421-46&nbsp;et&nbsp;421-47&nbsp;du Code l\u2019\u00e9ducation. Il est une instance de r\u00e9flexion, d\u2019observation et de proposition qui con\u00e7oit, met en \u0153uvre et \u00e9value un projet \u00e9ducatif en mati\u00e8re d\u2019\u00e9ducation \u00e0 la [&hellip;]<\/p>\n","protected":false},"author":2,"featured_media":0,"parent":0,"menu_order":0,"comment_status":"closed","ping_status":"closed","template":"","meta":{"footnotes":""},"class_list":["post-222","page","type-page","status-publish","hentry"],"yoast_head":"<!-- This site is optimized with the Yoast SEO plugin v27.6 - https:\/\/yoast.com\/product\/yoast-seo-wordpress\/ -->\n<title>Le Conseil d&#039;Education \u00e0 la Sant\u00e9 et \u00e0 la Citoyennet\u00e9 ( CESC ) - FCPE Coll\u00e8ge Sabine Weiss Toulouse<\/title>\n<meta name=\"robots\" content=\"index, follow, max-snippet:-1, max-image-preview:large, max-video-preview:-1\" \/>\n<link rel=\"canonical\" href=\"https:\/\/fcpe-college-sabineweiss.le-pic.org\/index.php\/le-conseil-deducation-a-la-sante-et-a-la-citoyennete\/\" \/>\n<meta property=\"og:locale\" content=\"fr_FR\" \/>\n<meta property=\"og:type\" content=\"article\" \/>\n<meta property=\"og:title\" content=\"Le Conseil d&#039;Education \u00e0 la Sant\u00e9 et \u00e0 la Citoyennet\u00e9 ( CESC ) - FCPE Coll\u00e8ge Sabine Weiss Toulouse\" \/>\n<meta property=\"og:description\" content=\"Le Conseil d\u2019\u00c9ducation \u00e0 la Sant\u00e9 et \u00e0 la Citoyennet\u00e9 (CESC) s\u2019inscrit dans le pilotage de chaque \u00e9tablissement scolaire du second degr\u00e9, conform\u00e9ment aux dispositions des&nbsp;articles R 421-46&nbsp;et&nbsp;421-47&nbsp;du Code l\u2019\u00e9ducation. Il est une instance de r\u00e9flexion, d\u2019observation et de proposition qui con\u00e7oit, met en \u0153uvre et \u00e9value un projet \u00e9ducatif en mati\u00e8re d\u2019\u00e9ducation \u00e0 la [&hellip;]\" \/>\n<meta property=\"og:url\" content=\"https:\/\/fcpe-college-sabineweiss.le-pic.org\/index.php\/le-conseil-deducation-a-la-sante-et-a-la-citoyennete\/\" \/>\n<meta property=\"og:site_name\" content=\"FCPE Coll\u00e8ge Sabine Weiss Toulouse\" \/>\n<meta property=\"article:publisher\" content=\"https:\/\/www.facebook.com\/groups\/collegeguilhermy\" \/>\n<meta property=\"og:image\" content=\"https:\/\/fcpe-guilhermy-st1.le-pic.org\/wp-content\/uploads\/2022\/10\/reunion2.png?w=1024\" \/>\n<meta name=\"twitter:card\" content=\"summary_large_image\" \/>\n<meta name=\"twitter:label1\" content=\"Dur\u00e9e de lecture estim\u00e9e\" \/>\n\t<meta name=\"twitter:data1\" content=\"1 minute\" \/>\n<script type=\"application\/ld+json\" class=\"yoast-schema-graph\">{\"@context\":\"https:\\\/\\\/schema.org\",\"@graph\":[{\"@type\":\"WebPage\",\"@id\":\"https:\\\/\\\/fcpe-college-sabineweiss.le-pic.org\\\/index.php\\\/le-conseil-deducation-a-la-sante-et-a-la-citoyennete\\\/\",\"url\":\"https:\\\/\\\/fcpe-college-sabineweiss.le-pic.org\\\/index.php\\\/le-conseil-deducation-a-la-sante-et-a-la-citoyennete\\\/\",\"name\":\"Le Conseil d'Education \u00e0 la Sant\u00e9 et \u00e0 la Citoyennet\u00e9 ( CESC ) - FCPE Coll\u00e8ge Sabine Weiss Toulouse\",\"isPartOf\":{\"@id\":\"https:\\\/\\\/fcpe-college-sabineweiss.le-pic.org\\\/#website\"},\"primaryImageOfPage\":{\"@id\":\"https:\\\/\\\/fcpe-college-sabineweiss.le-pic.org\\\/index.php\\\/le-conseil-deducation-a-la-sante-et-a-la-citoyennete\\\/#primaryimage\"},\"image\":{\"@id\":\"https:\\\/\\\/fcpe-college-sabineweiss.le-pic.org\\\/index.php\\\/le-conseil-deducation-a-la-sante-et-a-la-citoyennete\\\/#primaryimage\"},\"thumbnailUrl\":\"https:\\\/\\\/fcpe-guilhermy-st1.le-pic.org\\\/wp-content\\\/uploads\\\/2022\\\/10\\\/reunion2.png?w=1024\",\"datePublished\":\"2022-10-04T09:06:20+00:00\",\"breadcrumb\":{\"@id\":\"https:\\\/\\\/fcpe-college-sabineweiss.le-pic.org\\\/index.php\\\/le-conseil-deducation-a-la-sante-et-a-la-citoyennete\\\/#breadcrumb\"},\"inLanguage\":\"fr-FR\",\"potentialAction\":[{\"@type\":\"ReadAction\",\"target\":[\"https:\\\/\\\/fcpe-college-sabineweiss.le-pic.org\\\/index.php\\\/le-conseil-deducation-a-la-sante-et-a-la-citoyennete\\\/\"]}]},{\"@type\":\"ImageObject\",\"inLanguage\":\"fr-FR\",\"@id\":\"https:\\\/\\\/fcpe-college-sabineweiss.le-pic.org\\\/index.php\\\/le-conseil-deducation-a-la-sante-et-a-la-citoyennete\\\/#primaryimage\",\"url\":\"https:\\\/\\\/fcpe-guilhermy-st1.le-pic.org\\\/wp-content\\\/uploads\\\/2022\\\/10\\\/reunion2.png?w=1024\",\"contentUrl\":\"https:\\\/\\\/fcpe-guilhermy-st1.le-pic.org\\\/wp-content\\\/uploads\\\/2022\\\/10\\\/reunion2.png?w=1024\"},{\"@type\":\"BreadcrumbList\",\"@id\":\"https:\\\/\\\/fcpe-college-sabineweiss.le-pic.org\\\/index.php\\\/le-conseil-deducation-a-la-sante-et-a-la-citoyennete\\\/#breadcrumb\",\"itemListElement\":[{\"@type\":\"ListItem\",\"position\":1,\"name\":\"Accueil\",\"item\":\"https:\\\/\\\/fcpe-college-sabineweiss.le-pic.org\\\/\"},{\"@type\":\"ListItem\",\"position\":2,\"name\":\"Le Conseil d&rsquo;Education \u00e0 la Sant\u00e9 et \u00e0 la Citoyennet\u00e9 ( CESC )\"}]},{\"@type\":\"WebSite\",\"@id\":\"https:\\\/\\\/fcpe-college-sabineweiss.le-pic.org\\\/#website\",\"url\":\"https:\\\/\\\/fcpe-college-sabineweiss.le-pic.org\\\/\",\"name\":\"FCPE Coll\u00e8ge Sabine Weiss Toulouse\",\"description\":\"Agir, informer et repr\u00e9senter les parents d&#039;\u00e9l\u00e8ves du coll\u00e8ge Sabine Weiss de Toulouse (ex-Guilhermy)\",\"publisher\":{\"@id\":\"https:\\\/\\\/fcpe-college-sabineweiss.le-pic.org\\\/#organization\"},\"potentialAction\":[{\"@type\":\"SearchAction\",\"target\":{\"@type\":\"EntryPoint\",\"urlTemplate\":\"https:\\\/\\\/fcpe-college-sabineweiss.le-pic.org\\\/?s={search_term_string}\"},\"query-input\":{\"@type\":\"PropertyValueSpecification\",\"valueRequired\":true,\"valueName\":\"search_term_string\"}}],\"inLanguage\":\"fr-FR\"},{\"@type\":\"Organization\",\"@id\":\"https:\\\/\\\/fcpe-college-sabineweiss.le-pic.org\\\/#organization\",\"name\":\"FCPE Coll\u00e8ge Sabine Weiss Toulouse\",\"url\":\"https:\\\/\\\/fcpe-college-sabineweiss.le-pic.org\\\/\",\"logo\":{\"@type\":\"ImageObject\",\"inLanguage\":\"fr-FR\",\"@id\":\"https:\\\/\\\/fcpe-college-sabineweiss.le-pic.org\\\/#\\\/schema\\\/logo\\\/image\\\/\",\"url\":\"https:\\\/\\\/fcpe-college-sabineweiss.le-pic.org\\\/wp-content\\\/uploads\\\/2022\\\/10\\\/College.png\",\"contentUrl\":\"https:\\\/\\\/fcpe-college-sabineweiss.le-pic.org\\\/wp-content\\\/uploads\\\/2022\\\/10\\\/College.png\",\"width\":500,\"height\":500,\"caption\":\"FCPE Coll\u00e8ge Sabine Weiss Toulouse\"},\"image\":{\"@id\":\"https:\\\/\\\/fcpe-college-sabineweiss.le-pic.org\\\/#\\\/schema\\\/logo\\\/image\\\/\"},\"sameAs\":[\"https:\\\/\\\/www.facebook.com\\\/groups\\\/collegeguilhermy\"]}]}<\/script>\n<!-- \/ Yoast SEO plugin. -->","yoast_head_json":{"title":"Le Conseil d'Education \u00e0 la Sant\u00e9 et \u00e0 la Citoyennet\u00e9 ( CESC ) - FCPE Coll\u00e8ge Sabine Weiss Toulouse","robots":{"index":"index","follow":"follow","max-snippet":"max-snippet:-1","max-image-preview":"max-image-preview:large","max-video-preview":"max-video-preview:-1"},"canonical":"https:\/\/fcpe-college-sabineweiss.le-pic.org\/index.php\/le-conseil-deducation-a-la-sante-et-a-la-citoyennete\/","og_locale":"fr_FR","og_type":"article","og_title":"Le Conseil d'Education \u00e0 la Sant\u00e9 et \u00e0 la Citoyennet\u00e9 ( CESC ) - FCPE Coll\u00e8ge Sabine Weiss Toulouse","og_description":"Le Conseil d\u2019\u00c9ducation \u00e0 la Sant\u00e9 et \u00e0 la Citoyennet\u00e9 (CESC) s\u2019inscrit dans le pilotage de chaque \u00e9tablissement scolaire du second degr\u00e9, conform\u00e9ment aux dispositions des&nbsp;articles R 421-46&nbsp;et&nbsp;421-47&nbsp;du Code l\u2019\u00e9ducation. Il est une instance de r\u00e9flexion, d\u2019observation et de proposition qui con\u00e7oit, met en \u0153uvre et \u00e9value un projet \u00e9ducatif en mati\u00e8re d\u2019\u00e9ducation \u00e0 la [&hellip;]","og_url":"https:\/\/fcpe-college-sabineweiss.le-pic.org\/index.php\/le-conseil-deducation-a-la-sante-et-a-la-citoyennete\/","og_site_name":"FCPE Coll\u00e8ge Sabine Weiss Toulouse","article_publisher":"https:\/\/www.facebook.com\/groups\/collegeguilhermy","og_image":[{"url":"https:\/\/fcpe-guilhermy-st1.le-pic.org\/wp-content\/uploads\/2022\/10\/reunion2.png?w=1024","type":"","width":"","height":""}],"twitter_card":"summary_large_image","twitter_misc":{"Dur\u00e9e de lecture estim\u00e9e":"1 minute"},"schema":{"@context":"https:\/\/schema.org","@graph":[{"@type":"WebPage","@id":"https:\/\/fcpe-college-sabineweiss.le-pic.org\/index.php\/le-conseil-deducation-a-la-sante-et-a-la-citoyennete\/","url":"https:\/\/fcpe-college-sabineweiss.le-pic.org\/index.php\/le-conseil-deducation-a-la-sante-et-a-la-citoyennete\/","name":"Le Conseil d'Education \u00e0 la Sant\u00e9 et \u00e0 la Citoyennet\u00e9 ( CESC ) - FCPE Coll\u00e8ge Sabine Weiss Toulouse","isPartOf":{"@id":"https:\/\/fcpe-college-sabineweiss.le-pic.org\/#website"},"primaryImageOfPage":{"@id":"https:\/\/fcpe-college-sabineweiss.le-pic.org\/index.php\/le-conseil-deducation-a-la-sante-et-a-la-citoyennete\/#primaryimage"},"image":{"@id":"https:\/\/fcpe-college-sabineweiss.le-pic.org\/index.php\/le-conseil-deducation-a-la-sante-et-a-la-citoyennete\/#primaryimage"},"thumbnailUrl":"https:\/\/fcpe-guilhermy-st1.le-pic.org\/wp-content\/uploads\/2022\/10\/reunion2.png?w=1024","datePublished":"2022-10-04T09:06:20+00:00","breadcrumb":{"@id":"https:\/\/fcpe-college-sabineweiss.le-pic.org\/index.php\/le-conseil-deducation-a-la-sante-et-a-la-citoyennete\/#breadcrumb"},"inLanguage":"fr-FR","potentialAction":[{"@type":"ReadAction","target":["https:\/\/fcpe-college-sabineweiss.le-pic.org\/index.php\/le-conseil-deducation-a-la-sante-et-a-la-citoyennete\/"]}]},{"@type":"ImageObject","inLanguage":"fr-FR","@id":"https:\/\/fcpe-college-sabineweiss.le-pic.org\/index.php\/le-conseil-deducation-a-la-sante-et-a-la-citoyennete\/#primaryimage","url":"https:\/\/fcpe-guilhermy-st1.le-pic.org\/wp-content\/uploads\/2022\/10\/reunion2.png?w=1024","contentUrl":"https:\/\/fcpe-guilhermy-st1.le-pic.org\/wp-content\/uploads\/2022\/10\/reunion2.png?w=1024"},{"@type":"BreadcrumbList","@id":"https:\/\/fcpe-college-sabineweiss.le-pic.org\/index.php\/le-conseil-deducation-a-la-sante-et-a-la-citoyennete\/#breadcrumb","itemListElement":[{"@type":"ListItem","position":1,"name":"Accueil","item":"https:\/\/fcpe-college-sabineweiss.le-pic.org\/"},{"@type":"ListItem","position":2,"name":"Le Conseil d&rsquo;Education \u00e0 la Sant\u00e9 et \u00e0 la Citoyennet\u00e9 ( CESC )"}]},{"@type":"WebSite","@id":"https:\/\/fcpe-college-sabineweiss.le-pic.org\/#website","url":"https:\/\/fcpe-college-sabineweiss.le-pic.org\/","name":"FCPE Coll\u00e8ge Sabine Weiss Toulouse","description":"Agir, informer et repr\u00e9senter les parents d&#039;\u00e9l\u00e8ves du coll\u00e8ge Sabine Weiss de Toulouse (ex-Guilhermy)","publisher":{"@id":"https:\/\/fcpe-college-sabineweiss.le-pic.org\/#organization"},"potentialAction":[{"@type":"SearchAction","target":{"@type":"EntryPoint","urlTemplate":"https:\/\/fcpe-college-sabineweiss.le-pic.org\/?s={search_term_string}"},"query-input":{"@type":"PropertyValueSpecification","valueRequired":true,"valueName":"search_term_string"}}],"inLanguage":"fr-FR"},{"@type":"Organization","@id":"https:\/\/fcpe-college-sabineweiss.le-pic.org\/#organization","name":"FCPE Coll\u00e8ge Sabine Weiss Toulouse","url":"https:\/\/fcpe-college-sabineweiss.le-pic.org\/","logo":{"@type":"ImageObject","inLanguage":"fr-FR","@id":"https:\/\/fcpe-college-sabineweiss.le-pic.org\/#\/schema\/logo\/image\/","url":"https:\/\/fcpe-college-sabineweiss.le-pic.org\/wp-content\/uploads\/2022\/10\/College.png","contentUrl":"https:\/\/fcpe-college-sabineweiss.le-pic.org\/wp-content\/uploads\/2022\/10\/College.png","width":500,"height":500,"caption":"FCPE Coll\u00e8ge Sabine Weiss Toulouse"},"image":{"@id":"https:\/\/fcpe-college-sabineweiss.le-pic.org\/#\/schema\/logo\/image\/"},"sameAs":["https:\/\/www.facebook.com\/groups\/collegeguilhermy"]}]}},"_links":{"self":[{"href":"https:\/\/fcpe-college-sabineweiss.le-pic.org\/index.php\/wp-json\/wp\/v2\/pages\/222","targetHints":{"allow":["GET"]}}],"collection":[{"href":"https:\/\/fcpe-college-sabineweiss.le-pic.org\/index.php\/wp-json\/wp\/v2\/pages"}],"about":[{"href":"https:\/\/fcpe-college-sabineweiss.le-pic.org\/index.php\/wp-json\/wp\/v2\/types\/page"}],"author":[{"embeddable":true,"href":"https:\/\/fcpe-college-sabineweiss.le-pic.org\/index.php\/wp-json\/wp\/v2\/users\/2"}],"replies":[{"embeddable":true,"href":"https:\/\/fcpe-college-sabineweiss.le-pic.org\/index.php\/wp-json\/wp\/v2\/comments?post=222"}],"version-history":[{"count":0,"href":"https:\/\/fcpe-college-sabineweiss.le-pic.org\/index.php\/wp-json\/wp\/v2\/pages\/222\/revisions"}],"wp:attachment":[{"href":"https:\/\/fcpe-college-sabineweiss.le-pic.org\/index.php\/wp-json\/wp\/v2\/media?parent=222"}],"curies":[{"name":"wp","href":"https:\/\/api.w.org\/{rel}","templated":true}]}}