{"id":218,"date":"2022-10-04T11:06:17","date_gmt":"2022-10-04T09:06:17","guid":{"rendered":"https:\/\/collegeguilhermy.wordpress.com\/?page_id=218"},"modified":"2022-10-04T11:06:17","modified_gmt":"2022-10-04T09:06:17","slug":"le-conseil-dadministration","status":"publish","type":"page","link":"https:\/\/fcpe-college-sabineweiss.le-pic.org\/index.php\/le-conseil-dadministration\/","title":{"rendered":"Le Conseil d&rsquo;Administration ( CA )"},"content":{"rendered":"<figure class=\"wp-block-post-featured-image\"><img loading=\"lazy\" decoding=\"async\" width=\"624\" height=\"351\" src=\"https:\/\/fcpe-college-sabineweiss.le-pic.org\/wp-content\/uploads\/2022\/10\/reunion.png\" class=\"attachment-post-thumbnail size-post-thumbnail wp-post-image\" alt=\"\" style=\"object-fit:cover;\" srcset=\"https:\/\/fcpe-college-sabineweiss.le-pic.org\/wp-content\/uploads\/2022\/10\/reunion.png 1366w, https:\/\/fcpe-college-sabineweiss.le-pic.org\/wp-content\/uploads\/2022\/10\/reunion-300x169.png 300w, https:\/\/fcpe-college-sabineweiss.le-pic.org\/wp-content\/uploads\/2022\/10\/reunion-1024x576.png 1024w, https:\/\/fcpe-college-sabineweiss.le-pic.org\/wp-content\/uploads\/2022\/10\/reunion-768x432.png 768w\" sizes=\"auto, (max-width: 624px) 100vw, 624px\" \/><\/figure>\n\n\n<h6 class=\"wp-block-heading\"><strong>R\u00d4LE&nbsp;DU CONSEIL<\/strong><\/h6>\n\n\n\n<p>Le conseil d\u2019administration (CA) est l\u2019organe de d\u00e9lib\u00e9ration et de d\u00e9cision des lyc\u00e9es et coll\u00e8ges.<\/p>\n\n\n\n<p>Il se r\u00e9unit en s\u00e9ance ordinaire \u00e0 l\u2019initiative du chef d\u2019\u00e9tablissement au moins 3 fois par an.<br>Il peut \u00eatre r\u00e9uni en s\u00e9ance extraordinaire \u00e0 la demande des autorit\u00e9s comp\u00e9tentes sur un ordre du jour d\u00e9termin\u00e9.<\/p>\n\n\n\n<h6 class=\"wp-block-heading\"><strong>COMPOSITION<\/strong><\/h6>\n\n\n\n<p>Ce conseil, pr\u00e9sid\u00e9 par le chef d\u2019\u00e9tablissement, comporte :<\/p>\n\n\n\n<ul class=\"wp-block-list\">\n<li>30 membres pour les lyc\u00e9es et les coll\u00e8ges de plus de 600 \u00e9l\u00e8ves ;<\/li>\n\n\n\n<li>24 membres pour les coll\u00e8ges de moins de 600 \u00e9l\u00e8ves<\/li>\n<\/ul>\n\n\n\n<p>dont :<\/p>\n\n\n\n<ul class=\"wp-block-list\">\n<li>des repr\u00e9sentants de l\u2019administration de l\u2019\u00e9tablissement ;<\/li>\n\n\n\n<li>des repr\u00e9sentants \u00e9lus des personnels de l\u2019\u00e9tablissement ;<\/li>\n\n\n\n<li>des repr\u00e9sentants \u00e9lus des parents d\u2019\u00e9l\u00e8ves (6 ou 7 en coll\u00e8ge, 5 en lyc\u00e9e) ;<\/li>\n\n\n\n<li>des repr\u00e9sentants \u00e9lus des \u00e9l\u00e8ves (2 ou 3 en coll\u00e8ge, 5 en lyc\u00e9e) ;<\/li>\n\n\n\n<li>3 ou 4 repr\u00e9sentants des \u00e9lus locaux.<\/li>\n<\/ul>\n\n\n\n<p><strong>\u00c0 noter&nbsp;:&nbsp;<\/strong>nul ne peut \u00eatre membre du CA s\u2019il a \u00e9t\u00e9 priv\u00e9 par jugement de tout ou partie de ses droits civils, civiques ou familiaux.<\/p>\n\n\n\n<h6 class=\"wp-block-heading\"><strong>FONCTIONNEMENT<\/strong><\/h6>\n\n\n\n<p>Le CA participe \u00e0 la vie de l\u2019\u00e9tablissement scolaire en votant certaines d\u00e9cisions, mais peut \u00e9galement \u00eatre consult\u00e9 pour avis.<\/p>\n\n\n\n<p><strong>\u00c0 savoir&nbsp;:&nbsp;<\/strong>les&nbsp;<a href=\"http:\/\/vosdroits.service-public.fr\/particuliers\/F1389.xhtml\" target=\"_blank\" rel=\"noreferrer noopener\">repr\u00e9sentants des parents d\u2019\u00e9l\u00e8ves<\/a>&nbsp;au CA sont destinataires des m\u00eames documents que les autres membres.<\/p>\n\n\n\n<h6 class=\"wp-block-heading\"><strong>D\u00c9CISIONS&nbsp;SOUMISES \u00c0 SON VOTE<\/strong><\/h6>\n\n\n\n<p>Le CA adopte, sur le rapport du chef d\u2019\u00e9tablissement :<\/p>\n\n\n\n<ul class=\"wp-block-list\">\n<li>le\u00a0<a rel=\"noreferrer noopener\" href=\"http:\/\/vosdroits.service-public.fr\/particuliers\/F857.xhtml\" target=\"_blank\">projet d\u2019\u00e9tablissement<\/a> ;<\/li>\n\n\n\n<li>le budget et le compte financier ;<\/li>\n\n\n\n<li>le\u00a0<a rel=\"noreferrer noopener\" href=\"http:\/\/vosdroits.service-public.fr\/particuliers\/F1409.xhtml\" target=\"_blank\">r\u00e8glement int\u00e9rieur<\/a>\u00a0de l\u2019\u00e9tablissement ;<\/li>\n\n\n\n<li>le plan de pr\u00e9vention de la violence incluant un programme d\u2019action contre toutes les formes de harc\u00e8lement ;<\/li>\n\n\n\n<li>les d\u00e9cisions qui rel\u00e8vent de l\u2019autonomie de l\u2019\u00e9tablissement en mati\u00e8re p\u00e9dagogique et \u00e9ducative.<\/li>\n<\/ul>\n\n\n\n<p>Il \u00e9tablit chaque ann\u00e9e un rapport sur le fonctionnement p\u00e9dagogique de l\u2019\u00e9tablissement et ses conditions mat\u00e9rielles de fonctionnement (mise en \u0153uvre du projet d\u2019\u00e9tablissement, des objectifs \u00e0 atteindre et des r\u00e9sultats obtenus).<\/p>\n\n\n\n<h6 class=\"wp-block-heading\"><strong>D\u00c9CISIONS SOUMISES \u00c0 SON ACCORD<\/strong><\/h6>\n\n\n\n<p>Le CA valide \u00e9galement&nbsp;:<\/p>\n\n\n\n<ul class=\"wp-block-list\">\n<li>les orientations relatives \u00e0 la conduite du\u00a0<a rel=\"noreferrer noopener\" href=\"http:\/\/vosdroits.service-public.fr\/particuliers\/F21287.xhtml\" target=\"_blank\">dialogue avec les parents d\u2019\u00e9l\u00e8ves<\/a> ;<\/li>\n\n\n\n<li>le programme de l\u2019association sportive ;<\/li>\n\n\n\n<li>la programmation et les modalit\u00e9s de financement des\u00a0<a rel=\"noreferrer noopener\" href=\"http:\/\/vosdroits.service-public.fr\/particuliers\/F22575.xhtml\" target=\"_blank\">voyages scolaires<\/a> ;<\/li>\n\n\n\n<li>l\u2019adh\u00e9sion \u00e0 tout groupement d\u2019\u00e9tablissements ou la passation des conventions et des contrats dont l\u2019\u00e9tablissement est signataire (\u00e0 l\u2019exception de certains march\u00e9s).<\/li>\n<\/ul>\n\n\n\n<h6 class=\"wp-block-heading\"><strong>CONSULTATION POUR AVIS<\/strong><\/h6>\n\n\n\n<p>Le CA donne \u00e9galement son avis sur\u00a0:<\/p>\n\n\n\n<ul class=\"wp-block-list\">\n<li>les propositions de cr\u00e9ations et suppressions de sections, options et formations compl\u00e9mentaires d\u2019initiative locale dans l\u2019\u00e9tablissement ;<\/li>\n\n\n\n<li>les choix des manuels scolaires, des logiciels et des outils p\u00e9dagogiques ;<\/li>\n\n\n\n<li>la modification propos\u00e9e par le maire des heures d\u2019entr\u00e9e et de sortie de l\u2019\u00e9tablissement.<\/li>\n<\/ul>\n\n\n\n<h6 class=\"wp-block-heading\"><strong>PARTICULARIT\u00c9S DE LA 1<sup>\u00c8RE<\/sup>&nbsp;R\u00c9UNION DE L\u2019ANN\u00c9E SCOLAIRE<\/strong><\/h6>\n\n\n\n<p>Lors de sa premi\u00e8re r\u00e9union, le conseil d\u2019administration examine les conditions d\u2019organisation du dialogue avec les parents.<\/p>\n\n\n\n<p>Toute action suppl\u00e9mentaire peut \u00eatre pr\u00e9vue pour tenir compte des sp\u00e9cificit\u00e9s locales ou des orientations du projet d\u2019\u00e9tablissement.<\/p>\n\n\n\n<p>Sont pr\u00e9cis\u00e9s notamment :<\/p>\n\n\n\n<ul class=\"wp-block-list\">\n<li>les conditions d\u2019accueil des parents ;<\/li>\n\n\n\n<li>l\u2019acc\u00e8s aux espaces num\u00e9riques de travail ;<\/li>\n\n\n\n<li>le nombre, la nature et la date des rencontres pr\u00e9vues.<\/li>\n<\/ul>\n\n\n\n<p>Les parents d\u2019\u00e9l\u00e8ves sont inform\u00e9s des d\u00e9cisions prises.<\/p>\n","protected":false},"excerpt":{"rendered":"<p>R\u00d4LE&nbsp;DU CONSEIL Le conseil d\u2019administration (CA) est l\u2019organe de d\u00e9lib\u00e9ration et de d\u00e9cision des lyc\u00e9es et coll\u00e8ges. Il se r\u00e9unit en s\u00e9ance ordinaire \u00e0 l\u2019initiative du chef d\u2019\u00e9tablissement au moins 3 fois par an.Il peut \u00eatre r\u00e9uni en s\u00e9ance extraordinaire \u00e0 la demande des autorit\u00e9s comp\u00e9tentes sur un ordre du jour d\u00e9termin\u00e9. COMPOSITION Ce conseil, [&hellip;]<\/p>\n","protected":false},"author":2,"featured_media":336,"parent":0,"menu_order":0,"comment_status":"closed","ping_status":"closed","template":"","meta":{"footnotes":""},"class_list":["post-218","page","type-page","status-publish","has-post-thumbnail","hentry"],"yoast_head":"<!-- This site is optimized with the Yoast SEO plugin v27.6 - https:\/\/yoast.com\/product\/yoast-seo-wordpress\/ -->\n<title>Le Conseil d&#039;Administration ( CA ) - FCPE Coll\u00e8ge Sabine Weiss Toulouse<\/title>\n<meta name=\"robots\" content=\"index, follow, max-snippet:-1, max-image-preview:large, max-video-preview:-1\" \/>\n<link rel=\"canonical\" href=\"https:\/\/fcpe-college-sabineweiss.le-pic.org\/index.php\/le-conseil-dadministration\/\" \/>\n<meta property=\"og:locale\" content=\"fr_FR\" \/>\n<meta property=\"og:type\" content=\"article\" \/>\n<meta property=\"og:title\" content=\"Le Conseil d&#039;Administration ( CA ) - FCPE Coll\u00e8ge Sabine Weiss Toulouse\" \/>\n<meta property=\"og:description\" content=\"R\u00d4LE&nbsp;DU CONSEIL Le conseil d\u2019administration (CA) est l\u2019organe de d\u00e9lib\u00e9ration et de d\u00e9cision des lyc\u00e9es et coll\u00e8ges. Il se r\u00e9unit en s\u00e9ance ordinaire \u00e0 l\u2019initiative du chef d\u2019\u00e9tablissement au moins 3 fois par an.Il peut \u00eatre r\u00e9uni en s\u00e9ance extraordinaire \u00e0 la demande des autorit\u00e9s comp\u00e9tentes sur un ordre du jour d\u00e9termin\u00e9. COMPOSITION Ce conseil, [&hellip;]\" \/>\n<meta property=\"og:url\" content=\"https:\/\/fcpe-college-sabineweiss.le-pic.org\/index.php\/le-conseil-dadministration\/\" \/>\n<meta property=\"og:site_name\" content=\"FCPE Coll\u00e8ge Sabine Weiss Toulouse\" \/>\n<meta property=\"article:publisher\" content=\"https:\/\/www.facebook.com\/groups\/collegeguilhermy\" \/>\n<meta property=\"og:image\" content=\"https:\/\/fcpe-college-sabineweiss.le-pic.org\/wp-content\/uploads\/2022\/10\/reunion.png\" \/>\n\t<meta property=\"og:image:width\" content=\"1366\" \/>\n\t<meta property=\"og:image:height\" content=\"768\" \/>\n\t<meta property=\"og:image:type\" content=\"image\/png\" \/>\n<meta name=\"twitter:card\" content=\"summary_large_image\" \/>\n<meta name=\"twitter:label1\" content=\"Dur\u00e9e de lecture estim\u00e9e\" \/>\n\t<meta name=\"twitter:data1\" content=\"3 minutes\" \/>\n<script type=\"application\/ld+json\" class=\"yoast-schema-graph\">{\"@context\":\"https:\\\/\\\/schema.org\",\"@graph\":[{\"@type\":\"WebPage\",\"@id\":\"https:\\\/\\\/fcpe-college-sabineweiss.le-pic.org\\\/index.php\\\/le-conseil-dadministration\\\/\",\"url\":\"https:\\\/\\\/fcpe-college-sabineweiss.le-pic.org\\\/index.php\\\/le-conseil-dadministration\\\/\",\"name\":\"Le Conseil d'Administration ( CA ) - FCPE Coll\u00e8ge Sabine Weiss Toulouse\",\"isPartOf\":{\"@id\":\"https:\\\/\\\/fcpe-college-sabineweiss.le-pic.org\\\/#website\"},\"primaryImageOfPage\":{\"@id\":\"https:\\\/\\\/fcpe-college-sabineweiss.le-pic.org\\\/index.php\\\/le-conseil-dadministration\\\/#primaryimage\"},\"image\":{\"@id\":\"https:\\\/\\\/fcpe-college-sabineweiss.le-pic.org\\\/index.php\\\/le-conseil-dadministration\\\/#primaryimage\"},\"thumbnailUrl\":\"https:\\\/\\\/fcpe-college-sabineweiss.le-pic.org\\\/wp-content\\\/uploads\\\/2022\\\/10\\\/reunion.png\",\"datePublished\":\"2022-10-04T09:06:17+00:00\",\"breadcrumb\":{\"@id\":\"https:\\\/\\\/fcpe-college-sabineweiss.le-pic.org\\\/index.php\\\/le-conseil-dadministration\\\/#breadcrumb\"},\"inLanguage\":\"fr-FR\",\"potentialAction\":[{\"@type\":\"ReadAction\",\"target\":[\"https:\\\/\\\/fcpe-college-sabineweiss.le-pic.org\\\/index.php\\\/le-conseil-dadministration\\\/\"]}]},{\"@type\":\"ImageObject\",\"inLanguage\":\"fr-FR\",\"@id\":\"https:\\\/\\\/fcpe-college-sabineweiss.le-pic.org\\\/index.php\\\/le-conseil-dadministration\\\/#primaryimage\",\"url\":\"https:\\\/\\\/fcpe-college-sabineweiss.le-pic.org\\\/wp-content\\\/uploads\\\/2022\\\/10\\\/reunion.png\",\"contentUrl\":\"https:\\\/\\\/fcpe-college-sabineweiss.le-pic.org\\\/wp-content\\\/uploads\\\/2022\\\/10\\\/reunion.png\",\"width\":1366,\"height\":768},{\"@type\":\"BreadcrumbList\",\"@id\":\"https:\\\/\\\/fcpe-college-sabineweiss.le-pic.org\\\/index.php\\\/le-conseil-dadministration\\\/#breadcrumb\",\"itemListElement\":[{\"@type\":\"ListItem\",\"position\":1,\"name\":\"Accueil\",\"item\":\"https:\\\/\\\/fcpe-college-sabineweiss.le-pic.org\\\/\"},{\"@type\":\"ListItem\",\"position\":2,\"name\":\"Le Conseil d&rsquo;Administration ( CA )\"}]},{\"@type\":\"WebSite\",\"@id\":\"https:\\\/\\\/fcpe-college-sabineweiss.le-pic.org\\\/#website\",\"url\":\"https:\\\/\\\/fcpe-college-sabineweiss.le-pic.org\\\/\",\"name\":\"FCPE Coll\u00e8ge Sabine Weiss Toulouse\",\"description\":\"Agir, informer et repr\u00e9senter les parents d&#039;\u00e9l\u00e8ves du coll\u00e8ge Sabine Weiss de Toulouse (ex-Guilhermy)\",\"publisher\":{\"@id\":\"https:\\\/\\\/fcpe-college-sabineweiss.le-pic.org\\\/#organization\"},\"potentialAction\":[{\"@type\":\"SearchAction\",\"target\":{\"@type\":\"EntryPoint\",\"urlTemplate\":\"https:\\\/\\\/fcpe-college-sabineweiss.le-pic.org\\\/?s={search_term_string}\"},\"query-input\":{\"@type\":\"PropertyValueSpecification\",\"valueRequired\":true,\"valueName\":\"search_term_string\"}}],\"inLanguage\":\"fr-FR\"},{\"@type\":\"Organization\",\"@id\":\"https:\\\/\\\/fcpe-college-sabineweiss.le-pic.org\\\/#organization\",\"name\":\"FCPE Coll\u00e8ge Sabine Weiss Toulouse\",\"url\":\"https:\\\/\\\/fcpe-college-sabineweiss.le-pic.org\\\/\",\"logo\":{\"@type\":\"ImageObject\",\"inLanguage\":\"fr-FR\",\"@id\":\"https:\\\/\\\/fcpe-college-sabineweiss.le-pic.org\\\/#\\\/schema\\\/logo\\\/image\\\/\",\"url\":\"https:\\\/\\\/fcpe-college-sabineweiss.le-pic.org\\\/wp-content\\\/uploads\\\/2022\\\/10\\\/College.png\",\"contentUrl\":\"https:\\\/\\\/fcpe-college-sabineweiss.le-pic.org\\\/wp-content\\\/uploads\\\/2022\\\/10\\\/College.png\",\"width\":500,\"height\":500,\"caption\":\"FCPE Coll\u00e8ge Sabine Weiss Toulouse\"},\"image\":{\"@id\":\"https:\\\/\\\/fcpe-college-sabineweiss.le-pic.org\\\/#\\\/schema\\\/logo\\\/image\\\/\"},\"sameAs\":[\"https:\\\/\\\/www.facebook.com\\\/groups\\\/collegeguilhermy\"]}]}<\/script>\n<!-- \/ Yoast SEO plugin. -->","yoast_head_json":{"title":"Le Conseil d'Administration ( CA ) - FCPE Coll\u00e8ge Sabine Weiss Toulouse","robots":{"index":"index","follow":"follow","max-snippet":"max-snippet:-1","max-image-preview":"max-image-preview:large","max-video-preview":"max-video-preview:-1"},"canonical":"https:\/\/fcpe-college-sabineweiss.le-pic.org\/index.php\/le-conseil-dadministration\/","og_locale":"fr_FR","og_type":"article","og_title":"Le Conseil d'Administration ( CA ) - FCPE Coll\u00e8ge Sabine Weiss Toulouse","og_description":"R\u00d4LE&nbsp;DU CONSEIL Le conseil d\u2019administration (CA) est l\u2019organe de d\u00e9lib\u00e9ration et de d\u00e9cision des lyc\u00e9es et coll\u00e8ges. Il se r\u00e9unit en s\u00e9ance ordinaire \u00e0 l\u2019initiative du chef d\u2019\u00e9tablissement au moins 3 fois par an.Il peut \u00eatre r\u00e9uni en s\u00e9ance extraordinaire \u00e0 la demande des autorit\u00e9s comp\u00e9tentes sur un ordre du jour d\u00e9termin\u00e9. COMPOSITION Ce conseil, [&hellip;]","og_url":"https:\/\/fcpe-college-sabineweiss.le-pic.org\/index.php\/le-conseil-dadministration\/","og_site_name":"FCPE Coll\u00e8ge Sabine Weiss Toulouse","article_publisher":"https:\/\/www.facebook.com\/groups\/collegeguilhermy","og_image":[{"width":1366,"height":768,"url":"https:\/\/fcpe-college-sabineweiss.le-pic.org\/wp-content\/uploads\/2022\/10\/reunion.png","type":"image\/png"}],"twitter_card":"summary_large_image","twitter_misc":{"Dur\u00e9e de lecture estim\u00e9e":"3 minutes"},"schema":{"@context":"https:\/\/schema.org","@graph":[{"@type":"WebPage","@id":"https:\/\/fcpe-college-sabineweiss.le-pic.org\/index.php\/le-conseil-dadministration\/","url":"https:\/\/fcpe-college-sabineweiss.le-pic.org\/index.php\/le-conseil-dadministration\/","name":"Le Conseil d'Administration ( CA ) - FCPE Coll\u00e8ge Sabine Weiss Toulouse","isPartOf":{"@id":"https:\/\/fcpe-college-sabineweiss.le-pic.org\/#website"},"primaryImageOfPage":{"@id":"https:\/\/fcpe-college-sabineweiss.le-pic.org\/index.php\/le-conseil-dadministration\/#primaryimage"},"image":{"@id":"https:\/\/fcpe-college-sabineweiss.le-pic.org\/index.php\/le-conseil-dadministration\/#primaryimage"},"thumbnailUrl":"https:\/\/fcpe-college-sabineweiss.le-pic.org\/wp-content\/uploads\/2022\/10\/reunion.png","datePublished":"2022-10-04T09:06:17+00:00","breadcrumb":{"@id":"https:\/\/fcpe-college-sabineweiss.le-pic.org\/index.php\/le-conseil-dadministration\/#breadcrumb"},"inLanguage":"fr-FR","potentialAction":[{"@type":"ReadAction","target":["https:\/\/fcpe-college-sabineweiss.le-pic.org\/index.php\/le-conseil-dadministration\/"]}]},{"@type":"ImageObject","inLanguage":"fr-FR","@id":"https:\/\/fcpe-college-sabineweiss.le-pic.org\/index.php\/le-conseil-dadministration\/#primaryimage","url":"https:\/\/fcpe-college-sabineweiss.le-pic.org\/wp-content\/uploads\/2022\/10\/reunion.png","contentUrl":"https:\/\/fcpe-college-sabineweiss.le-pic.org\/wp-content\/uploads\/2022\/10\/reunion.png","width":1366,"height":768},{"@type":"BreadcrumbList","@id":"https:\/\/fcpe-college-sabineweiss.le-pic.org\/index.php\/le-conseil-dadministration\/#breadcrumb","itemListElement":[{"@type":"ListItem","position":1,"name":"Accueil","item":"https:\/\/fcpe-college-sabineweiss.le-pic.org\/"},{"@type":"ListItem","position":2,"name":"Le Conseil d&rsquo;Administration ( CA )"}]},{"@type":"WebSite","@id":"https:\/\/fcpe-college-sabineweiss.le-pic.org\/#website","url":"https:\/\/fcpe-college-sabineweiss.le-pic.org\/","name":"FCPE Coll\u00e8ge Sabine Weiss Toulouse","description":"Agir, informer et repr\u00e9senter les parents d&#039;\u00e9l\u00e8ves du coll\u00e8ge Sabine Weiss de Toulouse (ex-Guilhermy)","publisher":{"@id":"https:\/\/fcpe-college-sabineweiss.le-pic.org\/#organization"},"potentialAction":[{"@type":"SearchAction","target":{"@type":"EntryPoint","urlTemplate":"https:\/\/fcpe-college-sabineweiss.le-pic.org\/?s={search_term_string}"},"query-input":{"@type":"PropertyValueSpecification","valueRequired":true,"valueName":"search_term_string"}}],"inLanguage":"fr-FR"},{"@type":"Organization","@id":"https:\/\/fcpe-college-sabineweiss.le-pic.org\/#organization","name":"FCPE Coll\u00e8ge Sabine Weiss Toulouse","url":"https:\/\/fcpe-college-sabineweiss.le-pic.org\/","logo":{"@type":"ImageObject","inLanguage":"fr-FR","@id":"https:\/\/fcpe-college-sabineweiss.le-pic.org\/#\/schema\/logo\/image\/","url":"https:\/\/fcpe-college-sabineweiss.le-pic.org\/wp-content\/uploads\/2022\/10\/College.png","contentUrl":"https:\/\/fcpe-college-sabineweiss.le-pic.org\/wp-content\/uploads\/2022\/10\/College.png","width":500,"height":500,"caption":"FCPE Coll\u00e8ge Sabine Weiss Toulouse"},"image":{"@id":"https:\/\/fcpe-college-sabineweiss.le-pic.org\/#\/schema\/logo\/image\/"},"sameAs":["https:\/\/www.facebook.com\/groups\/collegeguilhermy"]}]}},"_links":{"self":[{"href":"https:\/\/fcpe-college-sabineweiss.le-pic.org\/index.php\/wp-json\/wp\/v2\/pages\/218","targetHints":{"allow":["GET"]}}],"collection":[{"href":"https:\/\/fcpe-college-sabineweiss.le-pic.org\/index.php\/wp-json\/wp\/v2\/pages"}],"about":[{"href":"https:\/\/fcpe-college-sabineweiss.le-pic.org\/index.php\/wp-json\/wp\/v2\/types\/page"}],"author":[{"embeddable":true,"href":"https:\/\/fcpe-college-sabineweiss.le-pic.org\/index.php\/wp-json\/wp\/v2\/users\/2"}],"replies":[{"embeddable":true,"href":"https:\/\/fcpe-college-sabineweiss.le-pic.org\/index.php\/wp-json\/wp\/v2\/comments?post=218"}],"version-history":[{"count":0,"href":"https:\/\/fcpe-college-sabineweiss.le-pic.org\/index.php\/wp-json\/wp\/v2\/pages\/218\/revisions"}],"wp:featuredmedia":[{"embeddable":true,"href":"https:\/\/fcpe-college-sabineweiss.le-pic.org\/index.php\/wp-json\/wp\/v2\/media\/336"}],"wp:attachment":[{"href":"https:\/\/fcpe-college-sabineweiss.le-pic.org\/index.php\/wp-json\/wp\/v2\/media?parent=218"}],"curies":[{"name":"wp","href":"https:\/\/api.w.org\/{rel}","templated":true}]}}