{"id":182,"date":"2022-09-14T11:20:46","date_gmt":"2022-09-14T09:20:46","guid":{"rendered":"https:\/\/collegeguilhermy.wordpress.com\/?page_id=182"},"modified":"2023-03-29T15:49:04","modified_gmt":"2023-03-29T13:49:04","slug":"ressources-educatives-et-ludiques","status":"publish","type":"page","link":"https:\/\/fcpe-college-sabineweiss.le-pic.org\/index.php\/ressources-educatives-et-ludiques\/","title":{"rendered":"Ressources \u00e9ducatives et ludiques"},"content":{"rendered":"\r\n<p style=\"text-align: left;\"><em><span style=\"text-decoration: underline;\">de 9 ans \u00e0 13 ans :<\/span><\/em><\/p>\r\n\r\n\r\n<div class=\"wp-block-image\">\r\n<figure class=\"alignright\"><a href=\"http:\/\/1jour1actu.com\/info-animee\/cestquoila-liberte-dexpression\/\" target=\"_blank\" rel=\"noreferrer noopener\"><img decoding=\"async\" class=\"wp-image-186\" src=\"https:\/\/collegecamusfcpe.files.wordpress.com\/2015\/10\/1jour1actu.png?w=150&amp;h=45\" alt=\"1jour1actu\" \/><\/a><\/figure>\r\n<\/div>\r\n\r\n\r\n<ul class=\"wp-block-list\">\r\n<li><strong>1jour 1 actu:\u00a0\u00a0<\/strong>le premier site quotidien d\u2019infos pour les\u00a0<em>enfants<\/em>\u00a0\u00e0 partir de 8 ans.\u00a0L\u2019<em>actualit\u00e9<\/em>\u00a0s\u00e9lectionn\u00e9e et trait\u00e9e par des journalistes sp\u00e9cialis\u00e9s<strong>\u00a0<\/strong>\u00a0<a href=\"http:\/\/1jour1actu.com\/info-animee\/cestquoila-liberte-dexpression\/\">http:\/\/1jour1actu.com\/info-animee\/cestquoila-liberte-dexpression\/<\/a><\/li>\r\n<\/ul>\r\n\r\n\r\n<div class=\"wp-block-image\">\r\n<figure class=\"alignright size-large is-resized\"><a href=\"http:\/\/www.liberation.fr\/apps\/ptit-libe\/#\/1\/\" target=\"_blank\" rel=\"noreferrer noopener\"><img loading=\"lazy\" decoding=\"async\" class=\"wp-image-352\" src=\"https:\/\/fcpe-guilhermy-st1.le-pic.org\/wp-content\/uploads\/2022\/10\/ptit-libc3a9.png?w=221\" alt=\"\" width=\"128\" height=\"93\" \/><\/a><\/figure>\r\n<\/div>\r\n\r\n\r\n<ul class=\"wp-block-list\">\r\n<li><em>Lib\u00e9ration<\/em>\u00a0lance le\u00a0<strong>P\u2019tit Lib\u00e9<\/strong>, pour expliquer l\u2019actualit\u00e9 aux enfants. A travers des\u00a0dossiers p\u00e9dagogiques et ludiques, la r\u00e9daction d\u00e9crypte les grands sujets de soci\u00e9t\u00e9 pour les petits citoyens.\u00a0<a href=\"http:\/\/www.liberation.fr\/apps\/ptit-libe\/#\/1\/\">http:\/\/www.liberation.fr\/apps\/ptit-libe\/#\/1\/<\/a><\/li>\r\n<\/ul>\r\n\r\n\r\n\r\n<p><em><span style=\"text-decoration: underline;\">de 10 ans \u00e0 14 ans :<\/span><\/em><\/p>\r\n\r\n\r\n<div class=\"wp-block-image\">\r\n<figure class=\"alignright\"><a href=\"http:\/\/www.lepetitquotidien.fr\/\" target=\"_blank\" rel=\"noreferrer noopener\"><img decoding=\"async\" class=\"wp-image-2411\" src=\"https:\/\/flachatfcpe.files.wordpress.com\/2014\/09\/mon-quotidien.png?w=150&amp;h=46\" alt=\"mon quotidien\" \/><\/a><\/figure>\r\n<\/div>\r\n\r\n\r\n<p><strong><em>Mon Quotidien\u00a0<\/em><\/strong>(auquel\u00a0collaborait Charb, une des victimes de l\u2019attentat de Charlie Hebdo)<em>\u00a0<\/em>\u00a0<a href=\"http:\/\/www.lepetitquotidien.fr\/\" target=\"_blank\" rel=\"noreferrer noopener\">http:\/\/www.lepetitquotidien.fr\/<\/a><\/p>\r\n\r\n\r\n\r\n<p>&nbsp;<\/p>\r\n\r\n\r\n\r\n<p>&nbsp;<\/p>\r\n\r\n\r\n<div class=\"wp-block-image\">\r\n<figure class=\"alignright is-resized\"><img loading=\"lazy\" decoding=\"async\" class=\"wp-image-449\" src=\"https:\/\/fcpe-guilhermy-st1.le-pic.org\/wp-content\/uploads\/2022\/10\/img_6102.jpg?w=828\" alt=\"\" width=\"234\" height=\"120\" srcset=\"https:\/\/fcpe-college-sabineweiss.le-pic.org\/wp-content\/uploads\/2022\/10\/img_6102.jpg 828w, https:\/\/fcpe-college-sabineweiss.le-pic.org\/wp-content\/uploads\/2022\/10\/img_6102-300x155.jpg 300w, https:\/\/fcpe-college-sabineweiss.le-pic.org\/wp-content\/uploads\/2022\/10\/img_6102-768x396.jpg 768w\" sizes=\"auto, (max-width: 234px) 100vw, 234px\" \/><\/figure>\r\n<\/div>\r\n\r\n\r\n<p><strong>Cybervengers<\/strong> : Pr\u00e9venir les cyber-risques aupr\u00e8s des enfants est devenu un v\u00e9ritable enjeu de soci\u00e9t\u00e9. Le site cybervengers.club vise \u00e0 faire d\u00e9couvrir ces risques aux jeunes adolescents (11 \u00e0 14 ans) Sur ce site, vous trouverez en tant que parents un kit d\u2019accompagnement ayant pour objectif d\u2019aider \u00e0 ouvrir le dialogue avec nos adolescents autour des cyber-risques acquis afin de les aider \u00e0 surfer en toute s\u00e9curit\u00e9. <a href=\"https:\/\/cybervengers.club\/\">https:\/\/cybervengers.club\/<\/a><\/p>\r\n<p class=\"p1\"><span class=\"s1\">Internet Sans Crainte est le programme national de sensibilisation pour accompagner les jeunes dans une meilleure ma\u00eetrise de leur vie num\u00e9rique. <\/span><\/p>\r\n<p class=\"p1\"><span class=\"s1\">Vous trouverez notamment : <\/span><\/p>\r\n\r\n\r\n\r\n<ul dir=\"ltr\">\r\n<li>Des centaines de <a href=\"https:\/\/www.internetsanscrainte.fr\/ressources\">ressources num\u00e9riques gratuites et innovantes<\/a> \u00e0 destination <strong>des m\u00e9diateurs \u00e9ducatifs<\/strong>(enseignants, animateurs\u2026)\u00a0 et des <strong>familles<\/strong>.<\/li>\r\n<li dir=\"ltr\">Des <a href=\"https:\/\/www.internetsanscrainte.fr\/dossiers\">dossiers<\/a> th\u00e9matiques proposant des<strong> conseils concrets pour accompagner les jeunes dans leurs usages num\u00e9riques<\/strong>.<\/li>\r\n<\/ul>\r\n<p><em><span style=\"text-decoration: underline;\"><a href=\"https:\/\/www.internetsanscrainte.fr\/dossiers\/reseaux-sociaux\">https:\/\/www.internetsanscrainte.fr\/dossiers\/reseaux-sociaux<\/a><br \/><br \/>de 14 ans \u00e0 17 ans\u00a0<\/span><\/em>:<\/p>\r\n\r\n\r\n<div class=\"wp-block-image\">\r\n<figure class=\"alignright\"><a href=\"http:\/\/www.l-actu.fr\/\" target=\"_blank\" rel=\"noreferrer noopener\"><img decoding=\"async\" class=\"wp-image-188\" src=\"https:\/\/collegecamusfcpe.files.wordpress.com\/2015\/10\/lactu.png?w=150&amp;h=57\" alt=\"l'actu\" \/><\/a><\/figure>\r\n<\/div>\r\n\r\n\r\n<p>Le journal\u00a0<strong><em>L\u2019Actu\u00a0<\/em><\/strong>expliquent\u00a0l\u2019actualit\u00e9 \u00e0 leurs jeunes\u00a0lecteurs\u00a0\u00a0<a href=\"http:\/\/www.l-actu.fr\/\">http:\/\/www.l-actu.fr\/<\/a><\/p>\r\n\r\n\r\n\r\n<p><span style=\"text-decoration: underline;\"><em>Tous les \u00e2ges :<\/em><\/span><\/p>\r\n\r\n\r\n<div class=\"wp-block-image\">\r\n<figure class=\"alignright size-large is-resized\"><img loading=\"lazy\" decoding=\"async\" class=\"wp-image-454\" src=\"https:\/\/fcpe-guilhermy-st1.le-pic.org\/wp-content\/uploads\/2022\/10\/img_6103.jpg?w=396\" alt=\"\" width=\"99\" height=\"100\" srcset=\"https:\/\/fcpe-college-sabineweiss.le-pic.org\/wp-content\/uploads\/2022\/10\/img_6103.jpg 396w, https:\/\/fcpe-college-sabineweiss.le-pic.org\/wp-content\/uploads\/2022\/10\/img_6103-298x300.jpg 298w, https:\/\/fcpe-college-sabineweiss.le-pic.org\/wp-content\/uploads\/2022\/10\/img_6103-150x150.jpg 150w\" sizes=\"auto, (max-width: 99px) 100vw, 99px\" \/><\/figure>\r\n<\/div>\r\n\r\n\r\n<p>Toutes les mati\u00e8res scolaires expliqu\u00e9es \u00e0 travers des vid\u00e9os, des jeux et des quizz ! Lumni.fr : le site 100% gratuit pour vous aider \u00e0 r\u00e9viser vos examens ! Plateforme \u00e9ducative. Pour apprendre autrement. 100% Gratuit. Cours: Apprendre, R\u00e9viser, Comprendre le monde.<\/p>\r\n\r\n\r\n\r\n<p><a href=\"https:\/\/www.lumni.fr\">https:\/\/www.lumni.fr<\/a><\/p>\r\n\r\n\r\n\r\n<p><em><span style=\"text-decoration: underline;\">Nos professeurs du coll\u00e8ge Guilhermy nous conseillent : un grand merci \u00e0 eux !!!<\/span><\/em><\/p>\r\n<p><img loading=\"lazy\" decoding=\"async\" class=\"size-medium wp-image-864 alignright\" style=\"margin-top: 0.857143rem; margin-bottom: 0.857143rem; margin-left: 1.71429rem;\" src=\"https:\/\/fcpe-college-sabineweiss.le-pic.org\/wp-content\/uploads\/2022\/11\/site-ortholud-300x66.png\" alt=\"\" width=\"300\" height=\"66\" srcset=\"https:\/\/fcpe-college-sabineweiss.le-pic.org\/wp-content\/uploads\/2022\/11\/site-ortholud-300x66.png 300w, https:\/\/fcpe-college-sabineweiss.le-pic.org\/wp-content\/uploads\/2022\/11\/site-ortholud-624x137.png 624w, https:\/\/fcpe-college-sabineweiss.le-pic.org\/wp-content\/uploads\/2022\/11\/site-ortholud.png 707w\" sizes=\"auto, (max-width: 300px) 100vw, 300px\" \/><\/p>\r\n<p>Fran\u00e7ais (M. Cherchour) : <a href=\"https:\/\/www.ortholud.com\/index.html\" target=\"_blank\" rel=\"noreferrer noopener\">www.ortholud.com\/index.html<\/a>\u00a0<\/p>\r\n<p>Espagnol (M. Silva) : <a href=\"https:\/\/www.logicieleducatif.fr\/fiches\/espagnol\/espagnol.php\">www.logicieleducatif.fr\/fiches\/espagnol\/espagnol.php<\/a><\/p>\r\n<p><a href=\"https:\/\/fcpe-college-sabineweiss.le-pic.org\/wp-content\/uploads\/2022\/12\/Document_pedagogique_5eme_espagnol.pdf\">Document_pedagogique_5eme_espagnol<\/a><\/p>\r\n<p>&nbsp;<\/p>\r\n","protected":false},"excerpt":{"rendered":"<p>de 9 ans \u00e0 13 ans : de 10 ans \u00e0 14 ans : Mon Quotidien\u00a0(auquel\u00a0collaborait Charb, une des victimes de l\u2019attentat de Charlie Hebdo)\u00a0\u00a0http:\/\/www.lepetitquotidien.fr\/ &nbsp; &nbsp; Cybervengers : Pr\u00e9venir les cyber-risques aupr\u00e8s des enfants est devenu un v\u00e9ritable enjeu de soci\u00e9t\u00e9. Le site cybervengers.club vise \u00e0 faire d\u00e9couvrir ces risques aux jeunes adolescents (11 [&hellip;]<\/p>\n","protected":false},"author":2,"featured_media":0,"parent":0,"menu_order":0,"comment_status":"closed","ping_status":"closed","template":"","meta":{"footnotes":""},"class_list":["post-182","page","type-page","status-publish","hentry"],"yoast_head":"<!-- This site is optimized with the Yoast SEO plugin v27.4 - https:\/\/yoast.com\/product\/yoast-seo-wordpress\/ -->\n<title>Ressources \u00e9ducatives et ludiques - FCPE Coll\u00e8ge Sabine Weiss Toulouse<\/title>\n<meta name=\"robots\" content=\"index, follow, max-snippet:-1, max-image-preview:large, max-video-preview:-1\" \/>\n<link rel=\"canonical\" href=\"https:\/\/fcpe-college-sabineweiss.le-pic.org\/index.php\/ressources-educatives-et-ludiques\/\" \/>\n<meta property=\"og:locale\" content=\"fr_FR\" \/>\n<meta property=\"og:type\" content=\"article\" \/>\n<meta property=\"og:title\" content=\"Ressources \u00e9ducatives et ludiques - FCPE Coll\u00e8ge Sabine Weiss Toulouse\" \/>\n<meta property=\"og:description\" content=\"de 9 ans \u00e0 13 ans : de 10 ans \u00e0 14 ans : Mon Quotidien\u00a0(auquel\u00a0collaborait Charb, une des victimes de l\u2019attentat de Charlie Hebdo)\u00a0\u00a0http:\/\/www.lepetitquotidien.fr\/ &nbsp; &nbsp; Cybervengers : Pr\u00e9venir les cyber-risques aupr\u00e8s des enfants est devenu un v\u00e9ritable enjeu de soci\u00e9t\u00e9. Le site cybervengers.club vise \u00e0 faire d\u00e9couvrir ces risques aux jeunes adolescents (11 [&hellip;]\" \/>\n<meta property=\"og:url\" content=\"https:\/\/fcpe-college-sabineweiss.le-pic.org\/index.php\/ressources-educatives-et-ludiques\/\" \/>\n<meta property=\"og:site_name\" content=\"FCPE Coll\u00e8ge Sabine Weiss Toulouse\" \/>\n<meta property=\"article:publisher\" content=\"https:\/\/www.facebook.com\/groups\/collegeguilhermy\" \/>\n<meta property=\"article:modified_time\" content=\"2023-03-29T13:49:04+00:00\" \/>\n<meta property=\"og:image\" content=\"https:\/\/collegecamusfcpe.files.wordpress.com\/2015\/10\/1jour1actu.png?w=150&amp;h=45\" \/>\n<meta name=\"twitter:card\" content=\"summary_large_image\" \/>\n<meta name=\"twitter:label1\" content=\"Dur\u00e9e de lecture estim\u00e9e\" \/>\n\t<meta name=\"twitter:data1\" content=\"3 minutes\" \/>\n<script type=\"application\/ld+json\" class=\"yoast-schema-graph\">{\"@context\":\"https:\\\/\\\/schema.org\",\"@graph\":[{\"@type\":\"WebPage\",\"@id\":\"https:\\\/\\\/fcpe-college-sabineweiss.le-pic.org\\\/index.php\\\/ressources-educatives-et-ludiques\\\/\",\"url\":\"https:\\\/\\\/fcpe-college-sabineweiss.le-pic.org\\\/index.php\\\/ressources-educatives-et-ludiques\\\/\",\"name\":\"Ressources \u00e9ducatives et ludiques - FCPE Coll\u00e8ge Sabine Weiss Toulouse\",\"isPartOf\":{\"@id\":\"https:\\\/\\\/fcpe-college-sabineweiss.le-pic.org\\\/#website\"},\"primaryImageOfPage\":{\"@id\":\"https:\\\/\\\/fcpe-college-sabineweiss.le-pic.org\\\/index.php\\\/ressources-educatives-et-ludiques\\\/#primaryimage\"},\"image\":{\"@id\":\"https:\\\/\\\/fcpe-college-sabineweiss.le-pic.org\\\/index.php\\\/ressources-educatives-et-ludiques\\\/#primaryimage\"},\"thumbnailUrl\":\"https:\\\/\\\/collegecamusfcpe.files.wordpress.com\\\/2015\\\/10\\\/1jour1actu.png?w=150&amp;h=45\",\"datePublished\":\"2022-09-14T09:20:46+00:00\",\"dateModified\":\"2023-03-29T13:49:04+00:00\",\"breadcrumb\":{\"@id\":\"https:\\\/\\\/fcpe-college-sabineweiss.le-pic.org\\\/index.php\\\/ressources-educatives-et-ludiques\\\/#breadcrumb\"},\"inLanguage\":\"fr-FR\",\"potentialAction\":[{\"@type\":\"ReadAction\",\"target\":[\"https:\\\/\\\/fcpe-college-sabineweiss.le-pic.org\\\/index.php\\\/ressources-educatives-et-ludiques\\\/\"]}]},{\"@type\":\"ImageObject\",\"inLanguage\":\"fr-FR\",\"@id\":\"https:\\\/\\\/fcpe-college-sabineweiss.le-pic.org\\\/index.php\\\/ressources-educatives-et-ludiques\\\/#primaryimage\",\"url\":\"https:\\\/\\\/collegecamusfcpe.files.wordpress.com\\\/2015\\\/10\\\/1jour1actu.png?w=150&amp;h=45\",\"contentUrl\":\"https:\\\/\\\/collegecamusfcpe.files.wordpress.com\\\/2015\\\/10\\\/1jour1actu.png?w=150&amp;h=45\"},{\"@type\":\"BreadcrumbList\",\"@id\":\"https:\\\/\\\/fcpe-college-sabineweiss.le-pic.org\\\/index.php\\\/ressources-educatives-et-ludiques\\\/#breadcrumb\",\"itemListElement\":[{\"@type\":\"ListItem\",\"position\":1,\"name\":\"Accueil\",\"item\":\"https:\\\/\\\/fcpe-college-sabineweiss.le-pic.org\\\/\"},{\"@type\":\"ListItem\",\"position\":2,\"name\":\"Ressources \u00e9ducatives et ludiques\"}]},{\"@type\":\"WebSite\",\"@id\":\"https:\\\/\\\/fcpe-college-sabineweiss.le-pic.org\\\/#website\",\"url\":\"https:\\\/\\\/fcpe-college-sabineweiss.le-pic.org\\\/\",\"name\":\"FCPE Coll\u00e8ge Sabine Weiss Toulouse\",\"description\":\"Agir, informer et repr\u00e9senter les parents d&#039;\u00e9l\u00e8ves du coll\u00e8ge Sabine Weiss de Toulouse (ex-Guilhermy)\",\"publisher\":{\"@id\":\"https:\\\/\\\/fcpe-college-sabineweiss.le-pic.org\\\/#organization\"},\"potentialAction\":[{\"@type\":\"SearchAction\",\"target\":{\"@type\":\"EntryPoint\",\"urlTemplate\":\"https:\\\/\\\/fcpe-college-sabineweiss.le-pic.org\\\/?s={search_term_string}\"},\"query-input\":{\"@type\":\"PropertyValueSpecification\",\"valueRequired\":true,\"valueName\":\"search_term_string\"}}],\"inLanguage\":\"fr-FR\"},{\"@type\":\"Organization\",\"@id\":\"https:\\\/\\\/fcpe-college-sabineweiss.le-pic.org\\\/#organization\",\"name\":\"FCPE Coll\u00e8ge Sabine Weiss Toulouse\",\"url\":\"https:\\\/\\\/fcpe-college-sabineweiss.le-pic.org\\\/\",\"logo\":{\"@type\":\"ImageObject\",\"inLanguage\":\"fr-FR\",\"@id\":\"https:\\\/\\\/fcpe-college-sabineweiss.le-pic.org\\\/#\\\/schema\\\/logo\\\/image\\\/\",\"url\":\"https:\\\/\\\/fcpe-college-sabineweiss.le-pic.org\\\/wp-content\\\/uploads\\\/2022\\\/10\\\/College.png\",\"contentUrl\":\"https:\\\/\\\/fcpe-college-sabineweiss.le-pic.org\\\/wp-content\\\/uploads\\\/2022\\\/10\\\/College.png\",\"width\":500,\"height\":500,\"caption\":\"FCPE Coll\u00e8ge Sabine Weiss Toulouse\"},\"image\":{\"@id\":\"https:\\\/\\\/fcpe-college-sabineweiss.le-pic.org\\\/#\\\/schema\\\/logo\\\/image\\\/\"},\"sameAs\":[\"https:\\\/\\\/www.facebook.com\\\/groups\\\/collegeguilhermy\"]}]}<\/script>\n<!-- \/ Yoast SEO plugin. -->","yoast_head_json":{"title":"Ressources \u00e9ducatives et ludiques - FCPE Coll\u00e8ge Sabine Weiss Toulouse","robots":{"index":"index","follow":"follow","max-snippet":"max-snippet:-1","max-image-preview":"max-image-preview:large","max-video-preview":"max-video-preview:-1"},"canonical":"https:\/\/fcpe-college-sabineweiss.le-pic.org\/index.php\/ressources-educatives-et-ludiques\/","og_locale":"fr_FR","og_type":"article","og_title":"Ressources \u00e9ducatives et ludiques - FCPE Coll\u00e8ge Sabine Weiss Toulouse","og_description":"de 9 ans \u00e0 13 ans : de 10 ans \u00e0 14 ans : Mon Quotidien\u00a0(auquel\u00a0collaborait Charb, une des victimes de l\u2019attentat de Charlie Hebdo)\u00a0\u00a0http:\/\/www.lepetitquotidien.fr\/ &nbsp; &nbsp; Cybervengers : Pr\u00e9venir les cyber-risques aupr\u00e8s des enfants est devenu un v\u00e9ritable enjeu de soci\u00e9t\u00e9. Le site cybervengers.club vise \u00e0 faire d\u00e9couvrir ces risques aux jeunes adolescents (11 [&hellip;]","og_url":"https:\/\/fcpe-college-sabineweiss.le-pic.org\/index.php\/ressources-educatives-et-ludiques\/","og_site_name":"FCPE Coll\u00e8ge Sabine Weiss Toulouse","article_publisher":"https:\/\/www.facebook.com\/groups\/collegeguilhermy","article_modified_time":"2023-03-29T13:49:04+00:00","og_image":[{"url":"https:\/\/collegecamusfcpe.files.wordpress.com\/2015\/10\/1jour1actu.png?w=150&amp;h=45","type":"","width":"","height":""}],"twitter_card":"summary_large_image","twitter_misc":{"Dur\u00e9e de lecture estim\u00e9e":"3 minutes"},"schema":{"@context":"https:\/\/schema.org","@graph":[{"@type":"WebPage","@id":"https:\/\/fcpe-college-sabineweiss.le-pic.org\/index.php\/ressources-educatives-et-ludiques\/","url":"https:\/\/fcpe-college-sabineweiss.le-pic.org\/index.php\/ressources-educatives-et-ludiques\/","name":"Ressources \u00e9ducatives et ludiques - FCPE Coll\u00e8ge Sabine Weiss Toulouse","isPartOf":{"@id":"https:\/\/fcpe-college-sabineweiss.le-pic.org\/#website"},"primaryImageOfPage":{"@id":"https:\/\/fcpe-college-sabineweiss.le-pic.org\/index.php\/ressources-educatives-et-ludiques\/#primaryimage"},"image":{"@id":"https:\/\/fcpe-college-sabineweiss.le-pic.org\/index.php\/ressources-educatives-et-ludiques\/#primaryimage"},"thumbnailUrl":"https:\/\/collegecamusfcpe.files.wordpress.com\/2015\/10\/1jour1actu.png?w=150&amp;h=45","datePublished":"2022-09-14T09:20:46+00:00","dateModified":"2023-03-29T13:49:04+00:00","breadcrumb":{"@id":"https:\/\/fcpe-college-sabineweiss.le-pic.org\/index.php\/ressources-educatives-et-ludiques\/#breadcrumb"},"inLanguage":"fr-FR","potentialAction":[{"@type":"ReadAction","target":["https:\/\/fcpe-college-sabineweiss.le-pic.org\/index.php\/ressources-educatives-et-ludiques\/"]}]},{"@type":"ImageObject","inLanguage":"fr-FR","@id":"https:\/\/fcpe-college-sabineweiss.le-pic.org\/index.php\/ressources-educatives-et-ludiques\/#primaryimage","url":"https:\/\/collegecamusfcpe.files.wordpress.com\/2015\/10\/1jour1actu.png?w=150&amp;h=45","contentUrl":"https:\/\/collegecamusfcpe.files.wordpress.com\/2015\/10\/1jour1actu.png?w=150&amp;h=45"},{"@type":"BreadcrumbList","@id":"https:\/\/fcpe-college-sabineweiss.le-pic.org\/index.php\/ressources-educatives-et-ludiques\/#breadcrumb","itemListElement":[{"@type":"ListItem","position":1,"name":"Accueil","item":"https:\/\/fcpe-college-sabineweiss.le-pic.org\/"},{"@type":"ListItem","position":2,"name":"Ressources \u00e9ducatives et ludiques"}]},{"@type":"WebSite","@id":"https:\/\/fcpe-college-sabineweiss.le-pic.org\/#website","url":"https:\/\/fcpe-college-sabineweiss.le-pic.org\/","name":"FCPE Coll\u00e8ge Sabine Weiss Toulouse","description":"Agir, informer et repr\u00e9senter les parents d&#039;\u00e9l\u00e8ves du coll\u00e8ge Sabine Weiss de Toulouse (ex-Guilhermy)","publisher":{"@id":"https:\/\/fcpe-college-sabineweiss.le-pic.org\/#organization"},"potentialAction":[{"@type":"SearchAction","target":{"@type":"EntryPoint","urlTemplate":"https:\/\/fcpe-college-sabineweiss.le-pic.org\/?s={search_term_string}"},"query-input":{"@type":"PropertyValueSpecification","valueRequired":true,"valueName":"search_term_string"}}],"inLanguage":"fr-FR"},{"@type":"Organization","@id":"https:\/\/fcpe-college-sabineweiss.le-pic.org\/#organization","name":"FCPE Coll\u00e8ge Sabine Weiss Toulouse","url":"https:\/\/fcpe-college-sabineweiss.le-pic.org\/","logo":{"@type":"ImageObject","inLanguage":"fr-FR","@id":"https:\/\/fcpe-college-sabineweiss.le-pic.org\/#\/schema\/logo\/image\/","url":"https:\/\/fcpe-college-sabineweiss.le-pic.org\/wp-content\/uploads\/2022\/10\/College.png","contentUrl":"https:\/\/fcpe-college-sabineweiss.le-pic.org\/wp-content\/uploads\/2022\/10\/College.png","width":500,"height":500,"caption":"FCPE Coll\u00e8ge Sabine Weiss Toulouse"},"image":{"@id":"https:\/\/fcpe-college-sabineweiss.le-pic.org\/#\/schema\/logo\/image\/"},"sameAs":["https:\/\/www.facebook.com\/groups\/collegeguilhermy"]}]}},"_links":{"self":[{"href":"https:\/\/fcpe-college-sabineweiss.le-pic.org\/index.php\/wp-json\/wp\/v2\/pages\/182","targetHints":{"allow":["GET"]}}],"collection":[{"href":"https:\/\/fcpe-college-sabineweiss.le-pic.org\/index.php\/wp-json\/wp\/v2\/pages"}],"about":[{"href":"https:\/\/fcpe-college-sabineweiss.le-pic.org\/index.php\/wp-json\/wp\/v2\/types\/page"}],"author":[{"embeddable":true,"href":"https:\/\/fcpe-college-sabineweiss.le-pic.org\/index.php\/wp-json\/wp\/v2\/users\/2"}],"replies":[{"embeddable":true,"href":"https:\/\/fcpe-college-sabineweiss.le-pic.org\/index.php\/wp-json\/wp\/v2\/comments?post=182"}],"version-history":[{"count":13,"href":"https:\/\/fcpe-college-sabineweiss.le-pic.org\/index.php\/wp-json\/wp\/v2\/pages\/182\/revisions"}],"predecessor-version":[{"id":992,"href":"https:\/\/fcpe-college-sabineweiss.le-pic.org\/index.php\/wp-json\/wp\/v2\/pages\/182\/revisions\/992"}],"wp:attachment":[{"href":"https:\/\/fcpe-college-sabineweiss.le-pic.org\/index.php\/wp-json\/wp\/v2\/media?parent=182"}],"curies":[{"name":"wp","href":"https:\/\/api.w.org\/{rel}","templated":true}]}}