{"id":169,"date":"2022-09-14T11:14:25","date_gmt":"2022-09-14T09:14:25","guid":{"rendered":"https:\/\/collegeguilhermy.wordpress.com\/?page_id=169"},"modified":"2022-09-14T11:14:25","modified_gmt":"2022-09-14T09:14:25","slug":"liens-utiles","status":"publish","type":"page","link":"https:\/\/fcpe-college-sabineweiss.le-pic.org\/index.php\/liens-utiles\/","title":{"rendered":"Liens utiles"},"content":{"rendered":"\n<figure class=\"wp-block-image size-large is-resized\"><a href=\"https:\/\/www.bing.com\/ck\/a?!&amp;&amp;p=6ae2189750db0661JmltdHM9MTY2MzExMzYwMCZpZ3VpZD0xODI2MTdmNC02ODRjLTYwYTItMTYzYy0xOWM5Njk0ZDYxZDcmaW5zaWQ9NTIwMw&amp;ptn=3&amp;hsh=3&amp;fclid=182617f4-684c-60a2-163c-19c9694d61d7&amp;u=a1aHR0cHM6Ly93d3cuZmNwZS5hc3NvLmZyLw&amp;ntb=1\"><img loading=\"lazy\" decoding=\"async\" src=\"https:\/\/fcpe-guilhermy-st1.le-pic.org\/wp-content\/uploads\/2022\/09\/image-2.png?w=374\" alt=\"\" class=\"wp-image-173\" width=\"158\" height=\"159\" srcset=\"https:\/\/fcpe-college-sabineweiss.le-pic.org\/wp-content\/uploads\/2022\/09\/image-2.png 374w, https:\/\/fcpe-college-sabineweiss.le-pic.org\/wp-content\/uploads\/2022\/09\/image-2-298x300.png 298w, https:\/\/fcpe-college-sabineweiss.le-pic.org\/wp-content\/uploads\/2022\/09\/image-2-150x150.png 150w\" sizes=\"auto, (max-width: 158px) 100vw, 158px\" \/><\/a><\/figure>\n\n\n\n<figure class=\"wp-block-image size-large\"><a href=\"https:\/\/www.bing.com\/ck\/a?!&amp;&amp;p=d2cbeb6f4c81b3a7JmltdHM9MTY2MzExMzYwMCZpZ3VpZD0xODI2MTdmNC02ODRjLTYwYTItMTYzYy0xOWM5Njk0ZDYxZDcmaW5zaWQ9NTE5NQ&amp;ptn=3&amp;hsh=3&amp;fclid=182617f4-684c-60a2-163c-19c9694d61d7&amp;u=a1aHR0cHM6Ly93d3cuZmNwZTMxLm9yZy8&amp;ntb=1\"><img loading=\"lazy\" decoding=\"async\" width=\"184\" height=\"125\" src=\"https:\/\/fcpe-guilhermy-st1.le-pic.org\/wp-content\/uploads\/2022\/09\/image-1.png?w=184\" alt=\"\" class=\"wp-image-170\" \/><\/a><\/figure>\n\n\n\n<p><\/p>\n","protected":false},"excerpt":{"rendered":"","protected":false},"author":2,"featured_media":0,"parent":0,"menu_order":0,"comment_status":"closed","ping_status":"closed","template":"","meta":{"footnotes":""},"class_list":["post-169","page","type-page","status-publish","hentry"],"yoast_head":"<!-- This site is optimized with the Yoast SEO plugin v27.3 - https:\/\/yoast.com\/product\/yoast-seo-wordpress\/ -->\n<title>Liens utiles - FCPE Coll\u00e8ge Sabine Weiss Toulouse<\/title>\n<meta name=\"robots\" content=\"index, follow, max-snippet:-1, max-image-preview:large, max-video-preview:-1\" \/>\n<link rel=\"canonical\" href=\"https:\/\/fcpe-college-sabineweiss.le-pic.org\/index.php\/liens-utiles\/\" \/>\n<meta property=\"og:locale\" content=\"fr_FR\" \/>\n<meta property=\"og:type\" content=\"article\" \/>\n<meta property=\"og:title\" content=\"Liens utiles - FCPE Coll\u00e8ge Sabine Weiss Toulouse\" \/>\n<meta property=\"og:url\" content=\"https:\/\/fcpe-college-sabineweiss.le-pic.org\/index.php\/liens-utiles\/\" \/>\n<meta property=\"og:site_name\" content=\"FCPE Coll\u00e8ge Sabine Weiss Toulouse\" \/>\n<meta property=\"article:publisher\" content=\"https:\/\/www.facebook.com\/groups\/collegeguilhermy\" \/>\n<meta property=\"og:image\" content=\"https:\/\/fcpe-guilhermy-st1.le-pic.org\/wp-content\/uploads\/2022\/09\/image-2.png?w=374\" \/>\n<meta name=\"twitter:card\" content=\"summary_large_image\" \/>\n<script type=\"application\/ld+json\" class=\"yoast-schema-graph\">{\"@context\":\"https:\\\/\\\/schema.org\",\"@graph\":[{\"@type\":\"WebPage\",\"@id\":\"https:\\\/\\\/fcpe-college-sabineweiss.le-pic.org\\\/index.php\\\/liens-utiles\\\/\",\"url\":\"https:\\\/\\\/fcpe-college-sabineweiss.le-pic.org\\\/index.php\\\/liens-utiles\\\/\",\"name\":\"Liens utiles - FCPE Coll\u00e8ge Sabine Weiss Toulouse\",\"isPartOf\":{\"@id\":\"https:\\\/\\\/fcpe-college-sabineweiss.le-pic.org\\\/#website\"},\"primaryImageOfPage\":{\"@id\":\"https:\\\/\\\/fcpe-college-sabineweiss.le-pic.org\\\/index.php\\\/liens-utiles\\\/#primaryimage\"},\"image\":{\"@id\":\"https:\\\/\\\/fcpe-college-sabineweiss.le-pic.org\\\/index.php\\\/liens-utiles\\\/#primaryimage\"},\"thumbnailUrl\":\"https:\\\/\\\/fcpe-guilhermy-st1.le-pic.org\\\/wp-content\\\/uploads\\\/2022\\\/09\\\/image-2.png?w=374\",\"datePublished\":\"2022-09-14T09:14:25+00:00\",\"breadcrumb\":{\"@id\":\"https:\\\/\\\/fcpe-college-sabineweiss.le-pic.org\\\/index.php\\\/liens-utiles\\\/#breadcrumb\"},\"inLanguage\":\"fr-FR\",\"potentialAction\":[{\"@type\":\"ReadAction\",\"target\":[\"https:\\\/\\\/fcpe-college-sabineweiss.le-pic.org\\\/index.php\\\/liens-utiles\\\/\"]}]},{\"@type\":\"ImageObject\",\"inLanguage\":\"fr-FR\",\"@id\":\"https:\\\/\\\/fcpe-college-sabineweiss.le-pic.org\\\/index.php\\\/liens-utiles\\\/#primaryimage\",\"url\":\"https:\\\/\\\/fcpe-guilhermy-st1.le-pic.org\\\/wp-content\\\/uploads\\\/2022\\\/09\\\/image-2.png?w=374\",\"contentUrl\":\"https:\\\/\\\/fcpe-guilhermy-st1.le-pic.org\\\/wp-content\\\/uploads\\\/2022\\\/09\\\/image-2.png?w=374\"},{\"@type\":\"BreadcrumbList\",\"@id\":\"https:\\\/\\\/fcpe-college-sabineweiss.le-pic.org\\\/index.php\\\/liens-utiles\\\/#breadcrumb\",\"itemListElement\":[{\"@type\":\"ListItem\",\"position\":1,\"name\":\"Accueil\",\"item\":\"https:\\\/\\\/fcpe-college-sabineweiss.le-pic.org\\\/\"},{\"@type\":\"ListItem\",\"position\":2,\"name\":\"Liens utiles\"}]},{\"@type\":\"WebSite\",\"@id\":\"https:\\\/\\\/fcpe-college-sabineweiss.le-pic.org\\\/#website\",\"url\":\"https:\\\/\\\/fcpe-college-sabineweiss.le-pic.org\\\/\",\"name\":\"FCPE Coll\u00e8ge Sabine Weiss Toulouse\",\"description\":\"Agir, informer et repr\u00e9senter les parents d&#039;\u00e9l\u00e8ves du coll\u00e8ge Sabine Weiss de Toulouse (ex-Guilhermy)\",\"publisher\":{\"@id\":\"https:\\\/\\\/fcpe-college-sabineweiss.le-pic.org\\\/#organization\"},\"potentialAction\":[{\"@type\":\"SearchAction\",\"target\":{\"@type\":\"EntryPoint\",\"urlTemplate\":\"https:\\\/\\\/fcpe-college-sabineweiss.le-pic.org\\\/?s={search_term_string}\"},\"query-input\":{\"@type\":\"PropertyValueSpecification\",\"valueRequired\":true,\"valueName\":\"search_term_string\"}}],\"inLanguage\":\"fr-FR\"},{\"@type\":\"Organization\",\"@id\":\"https:\\\/\\\/fcpe-college-sabineweiss.le-pic.org\\\/#organization\",\"name\":\"FCPE Coll\u00e8ge Sabine Weiss Toulouse\",\"url\":\"https:\\\/\\\/fcpe-college-sabineweiss.le-pic.org\\\/\",\"logo\":{\"@type\":\"ImageObject\",\"inLanguage\":\"fr-FR\",\"@id\":\"https:\\\/\\\/fcpe-college-sabineweiss.le-pic.org\\\/#\\\/schema\\\/logo\\\/image\\\/\",\"url\":\"https:\\\/\\\/fcpe-college-sabineweiss.le-pic.org\\\/wp-content\\\/uploads\\\/2022\\\/10\\\/College.png\",\"contentUrl\":\"https:\\\/\\\/fcpe-college-sabineweiss.le-pic.org\\\/wp-content\\\/uploads\\\/2022\\\/10\\\/College.png\",\"width\":500,\"height\":500,\"caption\":\"FCPE Coll\u00e8ge Sabine Weiss Toulouse\"},\"image\":{\"@id\":\"https:\\\/\\\/fcpe-college-sabineweiss.le-pic.org\\\/#\\\/schema\\\/logo\\\/image\\\/\"},\"sameAs\":[\"https:\\\/\\\/www.facebook.com\\\/groups\\\/collegeguilhermy\"]}]}<\/script>\n<!-- \/ Yoast SEO plugin. -->","yoast_head_json":{"title":"Liens utiles - FCPE Coll\u00e8ge Sabine Weiss Toulouse","robots":{"index":"index","follow":"follow","max-snippet":"max-snippet:-1","max-image-preview":"max-image-preview:large","max-video-preview":"max-video-preview:-1"},"canonical":"https:\/\/fcpe-college-sabineweiss.le-pic.org\/index.php\/liens-utiles\/","og_locale":"fr_FR","og_type":"article","og_title":"Liens utiles - FCPE Coll\u00e8ge Sabine Weiss Toulouse","og_url":"https:\/\/fcpe-college-sabineweiss.le-pic.org\/index.php\/liens-utiles\/","og_site_name":"FCPE Coll\u00e8ge Sabine Weiss Toulouse","article_publisher":"https:\/\/www.facebook.com\/groups\/collegeguilhermy","og_image":[{"url":"https:\/\/fcpe-guilhermy-st1.le-pic.org\/wp-content\/uploads\/2022\/09\/image-2.png?w=374","type":"","width":"","height":""}],"twitter_card":"summary_large_image","schema":{"@context":"https:\/\/schema.org","@graph":[{"@type":"WebPage","@id":"https:\/\/fcpe-college-sabineweiss.le-pic.org\/index.php\/liens-utiles\/","url":"https:\/\/fcpe-college-sabineweiss.le-pic.org\/index.php\/liens-utiles\/","name":"Liens utiles - FCPE Coll\u00e8ge Sabine Weiss Toulouse","isPartOf":{"@id":"https:\/\/fcpe-college-sabineweiss.le-pic.org\/#website"},"primaryImageOfPage":{"@id":"https:\/\/fcpe-college-sabineweiss.le-pic.org\/index.php\/liens-utiles\/#primaryimage"},"image":{"@id":"https:\/\/fcpe-college-sabineweiss.le-pic.org\/index.php\/liens-utiles\/#primaryimage"},"thumbnailUrl":"https:\/\/fcpe-guilhermy-st1.le-pic.org\/wp-content\/uploads\/2022\/09\/image-2.png?w=374","datePublished":"2022-09-14T09:14:25+00:00","breadcrumb":{"@id":"https:\/\/fcpe-college-sabineweiss.le-pic.org\/index.php\/liens-utiles\/#breadcrumb"},"inLanguage":"fr-FR","potentialAction":[{"@type":"ReadAction","target":["https:\/\/fcpe-college-sabineweiss.le-pic.org\/index.php\/liens-utiles\/"]}]},{"@type":"ImageObject","inLanguage":"fr-FR","@id":"https:\/\/fcpe-college-sabineweiss.le-pic.org\/index.php\/liens-utiles\/#primaryimage","url":"https:\/\/fcpe-guilhermy-st1.le-pic.org\/wp-content\/uploads\/2022\/09\/image-2.png?w=374","contentUrl":"https:\/\/fcpe-guilhermy-st1.le-pic.org\/wp-content\/uploads\/2022\/09\/image-2.png?w=374"},{"@type":"BreadcrumbList","@id":"https:\/\/fcpe-college-sabineweiss.le-pic.org\/index.php\/liens-utiles\/#breadcrumb","itemListElement":[{"@type":"ListItem","position":1,"name":"Accueil","item":"https:\/\/fcpe-college-sabineweiss.le-pic.org\/"},{"@type":"ListItem","position":2,"name":"Liens utiles"}]},{"@type":"WebSite","@id":"https:\/\/fcpe-college-sabineweiss.le-pic.org\/#website","url":"https:\/\/fcpe-college-sabineweiss.le-pic.org\/","name":"FCPE Coll\u00e8ge Sabine Weiss Toulouse","description":"Agir, informer et repr\u00e9senter les parents d&#039;\u00e9l\u00e8ves du coll\u00e8ge Sabine Weiss de Toulouse (ex-Guilhermy)","publisher":{"@id":"https:\/\/fcpe-college-sabineweiss.le-pic.org\/#organization"},"potentialAction":[{"@type":"SearchAction","target":{"@type":"EntryPoint","urlTemplate":"https:\/\/fcpe-college-sabineweiss.le-pic.org\/?s={search_term_string}"},"query-input":{"@type":"PropertyValueSpecification","valueRequired":true,"valueName":"search_term_string"}}],"inLanguage":"fr-FR"},{"@type":"Organization","@id":"https:\/\/fcpe-college-sabineweiss.le-pic.org\/#organization","name":"FCPE Coll\u00e8ge Sabine Weiss Toulouse","url":"https:\/\/fcpe-college-sabineweiss.le-pic.org\/","logo":{"@type":"ImageObject","inLanguage":"fr-FR","@id":"https:\/\/fcpe-college-sabineweiss.le-pic.org\/#\/schema\/logo\/image\/","url":"https:\/\/fcpe-college-sabineweiss.le-pic.org\/wp-content\/uploads\/2022\/10\/College.png","contentUrl":"https:\/\/fcpe-college-sabineweiss.le-pic.org\/wp-content\/uploads\/2022\/10\/College.png","width":500,"height":500,"caption":"FCPE Coll\u00e8ge Sabine Weiss Toulouse"},"image":{"@id":"https:\/\/fcpe-college-sabineweiss.le-pic.org\/#\/schema\/logo\/image\/"},"sameAs":["https:\/\/www.facebook.com\/groups\/collegeguilhermy"]}]}},"_links":{"self":[{"href":"https:\/\/fcpe-college-sabineweiss.le-pic.org\/index.php\/wp-json\/wp\/v2\/pages\/169","targetHints":{"allow":["GET"]}}],"collection":[{"href":"https:\/\/fcpe-college-sabineweiss.le-pic.org\/index.php\/wp-json\/wp\/v2\/pages"}],"about":[{"href":"https:\/\/fcpe-college-sabineweiss.le-pic.org\/index.php\/wp-json\/wp\/v2\/types\/page"}],"author":[{"embeddable":true,"href":"https:\/\/fcpe-college-sabineweiss.le-pic.org\/index.php\/wp-json\/wp\/v2\/users\/2"}],"replies":[{"embeddable":true,"href":"https:\/\/fcpe-college-sabineweiss.le-pic.org\/index.php\/wp-json\/wp\/v2\/comments?post=169"}],"version-history":[{"count":0,"href":"https:\/\/fcpe-college-sabineweiss.le-pic.org\/index.php\/wp-json\/wp\/v2\/pages\/169\/revisions"}],"wp:attachment":[{"href":"https:\/\/fcpe-college-sabineweiss.le-pic.org\/index.php\/wp-json\/wp\/v2\/media?parent=169"}],"curies":[{"name":"wp","href":"https:\/\/api.w.org\/{rel}","templated":true}]}}