{"id":149,"date":"2022-09-14T10:24:21","date_gmt":"2022-09-14T08:24:21","guid":{"rendered":"https:\/\/collegeguilhermy.wordpress.com\/?page_id=149"},"modified":"2023-09-22T14:53:48","modified_gmt":"2023-09-22T12:53:48","slug":"lequipe-fcpe","status":"publish","type":"page","link":"https:\/\/fcpe-college-sabineweiss.le-pic.org\/index.php\/lequipe-fcpe\/","title":{"rendered":"L&rsquo;\u00e9quipe FCPE"},"content":{"rendered":"\n<p>Constitution du bureau 2023-2024<\/p>\n\n\n\n<div class=\"wp-block-media-text alignfull is-stacked-on-mobile\" style=\"grid-template-columns:44% auto\"><figure class=\"wp-block-media-text__media\"><img loading=\"lazy\" decoding=\"async\" width=\"500\" height=\"500\" src=\"https:\/\/fcpe-college-sabineweiss.le-pic.org\/wp-content\/uploads\/2022\/10\/College.png\" alt=\"\" class=\"wp-image-652 size-full\" srcset=\"https:\/\/fcpe-college-sabineweiss.le-pic.org\/wp-content\/uploads\/2022\/10\/College.png 500w, https:\/\/fcpe-college-sabineweiss.le-pic.org\/wp-content\/uploads\/2022\/10\/College-300x300.png 300w, https:\/\/fcpe-college-sabineweiss.le-pic.org\/wp-content\/uploads\/2022\/10\/College-150x150.png 150w\" sizes=\"auto, (max-width: 500px) 100vw, 500px\" \/><\/figure><div class=\"wp-block-media-text__content\">\n<div class=\"wp-block-group\" style=\"padding-left:1vw\"><div class=\"wp-block-group__inner-container is-layout-flow wp-block-group-is-layout-flow\">\n<p class=\"has-text-color has-small-font-size\" style=\"color:#967e7e\"><strong>Les membres du bureau \u00e9lus lors de l&rsquo;Assembl\u00e9e G\u00e9n\u00e9rale :<\/strong><\/p>\n\n\n\n<ul class=\"wp-block-list\">\n<li>Pr\u00e9sidente : Vassilia VIGNERON<\/li>\n\n\n\n<li>Secr\u00e9taire : Jo\u00eblle LITIQUE<\/li>\n\n\n\n<li>Tr\u00e9sorier : Matthieu VEROVE<\/li>\n<\/ul>\n<\/div><\/div>\n<\/div><\/div>\n\n\n\n<p class=\"has-text-align-center has-text-color has-small-font-size\" style=\"color:#967e7e\"><strong>Les membres du Conseil d&rsquo;administration \u00e9galement \u00e9lus en 2022-2023 <\/strong><\/p>\n\n\n\n<p class=\"has-text-align-center has-text-color has-small-font-size\" style=\"color:#967e7e\"><strong>et jusqu&rsquo;aux \u00e9lections du 13\/10\/2023 :<\/strong><\/p>\n\n\n\n<ul class=\"wp-block-list\">\n<li>Catherine DELLA LIBERA<\/li>\n\n\n\n<li>Vassilia VIGNERON<\/li>\n\n\n\n<li>Laurence AUGER<\/li>\n\n\n\n<li>H\u00e9l\u00e8ne PAIN<\/li>\n\n\n\n<li>Matthieu VEROVE<\/li>\n\n\n\n<li>Aurore CONSTANT<\/li>\n\n\n\n<li>Amel FAYACHE<\/li>\n\n\n\n<li>Martine LACOSTE-SERIS<\/li>\n\n\n\n<li>Sophie GIRARD<\/li>\n\n\n\n<li>Joelle LITIQUE<\/li>\n\n\n\n<li>St\u00e9phanie BLADANET<\/li>\n\n\n\n<li>B\u00e9atrice BLANC<\/li>\n<\/ul>\n\n\n\n<figure class=\"wp-block-image size-large\"><img loading=\"lazy\" decoding=\"async\" width=\"724\" height=\"1024\" src=\"https:\/\/fcpe-college-sabineweiss.le-pic.org\/wp-content\/uploads\/2022\/11\/2BE4960A-67A9-496F-BF74-6721755FB902-724x1024.png\" alt=\"\" class=\"wp-image-858\" srcset=\"https:\/\/fcpe-college-sabineweiss.le-pic.org\/wp-content\/uploads\/2022\/11\/2BE4960A-67A9-496F-BF74-6721755FB902-724x1024.png 724w, https:\/\/fcpe-college-sabineweiss.le-pic.org\/wp-content\/uploads\/2022\/11\/2BE4960A-67A9-496F-BF74-6721755FB902-212x300.png 212w, https:\/\/fcpe-college-sabineweiss.le-pic.org\/wp-content\/uploads\/2022\/11\/2BE4960A-67A9-496F-BF74-6721755FB902-768x1086.png 768w, https:\/\/fcpe-college-sabineweiss.le-pic.org\/wp-content\/uploads\/2022\/11\/2BE4960A-67A9-496F-BF74-6721755FB902-1086x1536.png 1086w, https:\/\/fcpe-college-sabineweiss.le-pic.org\/wp-content\/uploads\/2022\/11\/2BE4960A-67A9-496F-BF74-6721755FB902-1448x2048.png 1448w, https:\/\/fcpe-college-sabineweiss.le-pic.org\/wp-content\/uploads\/2022\/11\/2BE4960A-67A9-496F-BF74-6721755FB902-624x883.png 624w, https:\/\/fcpe-college-sabineweiss.le-pic.org\/wp-content\/uploads\/2022\/11\/2BE4960A-67A9-496F-BF74-6721755FB902.png 1587w\" sizes=\"auto, (max-width: 724px) 100vw, 724px\" \/><\/figure>\n","protected":false},"excerpt":{"rendered":"<p>Constitution du bureau 2023-2024 Les membres du Conseil d&rsquo;administration \u00e9galement \u00e9lus en 2022-2023 et jusqu&rsquo;aux \u00e9lections du 13\/10\/2023 :<\/p>\n","protected":false},"author":2,"featured_media":0,"parent":0,"menu_order":0,"comment_status":"closed","ping_status":"closed","template":"","meta":{"footnotes":""},"class_list":["post-149","page","type-page","status-publish","hentry"],"yoast_head":"<!-- This site is optimized with the Yoast SEO plugin v27.6 - https:\/\/yoast.com\/product\/yoast-seo-wordpress\/ -->\n<title>L&#039;\u00e9quipe FCPE - FCPE Coll\u00e8ge Sabine Weiss Toulouse<\/title>\n<meta name=\"robots\" content=\"index, follow, max-snippet:-1, max-image-preview:large, max-video-preview:-1\" \/>\n<link rel=\"canonical\" href=\"https:\/\/fcpe-college-sabineweiss.le-pic.org\/index.php\/lequipe-fcpe\/\" \/>\n<meta property=\"og:locale\" content=\"fr_FR\" \/>\n<meta property=\"og:type\" content=\"article\" \/>\n<meta property=\"og:title\" content=\"L&#039;\u00e9quipe FCPE - FCPE Coll\u00e8ge Sabine Weiss Toulouse\" \/>\n<meta property=\"og:description\" content=\"Constitution du bureau 2023-2024 Les membres du Conseil d&rsquo;administration \u00e9galement \u00e9lus en 2022-2023 et jusqu&rsquo;aux \u00e9lections du 13\/10\/2023 :\" \/>\n<meta property=\"og:url\" content=\"https:\/\/fcpe-college-sabineweiss.le-pic.org\/index.php\/lequipe-fcpe\/\" \/>\n<meta property=\"og:site_name\" content=\"FCPE Coll\u00e8ge Sabine Weiss Toulouse\" \/>\n<meta property=\"article:publisher\" content=\"https:\/\/www.facebook.com\/groups\/collegeguilhermy\" \/>\n<meta property=\"article:modified_time\" content=\"2023-09-22T12:53:48+00:00\" \/>\n<meta property=\"og:image\" content=\"https:\/\/fcpe-college-sabineweiss.le-pic.org\/wp-content\/uploads\/2022\/10\/College.png\" \/>\n<meta name=\"twitter:card\" content=\"summary_large_image\" \/>\n<meta name=\"twitter:label1\" content=\"Dur\u00e9e de lecture estim\u00e9e\" \/>\n\t<meta name=\"twitter:data1\" content=\"1 minute\" \/>\n<script type=\"application\/ld+json\" class=\"yoast-schema-graph\">{\"@context\":\"https:\\\/\\\/schema.org\",\"@graph\":[{\"@type\":\"WebPage\",\"@id\":\"https:\\\/\\\/fcpe-college-sabineweiss.le-pic.org\\\/index.php\\\/lequipe-fcpe\\\/\",\"url\":\"https:\\\/\\\/fcpe-college-sabineweiss.le-pic.org\\\/index.php\\\/lequipe-fcpe\\\/\",\"name\":\"L'\u00e9quipe FCPE - FCPE Coll\u00e8ge Sabine Weiss Toulouse\",\"isPartOf\":{\"@id\":\"https:\\\/\\\/fcpe-college-sabineweiss.le-pic.org\\\/#website\"},\"primaryImageOfPage\":{\"@id\":\"https:\\\/\\\/fcpe-college-sabineweiss.le-pic.org\\\/index.php\\\/lequipe-fcpe\\\/#primaryimage\"},\"image\":{\"@id\":\"https:\\\/\\\/fcpe-college-sabineweiss.le-pic.org\\\/index.php\\\/lequipe-fcpe\\\/#primaryimage\"},\"thumbnailUrl\":\"https:\\\/\\\/fcpe-college-sabineweiss.le-pic.org\\\/wp-content\\\/uploads\\\/2022\\\/10\\\/College.png\",\"datePublished\":\"2022-09-14T08:24:21+00:00\",\"dateModified\":\"2023-09-22T12:53:48+00:00\",\"breadcrumb\":{\"@id\":\"https:\\\/\\\/fcpe-college-sabineweiss.le-pic.org\\\/index.php\\\/lequipe-fcpe\\\/#breadcrumb\"},\"inLanguage\":\"fr-FR\",\"potentialAction\":[{\"@type\":\"ReadAction\",\"target\":[\"https:\\\/\\\/fcpe-college-sabineweiss.le-pic.org\\\/index.php\\\/lequipe-fcpe\\\/\"]}]},{\"@type\":\"ImageObject\",\"inLanguage\":\"fr-FR\",\"@id\":\"https:\\\/\\\/fcpe-college-sabineweiss.le-pic.org\\\/index.php\\\/lequipe-fcpe\\\/#primaryimage\",\"url\":\"https:\\\/\\\/fcpe-college-sabineweiss.le-pic.org\\\/wp-content\\\/uploads\\\/2022\\\/10\\\/College.png\",\"contentUrl\":\"https:\\\/\\\/fcpe-college-sabineweiss.le-pic.org\\\/wp-content\\\/uploads\\\/2022\\\/10\\\/College.png\",\"width\":500,\"height\":500},{\"@type\":\"BreadcrumbList\",\"@id\":\"https:\\\/\\\/fcpe-college-sabineweiss.le-pic.org\\\/index.php\\\/lequipe-fcpe\\\/#breadcrumb\",\"itemListElement\":[{\"@type\":\"ListItem\",\"position\":1,\"name\":\"Accueil\",\"item\":\"https:\\\/\\\/fcpe-college-sabineweiss.le-pic.org\\\/\"},{\"@type\":\"ListItem\",\"position\":2,\"name\":\"L&rsquo;\u00e9quipe FCPE\"}]},{\"@type\":\"WebSite\",\"@id\":\"https:\\\/\\\/fcpe-college-sabineweiss.le-pic.org\\\/#website\",\"url\":\"https:\\\/\\\/fcpe-college-sabineweiss.le-pic.org\\\/\",\"name\":\"FCPE Coll\u00e8ge Sabine Weiss Toulouse\",\"description\":\"Agir, informer et repr\u00e9senter les parents d&#039;\u00e9l\u00e8ves du coll\u00e8ge Sabine Weiss de Toulouse (ex-Guilhermy)\",\"publisher\":{\"@id\":\"https:\\\/\\\/fcpe-college-sabineweiss.le-pic.org\\\/#organization\"},\"potentialAction\":[{\"@type\":\"SearchAction\",\"target\":{\"@type\":\"EntryPoint\",\"urlTemplate\":\"https:\\\/\\\/fcpe-college-sabineweiss.le-pic.org\\\/?s={search_term_string}\"},\"query-input\":{\"@type\":\"PropertyValueSpecification\",\"valueRequired\":true,\"valueName\":\"search_term_string\"}}],\"inLanguage\":\"fr-FR\"},{\"@type\":\"Organization\",\"@id\":\"https:\\\/\\\/fcpe-college-sabineweiss.le-pic.org\\\/#organization\",\"name\":\"FCPE Coll\u00e8ge Sabine Weiss Toulouse\",\"url\":\"https:\\\/\\\/fcpe-college-sabineweiss.le-pic.org\\\/\",\"logo\":{\"@type\":\"ImageObject\",\"inLanguage\":\"fr-FR\",\"@id\":\"https:\\\/\\\/fcpe-college-sabineweiss.le-pic.org\\\/#\\\/schema\\\/logo\\\/image\\\/\",\"url\":\"https:\\\/\\\/fcpe-college-sabineweiss.le-pic.org\\\/wp-content\\\/uploads\\\/2022\\\/10\\\/College.png\",\"contentUrl\":\"https:\\\/\\\/fcpe-college-sabineweiss.le-pic.org\\\/wp-content\\\/uploads\\\/2022\\\/10\\\/College.png\",\"width\":500,\"height\":500,\"caption\":\"FCPE Coll\u00e8ge Sabine Weiss Toulouse\"},\"image\":{\"@id\":\"https:\\\/\\\/fcpe-college-sabineweiss.le-pic.org\\\/#\\\/schema\\\/logo\\\/image\\\/\"},\"sameAs\":[\"https:\\\/\\\/www.facebook.com\\\/groups\\\/collegeguilhermy\"]}]}<\/script>\n<!-- \/ Yoast SEO plugin. -->","yoast_head_json":{"title":"L'\u00e9quipe FCPE - FCPE Coll\u00e8ge Sabine Weiss Toulouse","robots":{"index":"index","follow":"follow","max-snippet":"max-snippet:-1","max-image-preview":"max-image-preview:large","max-video-preview":"max-video-preview:-1"},"canonical":"https:\/\/fcpe-college-sabineweiss.le-pic.org\/index.php\/lequipe-fcpe\/","og_locale":"fr_FR","og_type":"article","og_title":"L'\u00e9quipe FCPE - FCPE Coll\u00e8ge Sabine Weiss Toulouse","og_description":"Constitution du bureau 2023-2024 Les membres du Conseil d&rsquo;administration \u00e9galement \u00e9lus en 2022-2023 et jusqu&rsquo;aux \u00e9lections du 13\/10\/2023 :","og_url":"https:\/\/fcpe-college-sabineweiss.le-pic.org\/index.php\/lequipe-fcpe\/","og_site_name":"FCPE Coll\u00e8ge Sabine Weiss Toulouse","article_publisher":"https:\/\/www.facebook.com\/groups\/collegeguilhermy","article_modified_time":"2023-09-22T12:53:48+00:00","og_image":[{"url":"https:\/\/fcpe-college-sabineweiss.le-pic.org\/wp-content\/uploads\/2022\/10\/College.png","type":"","width":"","height":""}],"twitter_card":"summary_large_image","twitter_misc":{"Dur\u00e9e de lecture estim\u00e9e":"1 minute"},"schema":{"@context":"https:\/\/schema.org","@graph":[{"@type":"WebPage","@id":"https:\/\/fcpe-college-sabineweiss.le-pic.org\/index.php\/lequipe-fcpe\/","url":"https:\/\/fcpe-college-sabineweiss.le-pic.org\/index.php\/lequipe-fcpe\/","name":"L'\u00e9quipe FCPE - FCPE Coll\u00e8ge Sabine Weiss Toulouse","isPartOf":{"@id":"https:\/\/fcpe-college-sabineweiss.le-pic.org\/#website"},"primaryImageOfPage":{"@id":"https:\/\/fcpe-college-sabineweiss.le-pic.org\/index.php\/lequipe-fcpe\/#primaryimage"},"image":{"@id":"https:\/\/fcpe-college-sabineweiss.le-pic.org\/index.php\/lequipe-fcpe\/#primaryimage"},"thumbnailUrl":"https:\/\/fcpe-college-sabineweiss.le-pic.org\/wp-content\/uploads\/2022\/10\/College.png","datePublished":"2022-09-14T08:24:21+00:00","dateModified":"2023-09-22T12:53:48+00:00","breadcrumb":{"@id":"https:\/\/fcpe-college-sabineweiss.le-pic.org\/index.php\/lequipe-fcpe\/#breadcrumb"},"inLanguage":"fr-FR","potentialAction":[{"@type":"ReadAction","target":["https:\/\/fcpe-college-sabineweiss.le-pic.org\/index.php\/lequipe-fcpe\/"]}]},{"@type":"ImageObject","inLanguage":"fr-FR","@id":"https:\/\/fcpe-college-sabineweiss.le-pic.org\/index.php\/lequipe-fcpe\/#primaryimage","url":"https:\/\/fcpe-college-sabineweiss.le-pic.org\/wp-content\/uploads\/2022\/10\/College.png","contentUrl":"https:\/\/fcpe-college-sabineweiss.le-pic.org\/wp-content\/uploads\/2022\/10\/College.png","width":500,"height":500},{"@type":"BreadcrumbList","@id":"https:\/\/fcpe-college-sabineweiss.le-pic.org\/index.php\/lequipe-fcpe\/#breadcrumb","itemListElement":[{"@type":"ListItem","position":1,"name":"Accueil","item":"https:\/\/fcpe-college-sabineweiss.le-pic.org\/"},{"@type":"ListItem","position":2,"name":"L&rsquo;\u00e9quipe FCPE"}]},{"@type":"WebSite","@id":"https:\/\/fcpe-college-sabineweiss.le-pic.org\/#website","url":"https:\/\/fcpe-college-sabineweiss.le-pic.org\/","name":"FCPE Coll\u00e8ge Sabine Weiss Toulouse","description":"Agir, informer et repr\u00e9senter les parents d&#039;\u00e9l\u00e8ves du coll\u00e8ge Sabine Weiss de Toulouse (ex-Guilhermy)","publisher":{"@id":"https:\/\/fcpe-college-sabineweiss.le-pic.org\/#organization"},"potentialAction":[{"@type":"SearchAction","target":{"@type":"EntryPoint","urlTemplate":"https:\/\/fcpe-college-sabineweiss.le-pic.org\/?s={search_term_string}"},"query-input":{"@type":"PropertyValueSpecification","valueRequired":true,"valueName":"search_term_string"}}],"inLanguage":"fr-FR"},{"@type":"Organization","@id":"https:\/\/fcpe-college-sabineweiss.le-pic.org\/#organization","name":"FCPE Coll\u00e8ge Sabine Weiss Toulouse","url":"https:\/\/fcpe-college-sabineweiss.le-pic.org\/","logo":{"@type":"ImageObject","inLanguage":"fr-FR","@id":"https:\/\/fcpe-college-sabineweiss.le-pic.org\/#\/schema\/logo\/image\/","url":"https:\/\/fcpe-college-sabineweiss.le-pic.org\/wp-content\/uploads\/2022\/10\/College.png","contentUrl":"https:\/\/fcpe-college-sabineweiss.le-pic.org\/wp-content\/uploads\/2022\/10\/College.png","width":500,"height":500,"caption":"FCPE Coll\u00e8ge Sabine Weiss Toulouse"},"image":{"@id":"https:\/\/fcpe-college-sabineweiss.le-pic.org\/#\/schema\/logo\/image\/"},"sameAs":["https:\/\/www.facebook.com\/groups\/collegeguilhermy"]}]}},"_links":{"self":[{"href":"https:\/\/fcpe-college-sabineweiss.le-pic.org\/index.php\/wp-json\/wp\/v2\/pages\/149","targetHints":{"allow":["GET"]}}],"collection":[{"href":"https:\/\/fcpe-college-sabineweiss.le-pic.org\/index.php\/wp-json\/wp\/v2\/pages"}],"about":[{"href":"https:\/\/fcpe-college-sabineweiss.le-pic.org\/index.php\/wp-json\/wp\/v2\/types\/page"}],"author":[{"embeddable":true,"href":"https:\/\/fcpe-college-sabineweiss.le-pic.org\/index.php\/wp-json\/wp\/v2\/users\/2"}],"replies":[{"embeddable":true,"href":"https:\/\/fcpe-college-sabineweiss.le-pic.org\/index.php\/wp-json\/wp\/v2\/comments?post=149"}],"version-history":[{"count":10,"href":"https:\/\/fcpe-college-sabineweiss.le-pic.org\/index.php\/wp-json\/wp\/v2\/pages\/149\/revisions"}],"predecessor-version":[{"id":1078,"href":"https:\/\/fcpe-college-sabineweiss.le-pic.org\/index.php\/wp-json\/wp\/v2\/pages\/149\/revisions\/1078"}],"wp:attachment":[{"href":"https:\/\/fcpe-college-sabineweiss.le-pic.org\/index.php\/wp-json\/wp\/v2\/media?parent=149"}],"curies":[{"name":"wp","href":"https:\/\/api.w.org\/{rel}","templated":true}]}}