{"id":148,"date":"2022-09-14T10:23:17","date_gmt":"2022-09-14T08:23:17","guid":{"rendered":"https:\/\/collegeguilhermy.wordpress.com\/?page_id=148"},"modified":"2022-10-21T12:13:20","modified_gmt":"2022-10-21T10:13:20","slug":"pourquoi-rejoindre-la-fcpe","status":"publish","type":"page","link":"https:\/\/fcpe-college-sabineweiss.le-pic.org\/index.php\/pourquoi-rejoindre-la-fcpe\/","title":{"rendered":"Pourquoi rejoindre la FCPE ?"},"content":{"rendered":"\n<figure class=\"wp-block-image size-large\"><img loading=\"lazy\" decoding=\"async\" width=\"1650\" height=\"1282\" src=\"https:\/\/fcpe-guilhermy-st1.le-pic.org\/wp-content\/uploads\/2022\/10\/image.jpg?w=1024\" alt=\"\" class=\"wp-image-313\" srcset=\"https:\/\/fcpe-college-sabineweiss.le-pic.org\/wp-content\/uploads\/2022\/10\/image.jpg 1650w, https:\/\/fcpe-college-sabineweiss.le-pic.org\/wp-content\/uploads\/2022\/10\/image-300x233.jpg 300w, https:\/\/fcpe-college-sabineweiss.le-pic.org\/wp-content\/uploads\/2022\/10\/image-1024x796.jpg 1024w, https:\/\/fcpe-college-sabineweiss.le-pic.org\/wp-content\/uploads\/2022\/10\/image-768x597.jpg 768w, https:\/\/fcpe-college-sabineweiss.le-pic.org\/wp-content\/uploads\/2022\/10\/image-1536x1193.jpg 1536w\" sizes=\"auto, (max-width: 1650px) 100vw, 1650px\" \/><\/figure>\n\n\n\n<p>L\u2019adh\u00e9sion \u00e0 l\u2019ann\u00e9e est de 15 euros dont 3,20 \u20ac pour le conseil local, 1 adh\u00e9sion par parent peu importe le nombre d&rsquo;enfants (ex : si vous avez un enfant au lyc\u00e9e, un au coll\u00e8ge et un en maternelle, c&rsquo;est une seule adh\u00e9sion par parent).<\/p>\n\n\n\n<p>Pour participer au CA, il faut \u00eatre adh\u00e9rent et \u00e9lus.<\/p>\n\n\n\n<p>Pour participer aux conseils de classe, il faut \u00eatre adh\u00e9rent et se faire connaitre aupr\u00e8s du bureau.<\/p>\n\n\n\n<p>Le fait d\u2019\u00eatre adh\u00e9rents FCPE permet de b\u00e9n\u00e9ficier de formations gratuites pour approfondir nos connaissances.<\/p>\n\n\n\n<div data-wp-interactive=\"core\/file\" class=\"wp-block-file\"><object data-wp-bind--hidden=\"!state.hasPdfPreview\" hidden class=\"wp-block-file__embed\" data=\"https:\/\/fcpe-college-sabineweiss.le-pic.org\/wp-content\/uploads\/2022\/10\/fcpe_2_college_154x202mm-hd-1.pdf\" type=\"application\/pdf\" style=\"width:100%;height:600px\" aria-label=\"Contenu embarqu\u00e9 Contenu embarqu\u00e9 fcpe_2_college_154x202mm-hd-1..\"><\/object><a id=\"wp-block-file--media-ff1abc10-e627-4d93-b590-b7ba120f07c9\" href=\"https:\/\/fcpe-college-sabineweiss.le-pic.org\/wp-content\/uploads\/2022\/10\/fcpe_2_college_154x202mm-hd-1.pdf\">fcpe_2_college_154x202mm-hd-1<\/a><a href=\"https:\/\/fcpe-college-sabineweiss.le-pic.org\/wp-content\/uploads\/2022\/10\/fcpe_2_college_154x202mm-hd-1.pdf\" class=\"wp-block-file__button\" download aria-describedby=\"wp-block-file--media-ff1abc10-e627-4d93-b590-b7ba120f07c9\">T\u00e9l\u00e9charger<\/a><\/div>\n\n\n\n<p><\/p>\n\n\n\n<p>Pour adh\u00e9rer \u00e0 la FCPE, voici le lien ci-dessous : <\/p>\n\n\n\n<p><a href=\"https:\/\/www.fcpe.asso.fr\/pourquoi-adherer\" target=\"_blank\" rel=\"noreferrer noopener\">https:\/\/www.fcpe.asso.fr\/pourquoi-adherer<\/a><\/p>\n","protected":false},"excerpt":{"rendered":"<p>L\u2019adh\u00e9sion \u00e0 l\u2019ann\u00e9e est de 15 euros dont 3,20 \u20ac pour le conseil local, 1 adh\u00e9sion par parent peu importe le nombre d&rsquo;enfants (ex : si vous avez un enfant au lyc\u00e9e, un au coll\u00e8ge et un en maternelle, c&rsquo;est une seule adh\u00e9sion par parent). Pour participer au CA, il faut \u00eatre adh\u00e9rent et \u00e9lus. [&hellip;]<\/p>\n","protected":false},"author":2,"featured_media":0,"parent":0,"menu_order":0,"comment_status":"closed","ping_status":"closed","template":"","meta":{"footnotes":""},"class_list":["post-148","page","type-page","status-publish","hentry"],"yoast_head":"<!-- This site is optimized with the Yoast SEO plugin v27.3 - https:\/\/yoast.com\/product\/yoast-seo-wordpress\/ -->\n<title>Pourquoi rejoindre la FCPE ? - FCPE Coll\u00e8ge Sabine Weiss Toulouse<\/title>\n<meta name=\"robots\" content=\"index, follow, max-snippet:-1, max-image-preview:large, max-video-preview:-1\" \/>\n<link rel=\"canonical\" href=\"https:\/\/fcpe-college-sabineweiss.le-pic.org\/index.php\/pourquoi-rejoindre-la-fcpe\/\" \/>\n<meta property=\"og:locale\" content=\"fr_FR\" \/>\n<meta property=\"og:type\" content=\"article\" \/>\n<meta property=\"og:title\" content=\"Pourquoi rejoindre la FCPE ? - FCPE Coll\u00e8ge Sabine Weiss Toulouse\" \/>\n<meta property=\"og:description\" content=\"L\u2019adh\u00e9sion \u00e0 l\u2019ann\u00e9e est de 15 euros dont 3,20 \u20ac pour le conseil local, 1 adh\u00e9sion par parent peu importe le nombre d&rsquo;enfants (ex : si vous avez un enfant au lyc\u00e9e, un au coll\u00e8ge et un en maternelle, c&rsquo;est une seule adh\u00e9sion par parent). Pour participer au CA, il faut \u00eatre adh\u00e9rent et \u00e9lus. [&hellip;]\" \/>\n<meta property=\"og:url\" content=\"https:\/\/fcpe-college-sabineweiss.le-pic.org\/index.php\/pourquoi-rejoindre-la-fcpe\/\" \/>\n<meta property=\"og:site_name\" content=\"FCPE Coll\u00e8ge Sabine Weiss Toulouse\" \/>\n<meta property=\"article:publisher\" content=\"https:\/\/www.facebook.com\/groups\/collegeguilhermy\" \/>\n<meta property=\"article:modified_time\" content=\"2022-10-21T10:13:20+00:00\" \/>\n<meta property=\"og:image\" content=\"https:\/\/fcpe-guilhermy-st1.le-pic.org\/wp-content\/uploads\/2022\/10\/image.jpg?w=1024\" \/>\n<meta name=\"twitter:card\" content=\"summary_large_image\" \/>\n<meta name=\"twitter:label1\" content=\"Dur\u00e9e de lecture estim\u00e9e\" \/>\n\t<meta name=\"twitter:data1\" content=\"1 minute\" \/>\n<script type=\"application\/ld+json\" class=\"yoast-schema-graph\">{\"@context\":\"https:\\\/\\\/schema.org\",\"@graph\":[{\"@type\":\"WebPage\",\"@id\":\"https:\\\/\\\/fcpe-college-sabineweiss.le-pic.org\\\/index.php\\\/pourquoi-rejoindre-la-fcpe\\\/\",\"url\":\"https:\\\/\\\/fcpe-college-sabineweiss.le-pic.org\\\/index.php\\\/pourquoi-rejoindre-la-fcpe\\\/\",\"name\":\"Pourquoi rejoindre la FCPE ? - FCPE Coll\u00e8ge Sabine Weiss Toulouse\",\"isPartOf\":{\"@id\":\"https:\\\/\\\/fcpe-college-sabineweiss.le-pic.org\\\/#website\"},\"primaryImageOfPage\":{\"@id\":\"https:\\\/\\\/fcpe-college-sabineweiss.le-pic.org\\\/index.php\\\/pourquoi-rejoindre-la-fcpe\\\/#primaryimage\"},\"image\":{\"@id\":\"https:\\\/\\\/fcpe-college-sabineweiss.le-pic.org\\\/index.php\\\/pourquoi-rejoindre-la-fcpe\\\/#primaryimage\"},\"thumbnailUrl\":\"https:\\\/\\\/fcpe-guilhermy-st1.le-pic.org\\\/wp-content\\\/uploads\\\/2022\\\/10\\\/image.jpg?w=1024\",\"datePublished\":\"2022-09-14T08:23:17+00:00\",\"dateModified\":\"2022-10-21T10:13:20+00:00\",\"breadcrumb\":{\"@id\":\"https:\\\/\\\/fcpe-college-sabineweiss.le-pic.org\\\/index.php\\\/pourquoi-rejoindre-la-fcpe\\\/#breadcrumb\"},\"inLanguage\":\"fr-FR\",\"potentialAction\":[{\"@type\":\"ReadAction\",\"target\":[\"https:\\\/\\\/fcpe-college-sabineweiss.le-pic.org\\\/index.php\\\/pourquoi-rejoindre-la-fcpe\\\/\"]}]},{\"@type\":\"ImageObject\",\"inLanguage\":\"fr-FR\",\"@id\":\"https:\\\/\\\/fcpe-college-sabineweiss.le-pic.org\\\/index.php\\\/pourquoi-rejoindre-la-fcpe\\\/#primaryimage\",\"url\":\"https:\\\/\\\/fcpe-guilhermy-st1.le-pic.org\\\/wp-content\\\/uploads\\\/2022\\\/10\\\/image.jpg?w=1024\",\"contentUrl\":\"https:\\\/\\\/fcpe-guilhermy-st1.le-pic.org\\\/wp-content\\\/uploads\\\/2022\\\/10\\\/image.jpg?w=1024\"},{\"@type\":\"BreadcrumbList\",\"@id\":\"https:\\\/\\\/fcpe-college-sabineweiss.le-pic.org\\\/index.php\\\/pourquoi-rejoindre-la-fcpe\\\/#breadcrumb\",\"itemListElement\":[{\"@type\":\"ListItem\",\"position\":1,\"name\":\"Accueil\",\"item\":\"https:\\\/\\\/fcpe-college-sabineweiss.le-pic.org\\\/\"},{\"@type\":\"ListItem\",\"position\":2,\"name\":\"Pourquoi rejoindre la FCPE ?\"}]},{\"@type\":\"WebSite\",\"@id\":\"https:\\\/\\\/fcpe-college-sabineweiss.le-pic.org\\\/#website\",\"url\":\"https:\\\/\\\/fcpe-college-sabineweiss.le-pic.org\\\/\",\"name\":\"FCPE Coll\u00e8ge Sabine Weiss Toulouse\",\"description\":\"Agir, informer et repr\u00e9senter les parents d&#039;\u00e9l\u00e8ves du coll\u00e8ge Sabine Weiss de Toulouse (ex-Guilhermy)\",\"publisher\":{\"@id\":\"https:\\\/\\\/fcpe-college-sabineweiss.le-pic.org\\\/#organization\"},\"potentialAction\":[{\"@type\":\"SearchAction\",\"target\":{\"@type\":\"EntryPoint\",\"urlTemplate\":\"https:\\\/\\\/fcpe-college-sabineweiss.le-pic.org\\\/?s={search_term_string}\"},\"query-input\":{\"@type\":\"PropertyValueSpecification\",\"valueRequired\":true,\"valueName\":\"search_term_string\"}}],\"inLanguage\":\"fr-FR\"},{\"@type\":\"Organization\",\"@id\":\"https:\\\/\\\/fcpe-college-sabineweiss.le-pic.org\\\/#organization\",\"name\":\"FCPE Coll\u00e8ge Sabine Weiss Toulouse\",\"url\":\"https:\\\/\\\/fcpe-college-sabineweiss.le-pic.org\\\/\",\"logo\":{\"@type\":\"ImageObject\",\"inLanguage\":\"fr-FR\",\"@id\":\"https:\\\/\\\/fcpe-college-sabineweiss.le-pic.org\\\/#\\\/schema\\\/logo\\\/image\\\/\",\"url\":\"https:\\\/\\\/fcpe-college-sabineweiss.le-pic.org\\\/wp-content\\\/uploads\\\/2022\\\/10\\\/College.png\",\"contentUrl\":\"https:\\\/\\\/fcpe-college-sabineweiss.le-pic.org\\\/wp-content\\\/uploads\\\/2022\\\/10\\\/College.png\",\"width\":500,\"height\":500,\"caption\":\"FCPE Coll\u00e8ge Sabine Weiss Toulouse\"},\"image\":{\"@id\":\"https:\\\/\\\/fcpe-college-sabineweiss.le-pic.org\\\/#\\\/schema\\\/logo\\\/image\\\/\"},\"sameAs\":[\"https:\\\/\\\/www.facebook.com\\\/groups\\\/collegeguilhermy\"]}]}<\/script>\n<!-- \/ Yoast SEO plugin. -->","yoast_head_json":{"title":"Pourquoi rejoindre la FCPE ? - FCPE Coll\u00e8ge Sabine Weiss Toulouse","robots":{"index":"index","follow":"follow","max-snippet":"max-snippet:-1","max-image-preview":"max-image-preview:large","max-video-preview":"max-video-preview:-1"},"canonical":"https:\/\/fcpe-college-sabineweiss.le-pic.org\/index.php\/pourquoi-rejoindre-la-fcpe\/","og_locale":"fr_FR","og_type":"article","og_title":"Pourquoi rejoindre la FCPE ? - FCPE Coll\u00e8ge Sabine Weiss Toulouse","og_description":"L\u2019adh\u00e9sion \u00e0 l\u2019ann\u00e9e est de 15 euros dont 3,20 \u20ac pour le conseil local, 1 adh\u00e9sion par parent peu importe le nombre d&rsquo;enfants (ex : si vous avez un enfant au lyc\u00e9e, un au coll\u00e8ge et un en maternelle, c&rsquo;est une seule adh\u00e9sion par parent). Pour participer au CA, il faut \u00eatre adh\u00e9rent et \u00e9lus. [&hellip;]","og_url":"https:\/\/fcpe-college-sabineweiss.le-pic.org\/index.php\/pourquoi-rejoindre-la-fcpe\/","og_site_name":"FCPE Coll\u00e8ge Sabine Weiss Toulouse","article_publisher":"https:\/\/www.facebook.com\/groups\/collegeguilhermy","article_modified_time":"2022-10-21T10:13:20+00:00","og_image":[{"url":"https:\/\/fcpe-guilhermy-st1.le-pic.org\/wp-content\/uploads\/2022\/10\/image.jpg?w=1024","type":"","width":"","height":""}],"twitter_card":"summary_large_image","twitter_misc":{"Dur\u00e9e de lecture estim\u00e9e":"1 minute"},"schema":{"@context":"https:\/\/schema.org","@graph":[{"@type":"WebPage","@id":"https:\/\/fcpe-college-sabineweiss.le-pic.org\/index.php\/pourquoi-rejoindre-la-fcpe\/","url":"https:\/\/fcpe-college-sabineweiss.le-pic.org\/index.php\/pourquoi-rejoindre-la-fcpe\/","name":"Pourquoi rejoindre la FCPE ? - FCPE Coll\u00e8ge Sabine Weiss Toulouse","isPartOf":{"@id":"https:\/\/fcpe-college-sabineweiss.le-pic.org\/#website"},"primaryImageOfPage":{"@id":"https:\/\/fcpe-college-sabineweiss.le-pic.org\/index.php\/pourquoi-rejoindre-la-fcpe\/#primaryimage"},"image":{"@id":"https:\/\/fcpe-college-sabineweiss.le-pic.org\/index.php\/pourquoi-rejoindre-la-fcpe\/#primaryimage"},"thumbnailUrl":"https:\/\/fcpe-guilhermy-st1.le-pic.org\/wp-content\/uploads\/2022\/10\/image.jpg?w=1024","datePublished":"2022-09-14T08:23:17+00:00","dateModified":"2022-10-21T10:13:20+00:00","breadcrumb":{"@id":"https:\/\/fcpe-college-sabineweiss.le-pic.org\/index.php\/pourquoi-rejoindre-la-fcpe\/#breadcrumb"},"inLanguage":"fr-FR","potentialAction":[{"@type":"ReadAction","target":["https:\/\/fcpe-college-sabineweiss.le-pic.org\/index.php\/pourquoi-rejoindre-la-fcpe\/"]}]},{"@type":"ImageObject","inLanguage":"fr-FR","@id":"https:\/\/fcpe-college-sabineweiss.le-pic.org\/index.php\/pourquoi-rejoindre-la-fcpe\/#primaryimage","url":"https:\/\/fcpe-guilhermy-st1.le-pic.org\/wp-content\/uploads\/2022\/10\/image.jpg?w=1024","contentUrl":"https:\/\/fcpe-guilhermy-st1.le-pic.org\/wp-content\/uploads\/2022\/10\/image.jpg?w=1024"},{"@type":"BreadcrumbList","@id":"https:\/\/fcpe-college-sabineweiss.le-pic.org\/index.php\/pourquoi-rejoindre-la-fcpe\/#breadcrumb","itemListElement":[{"@type":"ListItem","position":1,"name":"Accueil","item":"https:\/\/fcpe-college-sabineweiss.le-pic.org\/"},{"@type":"ListItem","position":2,"name":"Pourquoi rejoindre la FCPE ?"}]},{"@type":"WebSite","@id":"https:\/\/fcpe-college-sabineweiss.le-pic.org\/#website","url":"https:\/\/fcpe-college-sabineweiss.le-pic.org\/","name":"FCPE Coll\u00e8ge Sabine Weiss Toulouse","description":"Agir, informer et repr\u00e9senter les parents d&#039;\u00e9l\u00e8ves du coll\u00e8ge Sabine Weiss de Toulouse (ex-Guilhermy)","publisher":{"@id":"https:\/\/fcpe-college-sabineweiss.le-pic.org\/#organization"},"potentialAction":[{"@type":"SearchAction","target":{"@type":"EntryPoint","urlTemplate":"https:\/\/fcpe-college-sabineweiss.le-pic.org\/?s={search_term_string}"},"query-input":{"@type":"PropertyValueSpecification","valueRequired":true,"valueName":"search_term_string"}}],"inLanguage":"fr-FR"},{"@type":"Organization","@id":"https:\/\/fcpe-college-sabineweiss.le-pic.org\/#organization","name":"FCPE Coll\u00e8ge Sabine Weiss Toulouse","url":"https:\/\/fcpe-college-sabineweiss.le-pic.org\/","logo":{"@type":"ImageObject","inLanguage":"fr-FR","@id":"https:\/\/fcpe-college-sabineweiss.le-pic.org\/#\/schema\/logo\/image\/","url":"https:\/\/fcpe-college-sabineweiss.le-pic.org\/wp-content\/uploads\/2022\/10\/College.png","contentUrl":"https:\/\/fcpe-college-sabineweiss.le-pic.org\/wp-content\/uploads\/2022\/10\/College.png","width":500,"height":500,"caption":"FCPE Coll\u00e8ge Sabine Weiss Toulouse"},"image":{"@id":"https:\/\/fcpe-college-sabineweiss.le-pic.org\/#\/schema\/logo\/image\/"},"sameAs":["https:\/\/www.facebook.com\/groups\/collegeguilhermy"]}]}},"_links":{"self":[{"href":"https:\/\/fcpe-college-sabineweiss.le-pic.org\/index.php\/wp-json\/wp\/v2\/pages\/148","targetHints":{"allow":["GET"]}}],"collection":[{"href":"https:\/\/fcpe-college-sabineweiss.le-pic.org\/index.php\/wp-json\/wp\/v2\/pages"}],"about":[{"href":"https:\/\/fcpe-college-sabineweiss.le-pic.org\/index.php\/wp-json\/wp\/v2\/types\/page"}],"author":[{"embeddable":true,"href":"https:\/\/fcpe-college-sabineweiss.le-pic.org\/index.php\/wp-json\/wp\/v2\/users\/2"}],"replies":[{"embeddable":true,"href":"https:\/\/fcpe-college-sabineweiss.le-pic.org\/index.php\/wp-json\/wp\/v2\/comments?post=148"}],"version-history":[{"count":4,"href":"https:\/\/fcpe-college-sabineweiss.le-pic.org\/index.php\/wp-json\/wp\/v2\/pages\/148\/revisions"}],"predecessor-version":[{"id":800,"href":"https:\/\/fcpe-college-sabineweiss.le-pic.org\/index.php\/wp-json\/wp\/v2\/pages\/148\/revisions\/800"}],"wp:attachment":[{"href":"https:\/\/fcpe-college-sabineweiss.le-pic.org\/index.php\/wp-json\/wp\/v2\/media?parent=148"}],"curies":[{"name":"wp","href":"https:\/\/api.w.org\/{rel}","templated":true}]}}